{"id":1123,"date":"2024-12-10T14:31:27","date_gmt":"2024-12-10T14:31:27","guid":{"rendered":"https:\/\/smart-forest-5135.standoutwp.com\/?page_id=1123"},"modified":"2025-09-10T10:52:10","modified_gmt":"2025-09-10T10:52:10","slug":"elementor-1123","status":"publish","type":"page","link":"https:\/\/studieteknik.regionkronoberg.se\/?page_id=1123","title":{"rendered":"Om oss"},"content":{"rendered":"\t\t<div data-elementor-type=\"wp-page\" data-elementor-id=\"1123\" class=\"elementor elementor-1123\" data-elementor-post-type=\"page\">\n\t\t\t\t<div class=\"elementor-element elementor-element-1df59cf5 e-flex e-con-boxed elementor-invisible e-con e-parent\" data-id=\"1df59cf5\" data-element_type=\"container\" data-e-type=\"container\" data-settings=\"{&quot;background_background&quot;:&quot;classic&quot;,&quot;animation&quot;:&quot;fadeIn&quot;}\">\n\t\t\t\t\t<div class=\"e-con-inner\">\n\t\t<div class=\"elementor-element elementor-element-6dc162e8 e-con-full e-flex e-con e-child\" data-id=\"6dc162e8\" data-element_type=\"container\" data-e-type=\"container\">\n\t\t\t\t<div class=\"elementor-element elementor-element-5dfc8939 elementor-widget elementor-widget-heading\" data-id=\"5dfc8939\" data-element_type=\"widget\" data-e-type=\"widget\" data-widget_type=\"heading.default\">\n\t\t\t\t<div class=\"elementor-widget-container\">\n\t\t\t\t\t<h2 class=\"elementor-heading-title elementor-size-default\">Om oss<\/h2>\t\t\t\t<\/div>\n\t\t\t\t<\/div>\n\t\t\t\t<\/div>\n\t\t<div class=\"elementor-element elementor-element-2d05fc1e e-con-full e-flex e-con e-child\" data-id=\"2d05fc1e\" data-element_type=\"container\" data-e-type=\"container\">\n\t\t\t\t<div class=\"elementor-element elementor-element-3d6fdeef elementor-widget elementor-widget-heading\" data-id=\"3d6fdeef\" data-element_type=\"widget\" data-e-type=\"widget\" data-widget_type=\"heading.default\">\n\t\t\t\t<div class=\"elementor-widget-container\">\n\t\t\t\t\t<h1 class=\"elementor-heading-title elementor-size-default\">Digital Studieteknik<\/h1>\t\t\t\t<\/div>\n\t\t\t\t<\/div>\n\t\t\t\t<div class=\"elementor-element elementor-element-1b6ce705 elementor-widget elementor-widget-text-editor\" data-id=\"1b6ce705\" data-element_type=\"widget\" data-e-type=\"widget\" data-widget_type=\"text-editor.default\">\n\t\t\t\t<div class=\"elementor-widget-container\">\n\t\t\t\t\t\t\t\t\t<p>Vilka \u00e4r vi?<\/p>\t\t\t\t\t\t\t\t<\/div>\n\t\t\t\t<\/div>\n\t\t\t\t<\/div>\n\t\t\t\t\t<\/div>\n\t\t\t\t<\/div>\n\t\t<div class=\"elementor-element elementor-element-ecc8378 e-flex e-con-boxed elementor-invisible e-con e-parent\" data-id=\"ecc8378\" data-element_type=\"container\" data-e-type=\"container\" data-settings=\"{&quot;animation&quot;:&quot;fadeInUp&quot;}\">\n\t\t\t\t\t<div class=\"e-con-inner\">\n\t\t<div class=\"elementor-element elementor-element-b7965ff e-con-full e-flex e-con e-child\" data-id=\"b7965ff\" data-element_type=\"container\" data-e-type=\"container\">\n\t\t\t\t<div class=\"elementor-element elementor-element-4650773a elementor-widget elementor-widget-heading\" data-id=\"4650773a\" data-element_type=\"widget\" data-e-type=\"widget\" data-widget_type=\"heading.default\">\n\t\t\t\t<div class=\"elementor-widget-container\">\n\t\t\t\t\t<h2 class=\"elementor-heading-title elementor-size-default\">Om digital studieteknik<\/h2>\t\t\t\t<\/div>\n\t\t\t\t<\/div>\n\t\t\t\t<div class=\"elementor-element elementor-element-37a13d47 elementor-widget elementor-widget-text-editor\" data-id=\"37a13d47\" data-element_type=\"widget\" data-e-type=\"widget\" data-widget_type=\"text-editor.default\">\n\t\t\t\t<div class=\"elementor-widget-container\">\n\t\t\t\t\t\t\t\t\t<p data-start=\"114\" data-end=\"348\">Denna sidan \u00e4r en resurs f\u00f6r pedagoger som vill st\u00e4rka elevers digitala studieteknik.<\/p><p data-start=\"114\" data-end=\"348\">Bakom sidan st\u00e5r <strong data-start=\"222\" data-end=\"244\">AV-Media Kronoberg som<\/strong> inspirerar, utvecklar och utbildar om digitala tj\u00e4nster och verktyg i skolan.\u00a0 <a href=\"https:\/\/avmedia.kronoberg.se\/\" target=\"_blank\" rel=\"noopener\">https:\/\/avmedia.kronoberg.se\/\u00a0<\/a><\/p><p data-start=\"350\" data-end=\"657\">H\u00e4r hittar du teori, praktiska tips, material och enkla metoder inom digital studieteknik.<\/p><p data-start=\"659\" data-end=\"788\">V\u00e5rt m\u00e5l \u00e4r att erbjuda konkreta och anv\u00e4ndbara resurser.<\/p>\t\t\t\t\t\t\t\t<\/div>\n\t\t\t\t<\/div>\n\t\t\t\t<div class=\"elementor-element elementor-element-bb45a9b elementor-widget elementor-widget-heading\" data-id=\"bb45a9b\" data-element_type=\"widget\" data-e-type=\"widget\" data-widget_type=\"heading.default\">\n\t\t\t\t<div class=\"elementor-widget-container\">\n\t\t\t\t\t<h2 class=\"elementor-heading-title elementor-size-default\">Kontakt<\/h2>\t\t\t\t<\/div>\n\t\t\t\t<\/div>\n\t\t\t\t<div class=\"elementor-element elementor-element-85dd30b elementor-widget elementor-widget-text-editor\" data-id=\"85dd30b\" data-element_type=\"widget\" data-e-type=\"widget\" data-widget_type=\"text-editor.default\">\n\t\t\t\t<div class=\"elementor-widget-container\">\n\t\t\t\t\t\t\t\t\t<p data-start=\"114\" data-end=\"348\">Camilla J\u00f6nsson <br \/><a href=\"mailto:camilla.jonsson@kronoberg.se\">camilla.jonsson@kronoberg.se<\/a><\/p>\t\t\t\t\t\t\t\t<\/div>\n\t\t\t\t<\/div>\n\t\t\t\t<\/div>\n\t\t<div class=\"elementor-element elementor-element-231d78f e-con-full e-flex e-con e-child\" data-id=\"231d78f\" data-element_type=\"container\" data-e-type=\"container\">\n\t\t\t\t<div class=\"elementor-element elementor-element-be16f48 elementor-widget elementor-widget-image\" data-id=\"be16f48\" data-element_type=\"widget\" data-e-type=\"widget\" data-widget_type=\"image.default\">\n\t\t\t\t<div class=\"elementor-widget-container\">\n\t\t\t\t\t\t\t\t\t\t\t\t\t\t\t<img decoding=\"async\" width=\"150\" height=\"150\" src=\"https:\/\/studieteknik.regionkronoberg.se\/wp-content\/uploads\/2024\/12\/hearts-red-150x150.png\" class=\"attachment-thumbnail size-thumbnail wp-image-1495\" alt=\"Illustration av tv\u00e5 r\u00f6da hj\u00e4rtan, det stora har ett leende\" srcset=\"https:\/\/studieteknik.regionkronoberg.se\/wp-content\/uploads\/2024\/12\/hearts-red-150x150.png 150w, https:\/\/studieteknik.regionkronoberg.se\/wp-content\/uploads\/2024\/12\/hearts-red-300x300.png 300w, https:\/\/studieteknik.regionkronoberg.se\/wp-content\/uploads\/2024\/12\/hearts-red.png 625w\" sizes=\"(max-width: 150px) 100vw, 150px\" \/>\t\t\t\t\t\t\t\t\t\t\t\t\t\t\t<\/div>\n\t\t\t\t<\/div>\n\t\t\t\t<\/div>\n\t\t<div class=\"elementor-element elementor-element-0dad933 e-con-full e-flex e-con e-child\" data-id=\"0dad933\" data-element_type=\"container\" data-e-type=\"container\" data-settings=\"{&quot;background_background&quot;:&quot;classic&quot;}\">\n\t\t\t\t<div class=\"elementor-element elementor-element-4dce26f elementor-widget elementor-widget-image\" data-id=\"4dce26f\" data-element_type=\"widget\" data-e-type=\"widget\" data-widget_type=\"image.default\">\n\t\t\t\t<div class=\"elementor-widget-container\">\n\t\t\t\t\t\t\t\t\t\t\t\t\t\t\t<img fetchpriority=\"high\" decoding=\"async\" width=\"800\" height=\"224\" src=\"https:\/\/studieteknik.regionkronoberg.se\/wp-content\/uploads\/2024\/11\/AVM_NY_rosa_logo_CMYK-Liggande-1-1024x287.png\" class=\"attachment-large size-large wp-image-1039\" alt=\"AV-media logotyp\" srcset=\"https:\/\/studieteknik.regionkronoberg.se\/wp-content\/uploads\/2024\/11\/AVM_NY_rosa_logo_CMYK-Liggande-1-1024x287.png 1024w, https:\/\/studieteknik.regionkronoberg.se\/wp-content\/uploads\/2024\/11\/AVM_NY_rosa_logo_CMYK-Liggande-1-300x84.png 300w, https:\/\/studieteknik.regionkronoberg.se\/wp-content\/uploads\/2024\/11\/AVM_NY_rosa_logo_CMYK-Liggande-1-768x215.png 768w, https:\/\/studieteknik.regionkronoberg.se\/wp-content\/uploads\/2024\/11\/AVM_NY_rosa_logo_CMYK-Liggande-1-1536x430.png 1536w, https:\/\/studieteknik.regionkronoberg.se\/wp-content\/uploads\/2024\/11\/AVM_NY_rosa_logo_CMYK-Liggande-1-2048x573.png 2048w\" sizes=\"(max-width: 800px) 100vw, 800px\" \/>\t\t\t\t\t\t\t\t\t\t\t\t\t\t\t<\/div>\n\t\t\t\t<\/div>\n\t\t\t\t<\/div>\n\t\t<div class=\"elementor-element elementor-element-d6f0abf e-con-full e-flex e-con e-child\" data-id=\"d6f0abf\" data-element_type=\"container\" data-e-type=\"container\" data-settings=\"{&quot;background_background&quot;:&quot;classic&quot;}\">\n\t\t\t\t<div class=\"elementor-element elementor-element-e92eb55 elementor-widget elementor-widget-heading\" data-id=\"e92eb55\" data-element_type=\"widget\" data-e-type=\"widget\" data-widget_type=\"heading.default\">\n\t\t\t\t<div class=\"elementor-widget-container\">\n\t\t\t\t\t<h2 class=\"elementor-heading-title elementor-size-default\">Syfte<\/h2>\t\t\t\t<\/div>\n\t\t\t\t<\/div>\n\t\t\t\t<div class=\"elementor-element elementor-element-d09ed06 elementor-widget elementor-widget-text-editor\" data-id=\"d09ed06\" data-element_type=\"widget\" data-e-type=\"widget\" data-widget_type=\"text-editor.default\">\n\t\t\t\t<div class=\"elementor-widget-container\">\n\t\t\t\t\t\t\t\t\t<p>V\u00e5rt syfte med sidan \u00e4r att bidra till en framg\u00e5ngsrik utbildning.<\/p><p>Alla tj\u00e4nster och verktyg som presenteras p\u00e5 sidan \u00e4r godk\u00e4nda f\u00f6r anv\u00e4ndning i skolan genom avtal och licenser.<\/p>\t\t\t\t\t\t\t\t<\/div>\n\t\t\t\t<\/div>\n\t\t\t\t<\/div>\n\t\t\t\t\t<\/div>\n\t\t\t\t<\/div>\n\t\t\t\t<\/div>\n\t\t","protected":false},"excerpt":{"rendered":"<p>Om oss Digital Studieteknik Vilka \u00e4r vi? Om digital studieteknik Denna sidan \u00e4r en resurs f\u00f6r pedagoger som vill st\u00e4rka elevers digitala studieteknik. Bakom sidan st\u00e5r AV-Media Kronoberg som inspirerar, utvecklar och utbildar om digitala tj\u00e4nster och verktyg i skolan.\u00a0 https:\/\/avmedia.kronoberg.se\/\u00a0 H\u00e4r hittar du teori, praktiska tips, material och enkla metoder inom digital studieteknik. V\u00e5rt [&hellip;]<\/p>\n","protected":false},"author":2,"featured_media":0,"parent":0,"menu_order":0,"comment_status":"closed","ping_status":"closed","template":"","meta":{"footnotes":""},"folder":[29],"class_list":["post-1123","page","type-page","status-publish","hentry"],"_links":{"self":[{"href":"https:\/\/studieteknik.regionkronoberg.se\/index.php?rest_route=\/wp\/v2\/pages\/1123","targetHints":{"allow":["GET"]}}],"collection":[{"href":"https:\/\/studieteknik.regionkronoberg.se\/index.php?rest_route=\/wp\/v2\/pages"}],"about":[{"href":"https:\/\/studieteknik.regionkronoberg.se\/index.php?rest_route=\/wp\/v2\/types\/page"}],"author":[{"embeddable":true,"href":"https:\/\/studieteknik.regionkronoberg.se\/index.php?rest_route=\/wp\/v2\/users\/2"}],"replies":[{"embeddable":true,"href":"https:\/\/studieteknik.regionkronoberg.se\/index.php?rest_route=%2Fwp%2Fv2%2Fcomments&post=1123"}],"version-history":[{"count":70,"href":"https:\/\/studieteknik.regionkronoberg.se\/index.php?rest_route=\/wp\/v2\/pages\/1123\/revisions"}],"predecessor-version":[{"id":4253,"href":"https:\/\/studieteknik.regionkronoberg.se\/index.php?rest_route=\/wp\/v2\/pages\/1123\/revisions\/4253"}],"wp:attachment":[{"href":"https:\/\/studieteknik.regionkronoberg.se\/index.php?rest_route=%2Fwp%2Fv2%2Fmedia&parent=1123"}],"wp:term":[{"taxonomy":"folder","embeddable":true,"href":"https:\/\/studieteknik.regionkronoberg.se\/index.php?rest_route=%2Fwp%2Fv2%2Ffolder&post=1123"}],"curies":[{"name":"wp","href":"https:\/\/api.w.org\/{rel}","templated":true}]}}