{"id":2182,"date":"2025-01-30T14:33:03","date_gmt":"2025-01-30T14:33:03","guid":{"rendered":"https:\/\/smart-forest-5135.standoutwp.com\/?page_id=2182"},"modified":"2026-02-17T15:20:17","modified_gmt":"2026-02-17T15:20:17","slug":"kallor","status":"publish","type":"page","link":"https:\/\/studieteknik.regionkronoberg.se\/?page_id=2182","title":{"rendered":"K\u00e4llor"},"content":{"rendered":"\t\t<div data-elementor-type=\"wp-page\" data-elementor-id=\"2182\" class=\"elementor elementor-2182\" data-elementor-post-type=\"page\">\n\t\t\t\t<div class=\"elementor-element elementor-element-5f608f07 e-flex e-con-boxed elementor-invisible e-con e-parent\" data-id=\"5f608f07\" data-element_type=\"container\" data-e-type=\"container\" data-settings=\"{&quot;background_background&quot;:&quot;classic&quot;,&quot;animation&quot;:&quot;fadeIn&quot;}\">\n\t\t\t\t\t<div class=\"e-con-inner\">\n\t\t<div class=\"elementor-element elementor-element-6c57e17e e-con-full e-flex e-con e-child\" data-id=\"6c57e17e\" data-element_type=\"container\" data-e-type=\"container\">\n\t\t\t\t<div class=\"elementor-element elementor-element-63b84c36 elementor-widget elementor-widget-heading\" data-id=\"63b84c36\" data-element_type=\"widget\" data-e-type=\"widget\" data-widget_type=\"heading.default\">\n\t\t\t\t<div class=\"elementor-widget-container\">\n\t\t\t\t\t<h2 class=\"elementor-heading-title elementor-size-default\">K\u00e4llor<\/h2>\t\t\t\t<\/div>\n\t\t\t\t<\/div>\n\t\t\t\t<\/div>\n\t\t<div class=\"elementor-element elementor-element-d712967 e-con-full e-flex e-con e-child\" data-id=\"d712967\" data-element_type=\"container\" data-e-type=\"container\">\n\t\t\t\t<div class=\"elementor-element elementor-element-7af8f8ab elementor-widget elementor-widget-heading\" data-id=\"7af8f8ab\" data-element_type=\"widget\" data-e-type=\"widget\" data-widget_type=\"heading.default\">\n\t\t\t\t<div class=\"elementor-widget-container\">\n\t\t\t\t\t<h1 class=\"elementor-heading-title elementor-size-default\">K\u00e4llor digital studieteknik<\/h1>\t\t\t\t<\/div>\n\t\t\t\t<\/div>\n\t\t\t\t<\/div>\n\t\t\t\t\t<\/div>\n\t\t\t\t<\/div>\n\t\t<div class=\"elementor-element elementor-element-103ff365 e-flex e-con-boxed elementor-invisible e-con e-parent\" data-id=\"103ff365\" data-element_type=\"container\" data-e-type=\"container\" data-settings=\"{&quot;animation&quot;:&quot;fadeInUp&quot;}\">\n\t\t\t\t\t<div class=\"e-con-inner\">\n\t\t<div class=\"elementor-element elementor-element-39e16d0f e-con-full e-flex e-con e-child\" data-id=\"39e16d0f\" data-element_type=\"container\" data-e-type=\"container\">\n\t\t\t\t<div class=\"elementor-element elementor-element-40d98e3a elementor-widget elementor-widget-heading\" data-id=\"40d98e3a\" data-element_type=\"widget\" data-e-type=\"widget\" data-widget_type=\"heading.default\">\n\t\t\t\t<div class=\"elementor-widget-container\">\n\t\t\t\t\t<h2 class=\"elementor-heading-title elementor-size-default\">K\u00e4llor<\/h2>\t\t\t\t<\/div>\n\t\t\t\t<\/div>\n\t\t\t\t<div class=\"elementor-element elementor-element-6589db02 elementor-widget elementor-widget-text-editor\" data-id=\"6589db02\" data-element_type=\"widget\" data-e-type=\"widget\" data-widget_type=\"text-editor.default\">\n\t\t\t\t<div class=\"elementor-widget-container\">\n\t\t\t\t\t\t\t\t\t<p>Vi har l\u00e4st, studerat och hittat inspiration i en m\u00e4ngd olika k\u00e4llor. Ut\u00f6ver v\u00e5r erfarenhet av att undervisa i digital studieteknik har vi h\u00e4mtat fakta och information fr\u00e5n:<\/p>\t\t\t\t\t\t\t\t<\/div>\n\t\t\t\t<\/div>\n\t\t\t\t<\/div>\n\t\t<div class=\"elementor-element elementor-element-4277a47c e-con-full e-flex e-con e-child\" data-id=\"4277a47c\" data-element_type=\"container\" data-e-type=\"container\">\n\t\t\t\t<div class=\"elementor-element elementor-element-6cc33c1c elementor-widget elementor-widget-image\" data-id=\"6cc33c1c\" data-element_type=\"widget\" data-e-type=\"widget\" data-widget_type=\"image.default\">\n\t\t\t\t<div class=\"elementor-widget-container\">\n\t\t\t\t\t\t\t\t\t\t\t\t\t\t\t<img fetchpriority=\"high\" decoding=\"async\" width=\"300\" height=\"300\" src=\"https:\/\/studieteknik.regionkronoberg.se\/wp-content\/uploads\/2024\/12\/checklistpaper-green-300x300.png\" class=\"attachment-medium size-medium wp-image-1391\" alt=\"Illustration av ett papper med en checklista\" srcset=\"https:\/\/studieteknik.regionkronoberg.se\/wp-content\/uploads\/2024\/12\/checklistpaper-green-300x300.png 300w, https:\/\/studieteknik.regionkronoberg.se\/wp-content\/uploads\/2024\/12\/checklistpaper-green-150x150.png 150w, https:\/\/studieteknik.regionkronoberg.se\/wp-content\/uploads\/2024\/12\/checklistpaper-green.png 625w\" sizes=\"(max-width: 300px) 100vw, 300px\" \/>\t\t\t\t\t\t\t\t\t\t\t\t\t\t\t<\/div>\n\t\t\t\t<\/div>\n\t\t\t\t<\/div>\n\t\t<div class=\"elementor-element elementor-element-306b8962 e-con-full e-flex e-con e-child\" data-id=\"306b8962\" data-element_type=\"container\" data-e-type=\"container\" data-settings=\"{&quot;background_background&quot;:&quot;classic&quot;}\">\n\t\t\t\t<div class=\"elementor-element elementor-element-2a874300 elementor-widget elementor-widget-image\" data-id=\"2a874300\" data-element_type=\"widget\" data-e-type=\"widget\" data-widget_type=\"image.default\">\n\t\t\t\t<div class=\"elementor-widget-container\">\n\t\t\t\t\t\t\t\t\t\t\t\t\t\t\t<img decoding=\"async\" width=\"300\" height=\"300\" src=\"https:\/\/studieteknik.regionkronoberg.se\/wp-content\/uploads\/2024\/12\/desktophomescreen-pink-300x300.png\" class=\"attachment-medium size-medium wp-image-1569\" alt=\"Illustration av en dator som visar ett organiserat skrivbord p\u00e5 sk\u00e4rmen\" srcset=\"https:\/\/studieteknik.regionkronoberg.se\/wp-content\/uploads\/2024\/12\/desktophomescreen-pink-300x300.png 300w, https:\/\/studieteknik.regionkronoberg.se\/wp-content\/uploads\/2024\/12\/desktophomescreen-pink-150x150.png 150w, https:\/\/studieteknik.regionkronoberg.se\/wp-content\/uploads\/2024\/12\/desktophomescreen-pink.png 625w\" sizes=\"(max-width: 300px) 100vw, 300px\" \/>\t\t\t\t\t\t\t\t\t\t\t\t\t\t\t<\/div>\n\t\t\t\t<\/div>\n\t\t\t\t<\/div>\n\t\t<div class=\"elementor-element elementor-element-63b6c736 e-con-full e-flex e-con e-child\" data-id=\"63b6c736\" data-element_type=\"container\" data-e-type=\"container\" data-settings=\"{&quot;background_background&quot;:&quot;classic&quot;}\">\n\t\t\t\t<div class=\"elementor-element elementor-element-2299205 elementor-widget elementor-widget-text-editor\" data-id=\"2299205\" data-element_type=\"widget\" data-e-type=\"widget\" data-widget_type=\"text-editor.default\">\n\t\t\t\t<div class=\"elementor-widget-container\">\n\t\t\t\t\t\t\t\t\t<p><a href=\"https:\/\/www.liber.se\/webshop\/product\/fullt-fokus-en-handbok-i-digital-studieteknik-9789147155439\" target=\"_blank\" rel=\"noopener\">Bok: Fullt fokus: En handbok i digital studieteknik<\/a><br \/>F\u00f6rfattare: Camilla Askeb\u00e4ck Diaz, Patricia Diaz<\/p>\t\t\t\t\t\t\t\t<\/div>\n\t\t\t\t<\/div>\n\t\t\t\t<div class=\"elementor-element elementor-element-ade302c elementor-widget elementor-widget-text-editor\" data-id=\"ade302c\" data-element_type=\"widget\" data-e-type=\"widget\" data-widget_type=\"text-editor.default\">\n\t\t\t\t<div class=\"elementor-widget-container\">\n\t\t\t\t\t\t\t\t\t<p><a href=\"https:\/\/www.google.se\/books\/edition\/Hj%C3%A4rnstark_hur_motion_och_tr%C3%A4ning_st%C3%A4\/c9bgDgAAQBAJ?hl=sv&amp;gbpv=0\" target=\"_blank\" rel=\"noopener\">Bok: Hj\u00e4rnstark: smartare, gladare, starkare<\/a><br \/>F\u00f6rfattare: Anders Hansen<\/p>\t\t\t\t\t\t\t\t<\/div>\n\t\t\t\t<\/div>\n\t\t\t\t<div class=\"elementor-element elementor-element-75bcb44 elementor-widget elementor-widget-text-editor\" data-id=\"75bcb44\" data-element_type=\"widget\" data-e-type=\"widget\" data-widget_type=\"text-editor.default\">\n\t\t\t\t<div class=\"elementor-widget-container\">\n\t\t\t\t\t\t\t\t\t<p><a href=\"https:\/\/www.google.se\/books\/edition\/Sk%C3%A4rmhj%C3%A4rnan_hur_en_hj%C3%A4rna_i_osynk_me\/E_-JDwAAQBAJ?hl=sv&amp;gbpv=0\" target=\"_blank\" rel=\"noopener\">Bok: Sk\u00e4rmhj\u00e4rnan: hur en hj\u00e4rna i osynk med sin tid kan g\u00f6ra oss stressade, deprimerade och \u00e5ngestfyllda<\/a><br \/>F\u00f6rfattare: Anders Hansen<\/p>\t\t\t\t\t\t\t\t<\/div>\n\t\t\t\t<\/div>\n\t\t\t\t<div class=\"elementor-element elementor-element-ac5a3ea elementor-widget elementor-widget-text-editor\" data-id=\"ac5a3ea\" data-element_type=\"widget\" data-e-type=\"widget\" data-widget_type=\"text-editor.default\">\n\t\t\t\t<div class=\"elementor-widget-container\">\n\t\t\t\t\t\t\t\t\t<p><a href=\"https:\/\/malmodelar.malmo.se\/resursmaterial\/anteckna-effektivare-med-cornell-metoden\/\" target=\"_blank\" rel=\"noopener\">Malm\u00f6 Delar: Cornell-metoden<\/a><br \/>Pedagog Malm\u00f6<br \/><span class=\"author\"><span class=\"name\">Annika Almers, <\/span><\/span><span class=\"author\">\u00a0<span class=\"name\">Lena Winqvist<\/span><\/span><\/p>\t\t\t\t\t\t\t\t<\/div>\n\t\t\t\t<\/div>\n\t\t\t\t<div class=\"elementor-element elementor-element-5b775a0 elementor-widget elementor-widget-text-editor\" data-id=\"5b775a0\" data-element_type=\"widget\" data-e-type=\"widget\" data-widget_type=\"text-editor.default\">\n\t\t\t\t<div class=\"elementor-widget-container\">\n\t\t\t\t\t\t\t\t\t<p><a href=\"https:\/\/shows.acast.com\/a-kursen\/episodes\/69-hur-blir-man-belast-och-begavad-a-kursen-i-studieteknik\" target=\"_blank\" rel=\"noopener\">Pod: A-kursen, Avsnitt 70 &#8211; &#8220;Hur blir man b\u00e4ttre p\u00e5 n\u00e4stan allt?&#8221; (A-kursen i studieteknik)<\/a><br \/>G\u00f6rs av: Emma Frans, Clara Wallin<\/p>\t\t\t\t\t\t\t\t<\/div>\n\t\t\t\t<\/div>\n\t\t\t\t<div class=\"elementor-element elementor-element-897f96a elementor-widget elementor-widget-text-editor\" data-id=\"897f96a\" data-element_type=\"widget\" data-e-type=\"widget\" data-widget_type=\"text-editor.default\">\n\t\t\t\t<div class=\"elementor-widget-container\">\n\t\t\t\t\t\t\t\t\t<p><a href=\"https:\/\/shows.acast.com\/a-kursen\/episodes\/manga-blir-chockade-over-att-understrykningar-i-bocker-inte-\" target=\"_blank\" rel=\"noopener\">Pod: A-kursen, &#8220;M\u00e5nga blir chockade \u00f6ver att understrykningar i b\u00f6cker inte fungerar&#8221; (\u00d6verkursen i studieteknik)<\/a><br \/>G\u00f6rs av: Emma Frans, Clara Wallin<\/p>\t\t\t\t\t\t\t\t<\/div>\n\t\t\t\t<\/div>\n\t\t\t\t<div class=\"elementor-element elementor-element-f72a6a9 elementor-widget elementor-widget-text-editor\" data-id=\"f72a6a9\" data-element_type=\"widget\" data-e-type=\"widget\" data-widget_type=\"text-editor.default\">\n\t\t\t\t<div class=\"elementor-widget-container\">\n\t\t\t\t\t\t\t\t\t<p><a href=\"https:\/\/urplay.se\/bladdra\/orka-plugga\">UR-serie: Orka plugga<\/a><\/p>\t\t\t\t\t\t\t\t<\/div>\n\t\t\t\t<\/div>\n\t\t\t\t<div class=\"elementor-element elementor-element-eb88a2d elementor-widget elementor-widget-text-editor\" data-id=\"eb88a2d\" data-element_type=\"widget\" data-e-type=\"widget\" data-widget_type=\"text-editor.default\">\n\t\t\t\t<div class=\"elementor-widget-container\">\n\t\t\t\t\t\t\t\t\t<p><a href=\"https:\/\/sites.google.com\/utb.vaxjo.se\/start\/studieteknik#h.jmedr2siagxc\" target=\"_blank\" rel=\"noopener\">V\u00e4xj\u00f6 studieteknik<\/a><br \/>Per Klasson<\/p>\t\t\t\t\t\t\t\t<\/div>\n\t\t\t\t<\/div>\n\t\t\t\t<\/div>\n\t\t\t\t\t<\/div>\n\t\t\t\t<\/div>\n\t\t\t\t<\/div>\n\t\t","protected":false},"excerpt":{"rendered":"<p>K\u00e4llor K\u00e4llor digital studieteknik K\u00e4llor Vi har l\u00e4st, studerat och hittat inspiration i en m\u00e4ngd olika k\u00e4llor. Ut\u00f6ver v\u00e5r erfarenhet av att undervisa i digital studieteknik har vi h\u00e4mtat fakta och information fr\u00e5n: Bok: Fullt fokus: En handbok i digital studieteknikF\u00f6rfattare: Camilla Askeb\u00e4ck Diaz, Patricia Diaz Bok: Hj\u00e4rnstark: smartare, gladare, starkareF\u00f6rfattare: Anders Hansen Bok: Sk\u00e4rmhj\u00e4rnan: [&hellip;]<\/p>\n","protected":false},"author":1,"featured_media":0,"parent":0,"menu_order":0,"comment_status":"closed","ping_status":"closed","template":"","meta":{"footnotes":""},"folder":[29],"class_list":["post-2182","page","type-page","status-publish","hentry"],"_links":{"self":[{"href":"https:\/\/studieteknik.regionkronoberg.se\/index.php?rest_route=\/wp\/v2\/pages\/2182","targetHints":{"allow":["GET"]}}],"collection":[{"href":"https:\/\/studieteknik.regionkronoberg.se\/index.php?rest_route=\/wp\/v2\/pages"}],"about":[{"href":"https:\/\/studieteknik.regionkronoberg.se\/index.php?rest_route=\/wp\/v2\/types\/page"}],"author":[{"embeddable":true,"href":"https:\/\/studieteknik.regionkronoberg.se\/index.php?rest_route=\/wp\/v2\/users\/1"}],"replies":[{"embeddable":true,"href":"https:\/\/studieteknik.regionkronoberg.se\/index.php?rest_route=%2Fwp%2Fv2%2Fcomments&post=2182"}],"version-history":[{"count":43,"href":"https:\/\/studieteknik.regionkronoberg.se\/index.php?rest_route=\/wp\/v2\/pages\/2182\/revisions"}],"predecessor-version":[{"id":4594,"href":"https:\/\/studieteknik.regionkronoberg.se\/index.php?rest_route=\/wp\/v2\/pages\/2182\/revisions\/4594"}],"wp:attachment":[{"href":"https:\/\/studieteknik.regionkronoberg.se\/index.php?rest_route=%2Fwp%2Fv2%2Fmedia&parent=2182"}],"wp:term":[{"taxonomy":"folder","embeddable":true,"href":"https:\/\/studieteknik.regionkronoberg.se\/index.php?rest_route=%2Fwp%2Fv2%2Ffolder&post=2182"}],"curies":[{"name":"wp","href":"https:\/\/api.w.org\/{rel}","templated":true}]}}