{"id":2743,"date":"2025-05-08T12:13:53","date_gmt":"2025-05-08T12:13:53","guid":{"rendered":"https:\/\/smart-forest-5135.standoutwp.com\/?page_id=2743"},"modified":"2026-02-20T13:38:56","modified_gmt":"2026-02-20T13:38:56","slug":"escape-room-anteckningar","status":"publish","type":"page","link":"https:\/\/studieteknik.regionkronoberg.se\/?page_id=2743","title":{"rendered":"Escape room &#8211; anteckningar"},"content":{"rendered":"\t\t<div data-elementor-type=\"wp-page\" data-elementor-id=\"2743\" class=\"elementor elementor-2743\" data-elementor-post-type=\"page\">\n\t\t\t\t<div class=\"elementor-element elementor-element-6c2a36a8 e-flex e-con-boxed e-con e-parent\" data-id=\"6c2a36a8\" data-element_type=\"container\" data-e-type=\"container\" data-settings=\"{&quot;background_background&quot;:&quot;classic&quot;}\">\n\t\t\t\t\t<div class=\"e-con-inner\">\n\t\t<div class=\"elementor-element elementor-element-76031344 e-con-full e-flex e-con e-child\" data-id=\"76031344\" data-element_type=\"container\" data-e-type=\"container\">\n\t\t\t\t<div class=\"elementor-element elementor-element-3528be3 elementor-view-default elementor-widget elementor-widget-icon\" data-id=\"3528be3\" data-element_type=\"widget\" data-e-type=\"widget\" data-widget_type=\"icon.default\">\n\t\t\t\t<div class=\"elementor-widget-container\">\n\t\t\t\t\t\t\t<div class=\"elementor-icon-wrapper\">\n\t\t\t<div class=\"elementor-icon\">\n\t\t\t<svg aria-hidden=\"true\" class=\"e-font-icon-svg e-fas-pencil-alt\" viewBox=\"0 0 512 512\" xmlns=\"http:\/\/www.w3.org\/2000\/svg\"><path d=\"M497.9 142.1l-46.1 46.1c-4.7 4.7-12.3 4.7-17 0l-111-111c-4.7-4.7-4.7-12.3 0-17l46.1-46.1c18.7-18.7 49.1-18.7 67.9 0l60.1 60.1c18.8 18.7 18.8 49.1 0 67.9zM284.2 99.8L21.6 362.4.4 483.9c-2.9 16.4 11.4 30.6 27.8 27.8l121.5-21.3 262.6-262.6c4.7-4.7 4.7-12.3 0-17l-111-111c-4.8-4.7-12.4-4.7-17.1 0zM124.1 339.9c-5.5-5.5-5.5-14.3 0-19.8l154-154c5.5-5.5 14.3-5.5 19.8 0s5.5 14.3 0 19.8l-154 154c-5.5 5.5-14.3 5.5-19.8 0zM88 424h48v36.3l-64.5 11.3-31.1-31.1L51.7 376H88v48z\"><\/path><\/svg>\t\t\t<\/div>\n\t\t<\/div>\n\t\t\t\t\t\t<\/div>\n\t\t\t\t<\/div>\n\t\t\t\t<div class=\"elementor-element elementor-element-47a2aadd elementor-widget elementor-widget-heading\" data-id=\"47a2aadd\" data-element_type=\"widget\" data-e-type=\"widget\" data-widget_type=\"heading.default\">\n\t\t\t\t<div class=\"elementor-widget-container\">\n\t\t\t\t\t<h1 class=\"elementor-heading-title elementor-size-default\">Anteckna<\/h1>\t\t\t\t<\/div>\n\t\t\t\t<\/div>\n\t\t\t\t<\/div>\n\t\t<div class=\"elementor-element elementor-element-46035db9 e-con-full e-flex e-con e-child\" data-id=\"46035db9\" data-element_type=\"container\" data-e-type=\"container\">\n\t\t\t\t<div class=\"elementor-element elementor-element-47a4e65e elementor-widget elementor-widget-text-editor\" data-id=\"47a4e65e\" data-element_type=\"widget\" data-e-type=\"widget\" data-widget_type=\"text-editor.default\">\n\t\t\t\t<div class=\"elementor-widget-container\">\n\t\t\t\t\t\t\t\t\t<p>Genom att anteckna lyssnar vi mer aktivt, beh\u00e5ller fokus och f\u00e5r ett konkret st\u00f6d n\u00e4r vi ska repetera inf\u00f6r prov eller andra uppgifter.<\/p>\t\t\t\t\t\t\t\t<\/div>\n\t\t\t\t<\/div>\n\t\t\t\t<\/div>\n\t\t\t\t\t<\/div>\n\t\t\t\t<\/div>\n\t\t<div class=\"elementor-element elementor-element-2b24acb0 e-flex e-con-boxed e-con e-parent\" data-id=\"2b24acb0\" data-element_type=\"container\" data-e-type=\"container\" id=\"main-dynamic-container\">\n\t\t\t\t\t<div class=\"e-con-inner\">\n\t\t<div class=\"elementor-element elementor-element-fbda548 e-con-full e-flex e-con e-child\" data-id=\"fbda548\" data-element_type=\"container\" data-e-type=\"container\" data-settings=\"{&quot;background_background&quot;:&quot;classic&quot;}\">\n\t\t\t\t<div class=\"elementor-element elementor-element-ec5cb6b elementor-nav-menu__text-align-aside elementor-widget elementor-widget-nav-menu\" data-id=\"ec5cb6b\" data-element_type=\"widget\" data-e-type=\"widget\" data-settings=\"{&quot;layout&quot;:&quot;dropdown&quot;,&quot;submenu_icon&quot;:{&quot;value&quot;:&quot;&lt;svg aria-hidden=\\&quot;true\\&quot; class=\\&quot;e-font-icon-svg e-fas-caret-down\\&quot; viewBox=\\&quot;0 0 320 512\\&quot; xmlns=\\&quot;http:\\\/\\\/www.w3.org\\\/2000\\\/svg\\&quot;&gt;&lt;path d=\\&quot;M31.3 192h257.3c17.8 0 26.7 21.5 14.1 34.1L174.1 354.8c-7.8 7.8-20.5 7.8-28.3 0L17.2 226.1C4.6 213.5 13.5 192 31.3 192z\\&quot;&gt;&lt;\\\/path&gt;&lt;\\\/svg&gt;&quot;,&quot;library&quot;:&quot;fa-solid&quot;}}\" data-widget_type=\"nav-menu.default\">\n\t\t\t\t<div class=\"elementor-widget-container\">\n\t\t\t\t\t\t\t\t<nav class=\"elementor-nav-menu--dropdown elementor-nav-menu__container\" aria-hidden=\"true\">\n\t\t\t\t<ul id=\"menu-2-ec5cb6b\" class=\"elementor-nav-menu\"><li class=\"menu-item menu-item-type-post_type menu-item-object-page menu-item-2694\"><a href=\"https:\/\/studieteknik.regionkronoberg.se\/?page_id=1770\" class=\"elementor-item\" tabindex=\"-1\">Om Anteckna<\/a><\/li>\n<li class=\"menu-item menu-item-type-post_type menu-item-object-page menu-item-2693\"><a href=\"https:\/\/studieteknik.regionkronoberg.se\/?page_id=2670\" class=\"elementor-item\" tabindex=\"-1\">Anteckna f\u00f6r hand<\/a><\/li>\n<li class=\"menu-item menu-item-type-post_type menu-item-object-page menu-item-2692\"><a href=\"https:\/\/studieteknik.regionkronoberg.se\/?page_id=2676\" class=\"elementor-item\" tabindex=\"-1\">Anteckna digitalt<\/a><\/li>\n<li class=\"menu-item menu-item-type-post_type menu-item-object-page menu-item-2691\"><a href=\"https:\/\/studieteknik.regionkronoberg.se\/?page_id=2682\" class=\"elementor-item\" tabindex=\"-1\">Cornell-metoden<\/a><\/li>\n<li class=\"menu-item menu-item-type-post_type menu-item-object-page menu-item-2753\"><a href=\"https:\/\/studieteknik.regionkronoberg.se\/?page_id=2728\" class=\"elementor-item\" tabindex=\"-1\">Presentationer &#038; Manualer<\/a><\/li>\n<li class=\"menu-item menu-item-type-post_type menu-item-object-page menu-item-2749\"><a href=\"https:\/\/studieteknik.regionkronoberg.se\/?page_id=2737\" class=\"elementor-item\" tabindex=\"-1\">Uppgifter<\/a><\/li>\n<li class=\"menu-item menu-item-type-post_type menu-item-object-page menu-item-2754\"><a href=\"https:\/\/studieteknik.regionkronoberg.se\/?page_id=2743\" class=\"elementor-item\" tabindex=\"-1\">Escape room<\/a><\/li>\n<\/ul>\t\t\t<\/nav>\n\t\t\t\t\t\t<\/div>\n\t\t\t\t<\/div>\n\t\t\t\t<\/div>\n\t\t<div class=\"elementor-element elementor-element-741958b1 e-con-full main-dynamic-container e-flex e-con e-child\" data-id=\"741958b1\" data-element_type=\"container\" data-e-type=\"container\" id=\"main-dynamic-container\">\n\t\t<div class=\"elementor-element elementor-element-15a994e4 e-con-full dynamic-content e-flex e-con e-child\" data-id=\"15a994e4\" data-element_type=\"container\" data-e-type=\"container\" id=\"escaperoom-content\">\n\t\t\t\t<div class=\"elementor-element elementor-element-64f0e34d elementor-widget elementor-widget-heading\" data-id=\"64f0e34d\" data-element_type=\"widget\" data-e-type=\"widget\" data-widget_type=\"heading.default\">\n\t\t\t\t<div class=\"elementor-widget-container\">\n\t\t\t\t\t<h2 class=\"elementor-heading-title elementor-size-default\">Escape Room<\/h2>\t\t\t\t<\/div>\n\t\t\t\t<\/div>\n\t\t<div class=\"elementor-element elementor-element-7f192fae e-con-full e-flex e-con e-child\" data-id=\"7f192fae\" data-element_type=\"container\" data-e-type=\"container\" data-settings=\"{&quot;background_background&quot;:&quot;classic&quot;}\">\n\t\t<div class=\"elementor-element elementor-element-7b0d229b e-con-full e-flex e-con e-child\" data-id=\"7b0d229b\" data-element_type=\"container\" data-e-type=\"container\" data-settings=\"{&quot;background_background&quot;:&quot;classic&quot;}\">\n\t\t\t\t<div class=\"elementor-element elementor-element-43e42d3a elementor-widget elementor-widget-text-editor\" data-id=\"43e42d3a\" data-element_type=\"widget\" data-e-type=\"widget\" data-widget_type=\"text-editor.default\">\n\t\t\t\t<div class=\"elementor-widget-container\">\n\t\t\t\t\t\t\t\t\t<div class=\"elementor-element elementor-element-259bba12 e-con-full e-flex e-con e-child\" data-id=\"259bba12\" data-element_type=\"container\" data-settings=\"{&quot;background_background&quot;:&quot;classic&quot;}\"><div class=\"elementor-element elementor-element-643e2546 elementor-widget elementor-widget-text-editor\" data-id=\"643e2546\" data-element_type=\"widget\" data-widget_type=\"text-editor.default\"><div class=\"elementor-widget-container\"><p>Som komplement till avsnittet om Anteckningar kan ni testa era kunskaper i det digitala escape roomet.\u00a0<\/p><p>Escape roomet hittar ni i l\u00e4nslicensen\u00a0<a href=\"https:\/\/www.escaply.com\/\" rel=\"noopener\">Escaply<\/a><\/p><ol><li>Du som l\u00e4rare loggar in i\u00a0<strong>Escaply<\/strong>\u00a0(os\u00e4ker p\u00e5 hur du loggar in l\u00e4s h\u00e4r:\u00a0<a href=\"https:\/\/avmedia.kronoberg.se\/resurser\/escaply\/\" rel=\"noopener\">https:\/\/avmedia.kronoberg.se\/resurser\/escaply\/<\/a>\u00a0)<\/li><li>Leta upp det\u00a0<strong>delade spelet<\/strong> \u201d<strong>Studieteknik<\/strong> &#8211;<b>Anteckningarnas tidsresa<\/b>\u201d i mappen AV-Media Kronoberg<\/li><li>Klicka p\u00e5\u00a0<strong>Spela<\/strong><\/li><li>V\u00e4lj hur du vill dela spelet med eleverna<\/li><li>Klicka p\u00e5\u00a0<strong>Starta<\/strong><\/li><\/ol><\/div><\/div><ul><li class=\"elementor-element elementor-element-10a9e63 elementor-widget elementor-widget-image\" style=\"text-align: left;\" data-id=\"10a9e63\" data-element_type=\"widget\" data-widget_type=\"image.default\"><strong>Facit<\/strong>: <a href=\"https:\/\/smart-forest-5135.standoutwp.com\/wp-content\/uploads\/2025\/06\/Facit-Escape-Room-1.pdf\">Facit Anteckningarnas tidsresa<\/a><\/li><\/ul><\/div><div class=\"elementor-element elementor-element-f99be58 e-con-full e-flex e-con e-child\" data-id=\"f99be58\" data-element_type=\"container\"><div class=\"elementor-element elementor-element-bc2da80 e-con-full e-flex e-con e-child\" data-id=\"bc2da80\" data-element_type=\"container\"><div class=\"elementor-element elementor-element-e9edb4c elementor-widget elementor-widget-text-editor\" data-id=\"e9edb4c\" data-element_type=\"widget\" data-widget_type=\"text-editor.default\"><div class=\"elementor-widget-container\"><h4>F\u00f6lj instruktionerna h\u00e4r f\u00f6r att se hur du startar \u201cStudieteknik \u2013 Anteckningarnas tidsresa\u201d<\/h4><\/div><\/div><\/div><\/div>\t\t\t\t\t\t\t\t<\/div>\n\t\t\t\t<\/div>\n\t\t\t\t<div class=\"elementor-element elementor-element-2877edb elementor-widget elementor-widget-html\" data-id=\"2877edb\" data-element_type=\"widget\" data-e-type=\"widget\" data-widget_type=\"html.default\">\n\t\t\t\t<div class=\"elementor-widget-container\">\n\t\t\t\t\t<div style=\"position: relative; box-sizing: content-box; max-height: 80vh; max-height: 80svh; width: 100%; aspect-ratio: 2.001563721657545; padding: 40px 0 40px 0;\"><iframe src=\"https:\/\/app.supademo.com\/embed\/cmbhmc2ep5p4hsn1rt8bbh1bx?embed_v=2\" loading=\"lazy\" title=\"Anteckningarnas tidsresa\" allow=\"clipboard-write\" frameborder=\"0\" webkitallowfullscreen=\"true\" mozallowfullscreen=\"true\" allowfullscreen style=\"position: absolute; top: 0; left: 0; width: 75%; height: 75%;\"><\/iframe><\/div>\t\t\t\t<\/div>\n\t\t\t\t<\/div>\n\t\t\t\t<\/div>\n\t\t\t\t<\/div>\n\t\t\t\t<\/div>\n\t\t\t\t<\/div>\n\t\t\t\t\t<\/div>\n\t\t\t\t<\/div>\n\t\t<div class=\"elementor-element elementor-element-70b4ab0 e-grid e-con-boxed e-con e-parent\" data-id=\"70b4ab0\" data-element_type=\"container\" data-e-type=\"container\">\n\t\t\t\t\t<div class=\"e-con-inner\">\n\t\t\t\t<div class=\"elementor-element elementor-element-2707751 elementor-widget elementor-widget-button\" data-id=\"2707751\" data-element_type=\"widget\" data-e-type=\"widget\" data-widget_type=\"button.default\">\n\t\t\t\t<div class=\"elementor-widget-container\">\n\t\t\t\t\t\t\t\t\t<div class=\"elementor-button-wrapper\">\n\t\t\t\t\t<a class=\"elementor-button elementor-button-link elementor-size-sm\" href=\"https:\/\/studieteknik.regionkronoberg.se\/\/?page_id=2737\">\n\t\t\t\t\t\t<span class=\"elementor-button-content-wrapper\">\n\t\t\t\t\t\t<span class=\"elementor-button-icon\">\n\t\t\t\t<svg aria-hidden=\"true\" class=\"e-font-icon-svg e-fas-chevron-left\" viewBox=\"0 0 320 512\" xmlns=\"http:\/\/www.w3.org\/2000\/svg\"><path d=\"M34.52 239.03L228.87 44.69c9.37-9.37 24.57-9.37 33.94 0l22.67 22.67c9.36 9.36 9.37 24.52.04 33.9L131.49 256l154.02 154.75c9.34 9.38 9.32 24.54-.04 33.9l-22.67 22.67c-9.37 9.37-24.57 9.37-33.94 0L34.52 272.97c-9.37-9.37-9.37-24.57 0-33.94z\"><\/path><\/svg>\t\t\t<\/span>\n\t\t\t\t\t\t\t\t\t<span class=\"elementor-button-text\">Uppgifter<\/span>\n\t\t\t\t\t<\/span>\n\t\t\t\t\t<\/a>\n\t\t\t\t<\/div>\n\t\t\t\t\t\t\t\t<\/div>\n\t\t\t\t<\/div>\n\t\t\t\t\t<\/div>\n\t\t\t\t<\/div>\n\t\t\t\t<\/div>\n\t\t","protected":false},"excerpt":{"rendered":"<p>Anteckna Genom att anteckna lyssnar vi mer aktivt, beh\u00e5ller fokus och f\u00e5r ett konkret st\u00f6d n\u00e4r vi ska repetera inf\u00f6r prov eller andra uppgifter. Escape Room Som komplement till avsnittet om Anteckningar kan ni testa era kunskaper i det digitala escape roomet.\u00a0 Escape roomet hittar ni i l\u00e4nslicensen\u00a0Escaply Du som l\u00e4rare loggar in i\u00a0Escaply\u00a0(os\u00e4ker p\u00e5 [&hellip;]<\/p>\n","protected":false},"author":2,"featured_media":0,"parent":0,"menu_order":0,"comment_status":"closed","ping_status":"closed","template":"","meta":{"footnotes":""},"folder":[42],"class_list":["post-2743","page","type-page","status-publish","hentry"],"_links":{"self":[{"href":"https:\/\/studieteknik.regionkronoberg.se\/index.php?rest_route=\/wp\/v2\/pages\/2743","targetHints":{"allow":["GET"]}}],"collection":[{"href":"https:\/\/studieteknik.regionkronoberg.se\/index.php?rest_route=\/wp\/v2\/pages"}],"about":[{"href":"https:\/\/studieteknik.regionkronoberg.se\/index.php?rest_route=\/wp\/v2\/types\/page"}],"author":[{"embeddable":true,"href":"https:\/\/studieteknik.regionkronoberg.se\/index.php?rest_route=\/wp\/v2\/users\/2"}],"replies":[{"embeddable":true,"href":"https:\/\/studieteknik.regionkronoberg.se\/index.php?rest_route=%2Fwp%2Fv2%2Fcomments&post=2743"}],"version-history":[{"count":31,"href":"https:\/\/studieteknik.regionkronoberg.se\/index.php?rest_route=\/wp\/v2\/pages\/2743\/revisions"}],"predecessor-version":[{"id":4606,"href":"https:\/\/studieteknik.regionkronoberg.se\/index.php?rest_route=\/wp\/v2\/pages\/2743\/revisions\/4606"}],"wp:attachment":[{"href":"https:\/\/studieteknik.regionkronoberg.se\/index.php?rest_route=%2Fwp%2Fv2%2Fmedia&parent=2743"}],"wp:term":[{"taxonomy":"folder","embeddable":true,"href":"https:\/\/studieteknik.regionkronoberg.se\/index.php?rest_route=%2Fwp%2Fv2%2Ffolder&post=2743"}],"curies":[{"name":"wp","href":"https:\/\/api.w.org\/{rel}","templated":true}]}}