{"id":3001,"date":"2025-06-04T14:09:55","date_gmt":"2025-06-04T14:09:55","guid":{"rendered":"https:\/\/smart-forest-5135.standoutwp.com\/?page_id=3001"},"modified":"2026-01-07T09:33:31","modified_gmt":"2026-01-07T09:33:31","slug":"planering-teori-1","status":"publish","type":"page","link":"https:\/\/studieteknik.regionkronoberg.se\/?page_id=3001","title":{"rendered":"Planera tid"},"content":{"rendered":"\t\t<div data-elementor-type=\"wp-page\" data-elementor-id=\"3001\" class=\"elementor elementor-3001\" data-elementor-post-type=\"page\">\n\t\t\t\t<div class=\"elementor-element elementor-element-7bc855f0 e-flex e-con-boxed e-con e-parent\" data-id=\"7bc855f0\" data-element_type=\"container\" data-e-type=\"container\" data-settings=\"{&quot;background_background&quot;:&quot;classic&quot;}\">\n\t\t\t\t\t<div class=\"e-con-inner\">\n\t\t<div class=\"elementor-element elementor-element-4a2297cd e-con-full e-flex e-con e-child\" data-id=\"4a2297cd\" data-element_type=\"container\" data-e-type=\"container\">\n\t\t\t\t<div class=\"elementor-element elementor-element-4d0c86b6 elementor-view-default elementor-widget elementor-widget-icon\" data-id=\"4d0c86b6\" data-element_type=\"widget\" data-e-type=\"widget\" data-widget_type=\"icon.default\">\n\t\t\t\t<div class=\"elementor-widget-container\">\n\t\t\t\t\t\t\t<div class=\"elementor-icon-wrapper\">\n\t\t\t<div class=\"elementor-icon\">\n\t\t\t<svg aria-hidden=\"true\" class=\"e-font-icon-svg e-fas-calendar-alt\" viewBox=\"0 0 448 512\" xmlns=\"http:\/\/www.w3.org\/2000\/svg\"><path d=\"M0 464c0 26.5 21.5 48 48 48h352c26.5 0 48-21.5 48-48V192H0v272zm320-196c0-6.6 5.4-12 12-12h40c6.6 0 12 5.4 12 12v40c0 6.6-5.4 12-12 12h-40c-6.6 0-12-5.4-12-12v-40zm0 128c0-6.6 5.4-12 12-12h40c6.6 0 12 5.4 12 12v40c0 6.6-5.4 12-12 12h-40c-6.6 0-12-5.4-12-12v-40zM192 268c0-6.6 5.4-12 12-12h40c6.6 0 12 5.4 12 12v40c0 6.6-5.4 12-12 12h-40c-6.6 0-12-5.4-12-12v-40zm0 128c0-6.6 5.4-12 12-12h40c6.6 0 12 5.4 12 12v40c0 6.6-5.4 12-12 12h-40c-6.6 0-12-5.4-12-12v-40zM64 268c0-6.6 5.4-12 12-12h40c6.6 0 12 5.4 12 12v40c0 6.6-5.4 12-12 12H76c-6.6 0-12-5.4-12-12v-40zm0 128c0-6.6 5.4-12 12-12h40c6.6 0 12 5.4 12 12v40c0 6.6-5.4 12-12 12H76c-6.6 0-12-5.4-12-12v-40zM400 64h-48V16c0-8.8-7.2-16-16-16h-32c-8.8 0-16 7.2-16 16v48H160V16c0-8.8-7.2-16-16-16h-32c-8.8 0-16 7.2-16 16v48H48C21.5 64 0 85.5 0 112v48h448v-48c0-26.5-21.5-48-48-48z\"><\/path><\/svg>\t\t\t<\/div>\n\t\t<\/div>\n\t\t\t\t\t\t<\/div>\n\t\t\t\t<\/div>\n\t\t\t\t<div class=\"elementor-element elementor-element-5f5de7b9 elementor-widget elementor-widget-heading\" data-id=\"5f5de7b9\" data-element_type=\"widget\" data-e-type=\"widget\" data-widget_type=\"heading.default\">\n\t\t\t\t<div class=\"elementor-widget-container\">\n\t\t\t\t\t<h1 class=\"elementor-heading-title elementor-size-default\">Planering<\/h1>\t\t\t\t<\/div>\n\t\t\t\t<\/div>\n\t\t\t\t<\/div>\n\t\t\t\t\t<\/div>\n\t\t\t\t<\/div>\n\t\t<div class=\"elementor-element elementor-element-34cdd808 e-flex e-con-boxed e-con e-parent\" data-id=\"34cdd808\" data-element_type=\"container\" data-e-type=\"container\" id=\"main-dynamic-container\">\n\t\t\t\t\t<div class=\"e-con-inner\">\n\t\t<div class=\"elementor-element elementor-element-5121a32a e-con-full e-flex e-con e-child\" data-id=\"5121a32a\" data-element_type=\"container\" data-e-type=\"container\" data-settings=\"{&quot;background_background&quot;:&quot;classic&quot;}\">\n\t\t\t\t<div class=\"elementor-element elementor-element-295d8e27 elementor-nav-menu__text-align-aside elementor-widget elementor-widget-nav-menu\" data-id=\"295d8e27\" data-element_type=\"widget\" data-e-type=\"widget\" id=\"side-menu-focus\" data-settings=\"{&quot;layout&quot;:&quot;dropdown&quot;,&quot;submenu_icon&quot;:{&quot;value&quot;:&quot;&lt;svg aria-hidden=\\&quot;true\\&quot; class=\\&quot;e-font-icon-svg e-fas-caret-down\\&quot; viewBox=\\&quot;0 0 320 512\\&quot; xmlns=\\&quot;http:\\\/\\\/www.w3.org\\\/2000\\\/svg\\&quot;&gt;&lt;path d=\\&quot;M31.3 192h257.3c17.8 0 26.7 21.5 14.1 34.1L174.1 354.8c-7.8 7.8-20.5 7.8-28.3 0L17.2 226.1C4.6 213.5 13.5 192 31.3 192z\\&quot;&gt;&lt;\\\/path&gt;&lt;\\\/svg&gt;&quot;,&quot;library&quot;:&quot;fa-solid&quot;}}\" data-widget_type=\"nav-menu.default\">\n\t\t\t\t<div class=\"elementor-widget-container\">\n\t\t\t\t\t\t\t\t<nav class=\"elementor-nav-menu--dropdown elementor-nav-menu__container\" aria-hidden=\"true\">\n\t\t\t\t<ul id=\"menu-2-295d8e27\" class=\"elementor-nav-menu\"><li class=\"menu-item menu-item-type-post_type menu-item-object-page menu-item-2997\"><a href=\"https:\/\/studieteknik.regionkronoberg.se\/?page_id=2990\" class=\"elementor-item\" tabindex=\"-1\">Om Planering<\/a><\/li>\n<li class=\"menu-item menu-item-type-post_type menu-item-object-page menu-item-3007\"><a href=\"https:\/\/studieteknik.regionkronoberg.se\/?page_id=3001\" class=\"elementor-item\" tabindex=\"-1\">Planera tid<\/a><\/li>\n<li class=\"menu-item menu-item-type-post_type menu-item-object-page menu-item-3014\"><a href=\"https:\/\/studieteknik.regionkronoberg.se\/?page_id=3008\" class=\"elementor-item\" tabindex=\"-1\">Checklistor<\/a><\/li>\n<li class=\"menu-item menu-item-type-post_type menu-item-object-page menu-item-3021\"><a href=\"https:\/\/studieteknik.regionkronoberg.se\/?page_id=3015\" class=\"elementor-item\" tabindex=\"-1\">Kalender<\/a><\/li>\n<li class=\"menu-item menu-item-type-post_type menu-item-object-page menu-item-3037\"><a href=\"https:\/\/studieteknik.regionkronoberg.se\/?page_id=3031\" class=\"elementor-item\" tabindex=\"-1\">Tankekarta<\/a><\/li>\n<li class=\"menu-item menu-item-type-post_type menu-item-object-page menu-item-3064\"><a href=\"https:\/\/studieteknik.regionkronoberg.se\/?page_id=3052\" class=\"elementor-item\" tabindex=\"-1\">Presentationer &#038; manualer<\/a><\/li>\n<li class=\"menu-item menu-item-type-post_type menu-item-object-page menu-item-3071\"><a href=\"https:\/\/studieteknik.regionkronoberg.se\/?page_id=3065\" class=\"elementor-item\" tabindex=\"-1\">Uppgifter<\/a><\/li>\n<li class=\"menu-item menu-item-type-post_type menu-item-object-page menu-item-3081\"><a href=\"https:\/\/studieteknik.regionkronoberg.se\/?page_id=3072\" class=\"elementor-item\" tabindex=\"-1\">Escape room<\/a><\/li>\n<\/ul>\t\t\t<\/nav>\n\t\t\t\t\t\t<\/div>\n\t\t\t\t<\/div>\n\t\t\t\t<\/div>\n\t\t<div class=\"elementor-element elementor-element-1782b49e e-con-full main-dynamic-container e-flex e-con e-child\" data-id=\"1782b49e\" data-element_type=\"container\" data-e-type=\"container\" id=\"main-dynamic-container\">\n\t\t<div class=\"elementor-element elementor-element-73198c47 e-con-full dynamic-content e-flex e-con e-child\" data-id=\"73198c47\" data-element_type=\"container\" data-e-type=\"container\" id=\"theory-content1\">\n\t\t<div class=\"elementor-element elementor-element-161ac6a9 e-con-full e-flex e-con e-child\" data-id=\"161ac6a9\" data-element_type=\"container\" data-e-type=\"container\" data-settings=\"{&quot;background_background&quot;:&quot;classic&quot;}\">\n\t\t<div class=\"elementor-element elementor-element-32bf08fc e-con-full e-flex e-con e-child\" data-id=\"32bf08fc\" data-element_type=\"container\" data-e-type=\"container\">\n\t\t\t\t<div class=\"elementor-element elementor-element-2495d143 elementor-widget elementor-widget-heading\" data-id=\"2495d143\" data-element_type=\"widget\" data-e-type=\"widget\" data-widget_type=\"heading.default\">\n\t\t\t\t<div class=\"elementor-widget-container\">\n\t\t\t\t\t<h2 class=\"elementor-heading-title elementor-size-default\">Planera tid<\/h2>\t\t\t\t<\/div>\n\t\t\t\t<\/div>\n\t\t\t\t<div class=\"elementor-element elementor-element-100034f6 elementor-widget__width-initial elementor-widget elementor-widget-text-editor\" data-id=\"100034f6\" data-element_type=\"widget\" data-e-type=\"widget\" data-widget_type=\"text-editor.default\">\n\t\t\t\t<div class=\"elementor-widget-container\">\n\t\t\t\t\t\t\t\t\t<p>Att kunna planera sin tid \u00e4r en grundl\u00e4ggande del av god studieteknik och avg\u00f6rande f\u00f6r elevers framg\u00e5ng i skolan. <br \/>Som l\u00e4rare spelar du en viktig roll i att hj\u00e4lpa eleverna utveckla sin f\u00f6rm\u00e5ga att planera. Det handlar dels om att skapa struktur i undervisningen, dels om att ge eleverna verktyg att sj\u00e4lva organisera sitt arbete. Det kan vara s\u00e5 enkelt som att visa hur man anv\u00e4nder en kalender eller en veckoplanering, men ocks\u00e5 att dela upp st\u00f6rre uppgifter i mindre delar och s\u00e4tta delm\u00e5l. Elever beh\u00f6ver ocks\u00e5 tr\u00e4na p\u00e5 att uppskatta hur l\u00e5ng tid olika uppgifter faktiskt tar.<\/p><ul><li style=\"font-weight: 400;\" aria-level=\"1\"><span style=\"font-weight: 400;\">Eleven kan b\u00f6rja med att skriva en enkel plan f\u00f6r dagen i form av en checklista.<\/span><\/li><li style=\"font-weight: 400;\" aria-level=\"1\"><span style=\"font-weight: 400;\">Det \u00e4r bra om eleven best\u00e4mmer en sluttid f\u00f6r dagen, s\u00e5 att det finns tid f\u00f6r \u00e5terh\u00e4mtning och fritid efter l\u00e4xl\u00e4sningen.<\/span><\/li><li style=\"font-weight: 400;\" aria-level=\"1\"><span style=\"font-weight: 400;\">Uppmuntra eleven att dela upp st\u00f6rre uppgifter i mindre delar f\u00f6r att minska motst\u00e5nd och underl\u00e4tta starten.<\/span><\/li><\/ul><ul><li style=\"font-weight: 400;\" aria-level=\"1\"><span style=\"font-weight: 400;\">Det \u00e4r viktigt att hj\u00e4lpa eleven att se vad som \u00e4r rimligt att hinna med under en dag.<\/span><\/li><li style=\"font-weight: 400;\" aria-level=\"1\"><span style=\"font-weight: 400;\">Att anv\u00e4nda en timer (t.ex. via appen <\/span><i><span style=\"font-weight: 400;\">Fokus<\/span><\/i><span style=\"font-weight: 400;\">) kan hj\u00e4lpa till att strukturera arbetet.<\/span><\/li><li style=\"font-weight: 400;\" aria-level=\"1\"><span style=\"font-weight: 400;\">Pomodoro-tekniken fungerar v\u00e4l: 25 minuters arbete f\u00f6ljt av 5 minuters paus \u2013 ett s\u00e4tt att orka l\u00e4ngre och f\u00e5 mycket gjort.<\/span><\/li><\/ul>\t\t\t\t\t\t\t\t<\/div>\n\t\t\t\t<\/div>\n\t\t\t\t<\/div>\n\t\t\t\t<\/div>\n\t\t<div class=\"elementor-element elementor-element-9077131 e-con-full e-flex e-con e-child\" data-id=\"9077131\" data-element_type=\"container\" data-e-type=\"container\">\n\t\t<div class=\"elementor-element elementor-element-780e2828 e-con-full e-flex e-con e-child\" data-id=\"780e2828\" data-element_type=\"container\" data-e-type=\"container\">\n\t\t<div class=\"elementor-element elementor-element-3c3be1cb e-con-full e-flex e-con e-child\" data-id=\"3c3be1cb\" data-element_type=\"container\" data-e-type=\"container\">\n\t\t\t\t<div class=\"elementor-element elementor-element-638434 elementor-widget elementor-widget-heading\" data-id=\"638434\" data-element_type=\"widget\" data-e-type=\"widget\" data-widget_type=\"heading.default\">\n\t\t\t\t<div class=\"elementor-widget-container\">\n\t\t\t\t\t<h3 class=\"elementor-heading-title elementor-size-default\">Kombinera plats och tid<\/h3>\t\t\t\t<\/div>\n\t\t\t\t<\/div>\n\t\t\t\t<div class=\"elementor-element elementor-element-7fc67d47 elementor-widget elementor-widget-text-editor\" data-id=\"7fc67d47\" data-element_type=\"widget\" data-e-type=\"widget\" data-widget_type=\"text-editor.default\">\n\t\t\t\t<div class=\"elementor-widget-container\">\n\t\t\t\t\t\t\t\t\t<ul><li style=\"font-weight: 400;\" aria-level=\"1\"><span style=\"font-weight: 400;\">Eleven gynnas av att skapa fasta rutiner: samma tid och plats varje dag g\u00f6r det enklare att komma ig\u00e5ng.<\/span><span style=\"font-weight: 400;\"><br \/><br \/><\/span><\/li><li style=\"font-weight: 400;\" aria-level=\"1\"><span style=\"font-weight: 400;\">Att matcha plats med tid p\u00e5 dagen kan ocks\u00e5 hj\u00e4lpa \u2013 till exempel vid skrivbordet p\u00e5 eftermiddagen, och vid k\u00f6ksbordet p\u00e5 kv\u00e4llen om det \u00e4r lugnt.<\/span><span style=\"font-weight: 400;\"><br \/><br \/><\/span><\/li><li style=\"font-weight: 400;\" aria-level=\"1\"><span style=\"font-weight: 400;\">Hj\u00e4lp g\u00e4rna eleven att skapa en f\u00f6rberedelserutin: packa v\u00e4skan, ladda datorn och ta fram l\u00e4xor redan innan arbetsstart. Det minskar stress och startmotst\u00e5nd.<\/span><\/li><\/ul>\t\t\t\t\t\t\t\t<\/div>\n\t\t\t\t<\/div>\n\t\t\t\t<\/div>\n\t\t<div class=\"elementor-element elementor-element-19652b5f e-con-full e-flex e-con e-child\" data-id=\"19652b5f\" data-element_type=\"container\" data-e-type=\"container\">\n\t\t<div class=\"elementor-element elementor-element-32a505a0 e-con-full e-flex e-con e-child\" data-id=\"32a505a0\" data-element_type=\"container\" data-e-type=\"container\">\n\t\t<div class=\"elementor-element elementor-element-38232378 e-con-full e-flex e-con e-child\" data-id=\"38232378\" data-element_type=\"container\" data-e-type=\"container\">\n\t\t\t\t<div class=\"elementor-element elementor-element-57a20d02 elementor-widget elementor-widget-image\" data-id=\"57a20d02\" data-element_type=\"widget\" data-e-type=\"widget\" data-widget_type=\"image.default\">\n\t\t\t\t<div class=\"elementor-widget-container\">\n\t\t\t\t\t\t\t\t\t\t\t\t\t\t\t<img fetchpriority=\"high\" decoding=\"async\" width=\"300\" height=\"300\" src=\"https:\/\/studieteknik.regionkronoberg.se\/wp-content\/uploads\/2024\/12\/clock-green-300x300.png\" class=\"attachment-medium size-medium wp-image-1416\" alt=\"Illustration av en gr\u00f6n klocka\" srcset=\"https:\/\/studieteknik.regionkronoberg.se\/wp-content\/uploads\/2024\/12\/clock-green-300x300.png 300w, https:\/\/studieteknik.regionkronoberg.se\/wp-content\/uploads\/2024\/12\/clock-green-150x150.png 150w, https:\/\/studieteknik.regionkronoberg.se\/wp-content\/uploads\/2024\/12\/clock-green.png 625w\" sizes=\"(max-width: 300px) 100vw, 300px\" \/>\t\t\t\t\t\t\t\t\t\t\t\t\t\t\t<\/div>\n\t\t\t\t<\/div>\n\t\t\t\t<\/div>\n\t\t\t\t<\/div>\n\t\t\t\t<\/div>\n\t\t\t\t<\/div>\n\t\t\t\t<\/div>\n\t\t\t\t<\/div>\n\t\t\t\t<\/div>\n\t\t\t\t\t<\/div>\n\t\t\t\t<\/div>\n\t\t<div class=\"elementor-element elementor-element-1424f22b e-grid e-con-boxed e-con e-parent\" data-id=\"1424f22b\" data-element_type=\"container\" data-e-type=\"container\">\n\t\t\t\t\t<div class=\"e-con-inner\">\n\t\t\t\t<div class=\"elementor-element elementor-element-506f293f elementor-widget elementor-widget-button\" data-id=\"506f293f\" data-element_type=\"widget\" data-e-type=\"widget\" data-widget_type=\"button.default\">\n\t\t\t\t<div class=\"elementor-widget-container\">\n\t\t\t\t\t\t\t\t\t<div class=\"elementor-button-wrapper\">\n\t\t\t\t\t<a class=\"elementor-button elementor-button-link elementor-size-sm\" href=\"https:\/\/studieteknik.regionkronoberg.se\/?page_id=2990\">\n\t\t\t\t\t\t<span class=\"elementor-button-content-wrapper\">\n\t\t\t\t\t\t<span class=\"elementor-button-icon\">\n\t\t\t\t<svg aria-hidden=\"true\" class=\"e-font-icon-svg e-fas-chevron-left\" viewBox=\"0 0 320 512\" xmlns=\"http:\/\/www.w3.org\/2000\/svg\"><path d=\"M34.52 239.03L228.87 44.69c9.37-9.37 24.57-9.37 33.94 0l22.67 22.67c9.36 9.36 9.37 24.52.04 33.9L131.49 256l154.02 154.75c9.34 9.38 9.32 24.54-.04 33.9l-22.67 22.67c-9.37 9.37-24.57 9.37-33.94 0L34.52 272.97c-9.37-9.37-9.37-24.57 0-33.94z\"><\/path><\/svg>\t\t\t<\/span>\n\t\t\t\t\t\t\t\t\t<span class=\"elementor-button-text\">Om planering<\/span>\n\t\t\t\t\t<\/span>\n\t\t\t\t\t<\/a>\n\t\t\t\t<\/div>\n\t\t\t\t\t\t\t\t<\/div>\n\t\t\t\t<\/div>\n\t\t\t\t<div class=\"elementor-element elementor-element-2a498e19 elementor-widget elementor-widget-button\" data-id=\"2a498e19\" data-element_type=\"widget\" data-e-type=\"widget\" data-widget_type=\"button.default\">\n\t\t\t\t<div class=\"elementor-widget-container\">\n\t\t\t\t\t\t\t\t\t<div class=\"elementor-button-wrapper\">\n\t\t\t\t\t<a class=\"elementor-button elementor-button-link elementor-size-sm\" href=\"https:\/\/studieteknik.regionkronoberg.se\/?page_id=3008\">\n\t\t\t\t\t\t<span class=\"elementor-button-content-wrapper\">\n\t\t\t\t\t\t<span class=\"elementor-button-icon\">\n\t\t\t\t<svg aria-hidden=\"true\" class=\"e-font-icon-svg e-fas-chevron-right\" viewBox=\"0 0 320 512\" xmlns=\"http:\/\/www.w3.org\/2000\/svg\"><path d=\"M285.476 272.971L91.132 467.314c-9.373 9.373-24.569 9.373-33.941 0l-22.667-22.667c-9.357-9.357-9.375-24.522-.04-33.901L188.505 256 34.484 101.255c-9.335-9.379-9.317-24.544.04-33.901l22.667-22.667c9.373-9.373 24.569-9.373 33.941 0L285.475 239.03c9.373 9.372 9.373 24.568.001 33.941z\"><\/path><\/svg>\t\t\t<\/span>\n\t\t\t\t\t\t\t\t\t<span class=\"elementor-button-text\">Checklistor<\/span>\n\t\t\t\t\t<\/span>\n\t\t\t\t\t<\/a>\n\t\t\t\t<\/div>\n\t\t\t\t\t\t\t\t<\/div>\n\t\t\t\t<\/div>\n\t\t\t\t\t<\/div>\n\t\t\t\t<\/div>\n\t\t\t\t<\/div>\n\t\t","protected":false},"excerpt":{"rendered":"<p>Planering Planera tid Att kunna planera sin tid \u00e4r en grundl\u00e4ggande del av god studieteknik och avg\u00f6rande f\u00f6r elevers framg\u00e5ng i skolan. Som l\u00e4rare spelar du en viktig roll i att hj\u00e4lpa eleverna utveckla sin f\u00f6rm\u00e5ga att planera. Det handlar dels om att skapa struktur i undervisningen, dels om att ge eleverna verktyg att sj\u00e4lva [&hellip;]<\/p>\n","protected":false},"author":2,"featured_media":0,"parent":0,"menu_order":0,"comment_status":"closed","ping_status":"closed","template":"","meta":{"footnotes":""},"folder":[45],"class_list":["post-3001","page","type-page","status-publish","hentry"],"_links":{"self":[{"href":"https:\/\/studieteknik.regionkronoberg.se\/index.php?rest_route=\/wp\/v2\/pages\/3001","targetHints":{"allow":["GET"]}}],"collection":[{"href":"https:\/\/studieteknik.regionkronoberg.se\/index.php?rest_route=\/wp\/v2\/pages"}],"about":[{"href":"https:\/\/studieteknik.regionkronoberg.se\/index.php?rest_route=\/wp\/v2\/types\/page"}],"author":[{"embeddable":true,"href":"https:\/\/studieteknik.regionkronoberg.se\/index.php?rest_route=\/wp\/v2\/users\/2"}],"replies":[{"embeddable":true,"href":"https:\/\/studieteknik.regionkronoberg.se\/index.php?rest_route=%2Fwp%2Fv2%2Fcomments&post=3001"}],"version-history":[{"count":22,"href":"https:\/\/studieteknik.regionkronoberg.se\/index.php?rest_route=\/wp\/v2\/pages\/3001\/revisions"}],"predecessor-version":[{"id":4467,"href":"https:\/\/studieteknik.regionkronoberg.se\/index.php?rest_route=\/wp\/v2\/pages\/3001\/revisions\/4467"}],"wp:attachment":[{"href":"https:\/\/studieteknik.regionkronoberg.se\/index.php?rest_route=%2Fwp%2Fv2%2Fmedia&parent=3001"}],"wp:term":[{"taxonomy":"folder","embeddable":true,"href":"https:\/\/studieteknik.regionkronoberg.se\/index.php?rest_route=%2Fwp%2Fv2%2Ffolder&post=3001"}],"curies":[{"name":"wp","href":"https:\/\/api.w.org\/{rel}","templated":true}]}}