{"id":3102,"date":"2025-06-04T14:50:31","date_gmt":"2025-06-04T14:50:31","guid":{"rendered":"https:\/\/smart-forest-5135.standoutwp.com\/?page_id=3102"},"modified":"2026-01-07T11:01:58","modified_gmt":"2026-01-07T11:01:58","slug":"ai-teori-2","status":"publish","type":"page","link":"https:\/\/studieteknik.regionkronoberg.se\/?page_id=3102","title":{"rendered":"Vad \u00e4r bra prompt"},"content":{"rendered":"\t\t<div data-elementor-type=\"wp-page\" data-elementor-id=\"3102\" class=\"elementor elementor-3102\" data-elementor-post-type=\"page\">\n\t\t\t\t<div class=\"elementor-element elementor-element-4a2ad19f e-flex e-con-boxed e-con e-parent\" data-id=\"4a2ad19f\" data-element_type=\"container\" data-e-type=\"container\" data-settings=\"{&quot;background_background&quot;:&quot;classic&quot;}\">\n\t\t\t\t\t<div class=\"e-con-inner\">\n\t\t<div class=\"elementor-element elementor-element-1880e873 e-con-full e-flex e-con e-child\" data-id=\"1880e873\" data-element_type=\"container\" data-e-type=\"container\">\n\t\t\t\t<div class=\"elementor-element elementor-element-5e53b0c elementor-view-default elementor-widget elementor-widget-icon\" data-id=\"5e53b0c\" data-element_type=\"widget\" data-e-type=\"widget\" data-widget_type=\"icon.default\">\n\t\t\t\t<div class=\"elementor-widget-container\">\n\t\t\t\t\t\t\t<div class=\"elementor-icon-wrapper\">\n\t\t\t<div class=\"elementor-icon\">\n\t\t\t<svg aria-hidden=\"true\" class=\"e-font-icon-svg e-fas-robot\" viewBox=\"0 0 640 512\" xmlns=\"http:\/\/www.w3.org\/2000\/svg\"><path d=\"M32,224H64V416H32A31.96166,31.96166,0,0,1,0,384V256A31.96166,31.96166,0,0,1,32,224Zm512-48V448a64.06328,64.06328,0,0,1-64,64H160a64.06328,64.06328,0,0,1-64-64V176a79.974,79.974,0,0,1,80-80H288V32a32,32,0,0,1,64,0V96H464A79.974,79.974,0,0,1,544,176ZM264,256a40,40,0,1,0-40,40A39.997,39.997,0,0,0,264,256Zm-8,128H192v32h64Zm96,0H288v32h64ZM456,256a40,40,0,1,0-40,40A39.997,39.997,0,0,0,456,256Zm-8,128H384v32h64ZM640,256V384a31.96166,31.96166,0,0,1-32,32H576V224h32A31.96166,31.96166,0,0,1,640,256Z\"><\/path><\/svg>\t\t\t<\/div>\n\t\t<\/div>\n\t\t\t\t\t\t<\/div>\n\t\t\t\t<\/div>\n\t\t\t\t<div class=\"elementor-element elementor-element-57fe702a elementor-widget elementor-widget-heading\" data-id=\"57fe702a\" data-element_type=\"widget\" data-e-type=\"widget\" data-widget_type=\"heading.default\">\n\t\t\t\t<div class=\"elementor-widget-container\">\n\t\t\t\t\t<h1 class=\"elementor-heading-title elementor-size-default\">AI i undervisningen<\/h1>\t\t\t\t<\/div>\n\t\t\t\t<\/div>\n\t\t\t\t<\/div>\n\t\t<div class=\"elementor-element elementor-element-6929786a e-con-full e-flex e-con e-child\" data-id=\"6929786a\" data-element_type=\"container\" data-e-type=\"container\">\n\t\t\t\t<div class=\"elementor-element elementor-element-e8024c1 elementor-widget elementor-widget-text-editor\" data-id=\"e8024c1\" data-element_type=\"widget\" data-e-type=\"widget\" data-widget_type=\"text-editor.default\">\n\t\t\t\t<div class=\"elementor-widget-container\">\n\t\t\t\t\t\t\t\t\t<p>&#8220;Kort beskrivning om \u00e4mnet&#8221;<\/p>\t\t\t\t\t\t\t\t<\/div>\n\t\t\t\t<\/div>\n\t\t\t\t<\/div>\n\t\t\t\t\t<\/div>\n\t\t\t\t<\/div>\n\t\t<div class=\"elementor-element elementor-element-64562c2e e-flex e-con-boxed e-con e-parent\" data-id=\"64562c2e\" data-element_type=\"container\" data-e-type=\"container\" id=\"main-dynamic-container\">\n\t\t\t\t\t<div class=\"e-con-inner\">\n\t\t<div class=\"elementor-element elementor-element-772291eb e-con-full e-flex e-con e-child\" data-id=\"772291eb\" data-element_type=\"container\" data-e-type=\"container\" data-settings=\"{&quot;background_background&quot;:&quot;classic&quot;}\">\n\t\t\t\t<div class=\"elementor-element elementor-element-79fc3cca elementor-nav-menu__text-align-aside elementor-widget elementor-widget-nav-menu\" data-id=\"79fc3cca\" data-element_type=\"widget\" data-e-type=\"widget\" data-settings=\"{&quot;layout&quot;:&quot;dropdown&quot;,&quot;submenu_icon&quot;:{&quot;value&quot;:&quot;&lt;svg aria-hidden=\\&quot;true\\&quot; class=\\&quot;e-font-icon-svg e-fas-caret-down\\&quot; viewBox=\\&quot;0 0 320 512\\&quot; xmlns=\\&quot;http:\\\/\\\/www.w3.org\\\/2000\\\/svg\\&quot;&gt;&lt;path d=\\&quot;M31.3 192h257.3c17.8 0 26.7 21.5 14.1 34.1L174.1 354.8c-7.8 7.8-20.5 7.8-28.3 0L17.2 226.1C4.6 213.5 13.5 192 31.3 192z\\&quot;&gt;&lt;\\\/path&gt;&lt;\\\/svg&gt;&quot;,&quot;library&quot;:&quot;fa-solid&quot;}}\" data-widget_type=\"nav-menu.default\">\n\t\t\t\t<div class=\"elementor-widget-container\">\n\t\t\t\t\t\t\t\t<nav class=\"elementor-nav-menu--dropdown elementor-nav-menu__container\" aria-hidden=\"true\">\n\t\t\t\t<ul id=\"menu-2-79fc3cca\" class=\"elementor-nav-menu\"><li class=\"menu-item menu-item-type-post_type menu-item-object-page menu-item-3094\"><a href=\"https:\/\/studieteknik.regionkronoberg.se\/?page_id=3088\" class=\"elementor-item\" tabindex=\"-1\">Om Ai i undervisningen<\/a><\/li>\n<li class=\"menu-item menu-item-type-post_type menu-item-object-page menu-item-3115\"><a href=\"https:\/\/studieteknik.regionkronoberg.se\/?page_id=3109\" class=\"elementor-item\" tabindex=\"-1\">AI chattbottar<\/a><\/li>\n<li class=\"menu-item menu-item-type-post_type menu-item-object-page menu-item-3101\"><a href=\"https:\/\/studieteknik.regionkronoberg.se\/?page_id=3095\" class=\"elementor-item\" tabindex=\"-1\">AI som st\u00f6d i undervisningen<\/a><\/li>\n<li class=\"menu-item menu-item-type-post_type menu-item-object-page menu-item-3108\"><a href=\"https:\/\/studieteknik.regionkronoberg.se\/?page_id=3102\" class=\"elementor-item\" tabindex=\"-1\">Vad \u00e4r en bra prompt<\/a><\/li>\n<li class=\"menu-item menu-item-type-post_type menu-item-object-page menu-item-3129\"><a href=\"https:\/\/studieteknik.regionkronoberg.se\/?page_id=3123\" class=\"elementor-item\" tabindex=\"-1\">Viktigt att veta om AI och chattbottar<\/a><\/li>\n<li class=\"menu-item menu-item-type-post_type menu-item-object-page menu-item-3136\"><a href=\"https:\/\/studieteknik.regionkronoberg.se\/?page_id=3130\" class=\"elementor-item\" tabindex=\"-1\">Promptbibliotek<\/a><\/li>\n<li class=\"menu-item menu-item-type-post_type menu-item-object-page menu-item-3143\"><a href=\"https:\/\/studieteknik.regionkronoberg.se\/?page_id=3137\" class=\"elementor-item\" tabindex=\"-1\">Film &#8211; och l\u00e4nktips om AI<\/a><\/li>\n<li class=\"menu-item menu-item-type-post_type menu-item-object-page menu-item-3153\"><a href=\"https:\/\/studieteknik.regionkronoberg.se\/?page_id=3144\" class=\"elementor-item\" tabindex=\"-1\">Uppgifter<\/a><\/li>\n<\/ul>\t\t\t<\/nav>\n\t\t\t\t\t\t<\/div>\n\t\t\t\t<\/div>\n\t\t\t\t<\/div>\n\t\t<div class=\"elementor-element elementor-element-6a1a9c51 e-con-full main-dynamic-container e-flex e-con e-child\" data-id=\"6a1a9c51\" data-element_type=\"container\" data-e-type=\"container\" id=\"main-dynamic-container\">\n\t\t<div class=\"elementor-element elementor-element-275de7f7 e-con-full dynamic-content e-flex e-con e-child\" data-id=\"275de7f7\" data-element_type=\"container\" data-e-type=\"container\" id=\"theory-content2\">\n\t\t<div class=\"elementor-element elementor-element-1237f8a7 e-con-full e-flex e-con e-child\" data-id=\"1237f8a7\" data-element_type=\"container\" data-e-type=\"container\" data-settings=\"{&quot;background_background&quot;:&quot;classic&quot;}\">\n\t\t<div class=\"elementor-element elementor-element-782e8a52 e-con-full e-flex e-con e-child\" data-id=\"782e8a52\" data-element_type=\"container\" data-e-type=\"container\">\n\t\t\t\t<div class=\"elementor-element elementor-element-45ebbcaf elementor-widget elementor-widget-heading\" data-id=\"45ebbcaf\" data-element_type=\"widget\" data-e-type=\"widget\" data-widget_type=\"heading.default\">\n\t\t\t\t<div class=\"elementor-widget-container\">\n\t\t\t\t\t<h2 class=\"elementor-heading-title elementor-size-default\">Vad \u00e4r en bra prompt<\/h2>\t\t\t\t<\/div>\n\t\t\t\t<\/div>\n\t\t\t\t<div class=\"elementor-element elementor-element-777be85e elementor-widget__width-initial elementor-widget elementor-widget-text-editor\" data-id=\"777be85e\" data-element_type=\"widget\" data-e-type=\"widget\" data-widget_type=\"text-editor.default\">\n\t\t\t\t<div class=\"elementor-widget-container\">\n\t\t\t\t\t\t\t\t\t<p><span style=\"font-weight: 400;\">T\u00e4nk p\u00e5 en prompt som instruktionen du ger till en kollega. Ju tydligare och mer specifik du \u00e4r, desto b\u00e4ttre blir resultatet. Om du bara s\u00e4ger \u2018skapa en lektionsplanering\u2019, s\u00e5 kan resultatet bli ganska generellt. Men om du f\u00f6rklarar vad lektionen ska handla om, vilken \u00e5ldersgrupp det \u00e4r, och hur l\u00e5ng lektionen \u00e4r, d\u00e5 kommer AI:n att kunna hj\u00e4lpa till p\u00e5 ett mycket b\u00e4ttre s\u00e4tt.<\/span><\/p>\t\t\t\t\t\t\t\t<\/div>\n\t\t\t\t<\/div>\n\t\t\t\t<\/div>\n\t\t\t\t<\/div>\n\t\t<div class=\"elementor-element elementor-element-2c05450c e-con-full e-flex e-con e-child\" data-id=\"2c05450c\" data-element_type=\"container\" data-e-type=\"container\">\n\t\t<div class=\"elementor-element elementor-element-351cbc2f e-con-full e-flex e-con e-child\" data-id=\"351cbc2f\" data-element_type=\"container\" data-e-type=\"container\">\n\t\t<div class=\"elementor-element elementor-element-7a70532c e-con-full e-flex e-con e-child\" data-id=\"7a70532c\" data-element_type=\"container\" data-e-type=\"container\" data-settings=\"{&quot;background_background&quot;:&quot;classic&quot;}\">\n\t\t<div class=\"elementor-element elementor-element-5e7bd182 e-con-full e-flex e-con e-child\" data-id=\"5e7bd182\" data-element_type=\"container\" data-e-type=\"container\">\n\t\t\t\t<div class=\"elementor-element elementor-element-3f2199a4 elementor-widget elementor-widget-heading\" data-id=\"3f2199a4\" data-element_type=\"widget\" data-e-type=\"widget\" data-widget_type=\"heading.default\">\n\t\t\t\t<div class=\"elementor-widget-container\">\n\t\t\t\t\t<h3 class=\"elementor-heading-title elementor-size-default\">\"Recept\" p\u00e5 en bra prompt<\/h3>\t\t\t\t<\/div>\n\t\t\t\t<\/div>\n\t\t\t\t<div class=\"elementor-element elementor-element-28fd96ca elementor-widget elementor-widget-text-editor\" data-id=\"28fd96ca\" data-element_type=\"widget\" data-e-type=\"widget\" data-widget_type=\"text-editor.default\">\n\t\t\t\t<div class=\"elementor-widget-container\">\n\t\t\t\t\t\t\t\t\t<p><span style=\"font-weight: 400;\">Ge ai:t en <\/span><strong><span style=\"color: #339966;\">Roll<\/span> &#8211; <span style=\"color: #3366ff;\">Uppgift<\/span> &#8211; <span style=\"color: #ff6600;\">Kontext<\/span> <\/strong><\/p><p><span style=\"font-weight: 400;\">Exempel:<\/span><\/p><p><span style=\"color: #339966;\"><b>Du \u00e4r h\u00f6gstadiel\u00e4rare i geografi<\/b> <\/span><span style=\"color: #3366ff;\"><b>och ska skapa en detaljerad lektionsplanering<\/b> <\/span><b><span style=\"color: #3366ff;\">f\u00f6r jordens naturresurser \u00e5rskurs 8<\/span>.<\/b> <span style=\"color: #ff6600;\"><b>Fyra lektioner med en exit-ticket som ska avsluta lektionen. En veckoplanering i tabellformat med start vecka 41, hoppa \u00f6ver vecka 44 d\u00e5 \u00e4r det h\u00f6stlov.<\/b><\/span><\/p>\t\t\t\t\t\t\t\t<\/div>\n\t\t\t\t<\/div>\n\t\t\t\t<div class=\"elementor-element elementor-element-238844d3 elementor-widget elementor-widget-heading\" data-id=\"238844d3\" data-element_type=\"widget\" data-e-type=\"widget\" data-widget_type=\"heading.default\">\n\t\t\t\t<div class=\"elementor-widget-container\">\n\t\t\t\t\t<h3 class=\"elementor-heading-title elementor-size-default\">Resultat fr\u00e5n prompten<\/h3>\t\t\t\t<\/div>\n\t\t\t\t<\/div>\n\t\t\t\t<div class=\"elementor-element elementor-element-20873f85 elementor-widget elementor-widget-text-editor\" data-id=\"20873f85\" data-element_type=\"widget\" data-e-type=\"widget\" data-widget_type=\"text-editor.default\">\n\t\t\t\t<div class=\"elementor-widget-container\">\n\t\t\t\t\t\t\t\t\t<h4>Veckoplanering<\/h4><table><tbody><tr><td><p><b>Vecka<\/b><\/p><\/td><td><p><b>Lektion<\/b><\/p><\/td><td><p><b>Inneh\u00e5ll<\/b><\/p><\/td><td><p><b>Exit-ticket<\/b><\/p><\/td><\/tr><tr><td><p><span style=\"font-weight: 400;\">41<\/span><\/p><\/td><td><p><span style=\"font-weight: 400;\">1<\/span><\/p><\/td><td><p><span style=\"font-weight: 400;\">Introduktion till naturresurser &#8211; Vad \u00e4r naturresurser? &#8211; Olika typer av naturresurser (f\u00f6rnybara och icke-f\u00f6rnybara) &#8211; Exempel p\u00e5 naturresurser i Sverige och v\u00e4rlden<\/span><\/p><\/td><td><p><span style=\"font-weight: 400;\">Skriv ner tv\u00e5 exempel p\u00e5 f\u00f6rnybara och tv\u00e5 exempel p\u00e5 icke-f\u00f6rnybara naturresurser.<\/span><\/p><\/td><\/tr><tr><td><p><span style=\"font-weight: 400;\">42<\/span><\/p><\/td><td><p><span style=\"font-weight: 400;\">2<\/span><\/p><\/td><td><p><span style=\"font-weight: 400;\">F\u00f6rnybara naturresurser &#8211; Definition och exempel &#8211; Hur anv\u00e4nds f\u00f6rnybara resurser? &#8211; F\u00f6rdelar och utmaningar med f\u00f6rnybara resurser<\/span><\/p><\/td><td><p><span style=\"font-weight: 400;\">N\u00e4mn en f\u00f6rdel och en utmaning med att anv\u00e4nda f\u00f6rnybara naturresurser.<\/span><\/p><\/td><\/tr><tr><td><p><span style=\"font-weight: 400;\">43<\/span><\/p><\/td><td><p><span style=\"font-weight: 400;\">3<\/span><\/p><\/td><td><p><span style=\"font-weight: 400;\">Icke-f\u00f6rnybara naturresurser &#8211; Definition och exempel &#8211; Hur anv\u00e4nds icke-f\u00f6rnybara resurser? &#8211; Konsekvenser av att anv\u00e4nda icke-f\u00f6rnybara resurser<\/span><\/p><\/td><td><p><span style=\"font-weight: 400;\">Ge ett exempel p\u00e5 hur anv\u00e4ndningen av icke-f\u00f6rnybara resurser kan p\u00e5verka milj\u00f6n.<\/span><\/p><\/td><\/tr><tr><td><p><span style=\"font-weight: 400;\">45<\/span><\/p><\/td><td><p><span style=\"font-weight: 400;\">4<\/span><\/p><\/td><td><p><span style=\"font-weight: 400;\">H\u00e5llbar anv\u00e4ndning av naturresurser &#8211; Vad inneb\u00e4r h\u00e5llbarhet? &#8211; Strategier f\u00f6r h\u00e5llbar anv\u00e4ndning av naturresurser &#8211; Diskussion om hur vi kan bidra till h\u00e5llbarhet<\/span><\/p><\/td><td><p><span style=\"font-weight: 400;\">Beskriv en strategi f\u00f6r att anv\u00e4nda naturresurser p\u00e5 ett h\u00e5llbart s\u00e4tt.<\/span><\/p><\/td><\/tr><\/tbody><\/table><h3>\u00a0<\/h3>\t\t\t\t\t\t\t\t<\/div>\n\t\t\t\t<\/div>\n\t\t\t\t<div class=\"elementor-element elementor-element-1a0e7191 elementor-widget elementor-widget-heading\" data-id=\"1a0e7191\" data-element_type=\"widget\" data-e-type=\"widget\" data-widget_type=\"heading.default\">\n\t\t\t\t<div class=\"elementor-widget-container\">\n\t\t\t\t\t<h3 class=\"elementor-heading-title elementor-size-default\">Forts\u00e4tt att utveckla<\/h3>\t\t\t\t<\/div>\n\t\t\t\t<\/div>\n\t\t<div class=\"elementor-element elementor-element-be25dd3 e-con-full e-flex e-con e-child\" data-id=\"be25dd3\" data-element_type=\"container\" data-e-type=\"container\">\n\t\t\t\t<div class=\"elementor-element elementor-element-10e0d0e6 elementor-widget elementor-widget-text-editor\" data-id=\"10e0d0e6\" data-element_type=\"widget\" data-e-type=\"widget\" data-widget_type=\"text-editor.default\">\n\t\t\t\t<div class=\"elementor-widget-container\">\n\t\t\t\t\t\t\t\t\t<p><span style=\"font-weight: 400;\">Om du inte \u00e4r n\u00f6jd med svaret, finjustera prompten och utveckla. Ge AI mer information, kanske om storleken p\u00e5 klassen, att det \u00e4r klass som beh\u00f6ver tydliga instruktioner eller att de beh\u00f6ver tr\u00e4na p\u00e5 att jobba i grupp. Var inte r\u00e4dd f\u00f6r att fr\u00e5ga igen och igen&#8230;<\/span><\/p>\t\t\t\t\t\t\t\t<\/div>\n\t\t\t\t<\/div>\n\t\t\t\t<\/div>\n\t\t\t\t<\/div>\n\t\t<div class=\"elementor-element elementor-element-529b76d5 e-con-full e-flex e-con e-child\" data-id=\"529b76d5\" data-element_type=\"container\" data-e-type=\"container\">\n\t\t\t\t<div class=\"elementor-element elementor-element-5d346fd5 elementor-widget elementor-widget-image\" data-id=\"5d346fd5\" data-element_type=\"widget\" data-e-type=\"widget\" data-widget_type=\"image.default\">\n\t\t\t\t<div class=\"elementor-widget-container\">\n\t\t\t\t\t\t\t\t\t\t\t\t\t\t\t<img fetchpriority=\"high\" decoding=\"async\" width=\"625\" height=\"625\" src=\"https:\/\/studieteknik.regionkronoberg.se\/wp-content\/uploads\/2024\/12\/flashcards-green.png\" class=\"attachment-medium_large size-medium_large wp-image-1395\" alt=\"Illustration av tre gr\u00f6na flashcards med bokst\u00e4ver i\" srcset=\"https:\/\/studieteknik.regionkronoberg.se\/wp-content\/uploads\/2024\/12\/flashcards-green.png 625w, https:\/\/studieteknik.regionkronoberg.se\/wp-content\/uploads\/2024\/12\/flashcards-green-300x300.png 300w, https:\/\/studieteknik.regionkronoberg.se\/wp-content\/uploads\/2024\/12\/flashcards-green-150x150.png 150w\" sizes=\"(max-width: 625px) 100vw, 625px\" \/>\t\t\t\t\t\t\t\t\t\t\t\t\t\t\t<\/div>\n\t\t\t\t<\/div>\n\t\t\t\t<\/div>\n\t\t\t\t<\/div>\n\t\t\t\t<\/div>\n\t\t\t\t<\/div>\n\t\t\t\t<\/div>\n\t\t\t\t<\/div>\n\t\t\t\t\t<\/div>\n\t\t\t\t<\/div>\n\t\t<div class=\"elementor-element elementor-element-165855a6 e-grid e-con-boxed e-con e-parent\" data-id=\"165855a6\" data-element_type=\"container\" data-e-type=\"container\">\n\t\t\t\t\t<div class=\"e-con-inner\">\n\t\t\t\t<div class=\"elementor-element elementor-element-515f0a2f elementor-widget elementor-widget-button\" data-id=\"515f0a2f\" data-element_type=\"widget\" data-e-type=\"widget\" data-widget_type=\"button.default\">\n\t\t\t\t<div class=\"elementor-widget-container\">\n\t\t\t\t\t\t\t\t\t<div class=\"elementor-button-wrapper\">\n\t\t\t\t\t<a class=\"elementor-button elementor-button-link elementor-size-sm\" href=\"https:\/\/studieteknik.regionkronoberg.se\/\/?page_id=3095\">\n\t\t\t\t\t\t<span class=\"elementor-button-content-wrapper\">\n\t\t\t\t\t\t<span class=\"elementor-button-icon\">\n\t\t\t\t<svg aria-hidden=\"true\" class=\"e-font-icon-svg e-fas-chevron-left\" viewBox=\"0 0 320 512\" xmlns=\"http:\/\/www.w3.org\/2000\/svg\"><path d=\"M34.52 239.03L228.87 44.69c9.37-9.37 24.57-9.37 33.94 0l22.67 22.67c9.36 9.36 9.37 24.52.04 33.9L131.49 256l154.02 154.75c9.34 9.38 9.32 24.54-.04 33.9l-22.67 22.67c-9.37 9.37-24.57 9.37-33.94 0L34.52 272.97c-9.37-9.37-9.37-24.57 0-33.94z\"><\/path><\/svg>\t\t\t<\/span>\n\t\t\t\t\t\t\t\t\t<span class=\"elementor-button-text\">AI som st\u00f6d i undervisningen<\/span>\n\t\t\t\t\t<\/span>\n\t\t\t\t\t<\/a>\n\t\t\t\t<\/div>\n\t\t\t\t\t\t\t\t<\/div>\n\t\t\t\t<\/div>\n\t\t\t\t<div class=\"elementor-element elementor-element-4e5d0b05 elementor-widget elementor-widget-button\" data-id=\"4e5d0b05\" data-element_type=\"widget\" data-e-type=\"widget\" data-widget_type=\"button.default\">\n\t\t\t\t<div class=\"elementor-widget-container\">\n\t\t\t\t\t\t\t\t\t<div class=\"elementor-button-wrapper\">\n\t\t\t\t\t<a class=\"elementor-button elementor-button-link elementor-size-sm\" href=\"https:\/\/studieteknik.regionkronoberg.se\/\/?page_id=3123\">\n\t\t\t\t\t\t<span class=\"elementor-button-content-wrapper\">\n\t\t\t\t\t\t<span class=\"elementor-button-icon\">\n\t\t\t\t<svg aria-hidden=\"true\" class=\"e-font-icon-svg e-fas-chevron-right\" viewBox=\"0 0 320 512\" xmlns=\"http:\/\/www.w3.org\/2000\/svg\"><path d=\"M285.476 272.971L91.132 467.314c-9.373 9.373-24.569 9.373-33.941 0l-22.667-22.667c-9.357-9.357-9.375-24.522-.04-33.901L188.505 256 34.484 101.255c-9.335-9.379-9.317-24.544.04-33.901l22.667-22.667c9.373-9.373 24.569-9.373 33.941 0L285.475 239.03c9.373 9.372 9.373 24.568.001 33.941z\"><\/path><\/svg>\t\t\t<\/span>\n\t\t\t\t\t\t\t\t\t<span class=\"elementor-button-text\">Viktigt att veta om chattbottar<\/span>\n\t\t\t\t\t<\/span>\n\t\t\t\t\t<\/a>\n\t\t\t\t<\/div>\n\t\t\t\t\t\t\t\t<\/div>\n\t\t\t\t<\/div>\n\t\t\t\t\t<\/div>\n\t\t\t\t<\/div>\n\t\t\t\t<\/div>\n\t\t","protected":false},"excerpt":{"rendered":"<p>AI i undervisningen &#8220;Kort beskrivning om \u00e4mnet&#8221; Vad \u00e4r en bra prompt T\u00e4nk p\u00e5 en prompt som instruktionen du ger till en kollega. Ju tydligare och mer specifik du \u00e4r, desto b\u00e4ttre blir resultatet. Om du bara s\u00e4ger \u2018skapa en lektionsplanering\u2019, s\u00e5 kan resultatet bli ganska generellt. Men om du f\u00f6rklarar vad lektionen ska handla [&hellip;]<\/p>\n","protected":false},"author":2,"featured_media":0,"parent":0,"menu_order":0,"comment_status":"closed","ping_status":"closed","template":"","meta":{"footnotes":""},"folder":[47],"class_list":["post-3102","page","type-page","status-publish","hentry"],"_links":{"self":[{"href":"https:\/\/studieteknik.regionkronoberg.se\/index.php?rest_route=\/wp\/v2\/pages\/3102","targetHints":{"allow":["GET"]}}],"collection":[{"href":"https:\/\/studieteknik.regionkronoberg.se\/index.php?rest_route=\/wp\/v2\/pages"}],"about":[{"href":"https:\/\/studieteknik.regionkronoberg.se\/index.php?rest_route=\/wp\/v2\/types\/page"}],"author":[{"embeddable":true,"href":"https:\/\/studieteknik.regionkronoberg.se\/index.php?rest_route=\/wp\/v2\/users\/2"}],"replies":[{"embeddable":true,"href":"https:\/\/studieteknik.regionkronoberg.se\/index.php?rest_route=%2Fwp%2Fv2%2Fcomments&post=3102"}],"version-history":[{"count":22,"href":"https:\/\/studieteknik.regionkronoberg.se\/index.php?rest_route=\/wp\/v2\/pages\/3102\/revisions"}],"predecessor-version":[{"id":4559,"href":"https:\/\/studieteknik.regionkronoberg.se\/index.php?rest_route=\/wp\/v2\/pages\/3102\/revisions\/4559"}],"wp:attachment":[{"href":"https:\/\/studieteknik.regionkronoberg.se\/index.php?rest_route=%2Fwp%2Fv2%2Fmedia&parent=3102"}],"wp:term":[{"taxonomy":"folder","embeddable":true,"href":"https:\/\/studieteknik.regionkronoberg.se\/index.php?rest_route=%2Fwp%2Fv2%2Ffolder&post=3102"}],"curies":[{"name":"wp","href":"https:\/\/api.w.org\/{rel}","templated":true}]}}