{"id":3109,"date":"2025-06-04T14:52:10","date_gmt":"2025-06-04T14:52:10","guid":{"rendered":"https:\/\/smart-forest-5135.standoutwp.com\/?page_id=3109"},"modified":"2026-01-07T11:00:53","modified_gmt":"2026-01-07T11:00:53","slug":"ai-teori-3","status":"publish","type":"page","link":"https:\/\/studieteknik.regionkronoberg.se\/?page_id=3109","title":{"rendered":"AI chattbottar"},"content":{"rendered":"\t\t<div data-elementor-type=\"wp-page\" data-elementor-id=\"3109\" class=\"elementor elementor-3109\" data-elementor-post-type=\"page\">\n\t\t\t\t<div class=\"elementor-element elementor-element-5c613592 e-flex e-con-boxed e-con e-parent\" data-id=\"5c613592\" data-element_type=\"container\" data-e-type=\"container\" data-settings=\"{&quot;background_background&quot;:&quot;classic&quot;}\">\n\t\t\t\t\t<div class=\"e-con-inner\">\n\t\t<div class=\"elementor-element elementor-element-65d667fa e-con-full e-flex e-con e-child\" data-id=\"65d667fa\" data-element_type=\"container\" data-e-type=\"container\">\n\t\t\t\t<div class=\"elementor-element elementor-element-1fc8a0b8 elementor-view-default elementor-widget elementor-widget-icon\" data-id=\"1fc8a0b8\" data-element_type=\"widget\" data-e-type=\"widget\" data-widget_type=\"icon.default\">\n\t\t\t\t<div class=\"elementor-widget-container\">\n\t\t\t\t\t\t\t<div class=\"elementor-icon-wrapper\">\n\t\t\t<div class=\"elementor-icon\">\n\t\t\t<svg aria-hidden=\"true\" class=\"e-font-icon-svg e-fas-robot\" viewBox=\"0 0 640 512\" xmlns=\"http:\/\/www.w3.org\/2000\/svg\"><path d=\"M32,224H64V416H32A31.96166,31.96166,0,0,1,0,384V256A31.96166,31.96166,0,0,1,32,224Zm512-48V448a64.06328,64.06328,0,0,1-64,64H160a64.06328,64.06328,0,0,1-64-64V176a79.974,79.974,0,0,1,80-80H288V32a32,32,0,0,1,64,0V96H464A79.974,79.974,0,0,1,544,176ZM264,256a40,40,0,1,0-40,40A39.997,39.997,0,0,0,264,256Zm-8,128H192v32h64Zm96,0H288v32h64ZM456,256a40,40,0,1,0-40,40A39.997,39.997,0,0,0,456,256Zm-8,128H384v32h64ZM640,256V384a31.96166,31.96166,0,0,1-32,32H576V224h32A31.96166,31.96166,0,0,1,640,256Z\"><\/path><\/svg>\t\t\t<\/div>\n\t\t<\/div>\n\t\t\t\t\t\t<\/div>\n\t\t\t\t<\/div>\n\t\t\t\t<div class=\"elementor-element elementor-element-2fa3d582 elementor-widget elementor-widget-heading\" data-id=\"2fa3d582\" data-element_type=\"widget\" data-e-type=\"widget\" data-widget_type=\"heading.default\">\n\t\t\t\t<div class=\"elementor-widget-container\">\n\t\t\t\t\t<h1 class=\"elementor-heading-title elementor-size-default\">AI i undervisningen<\/h1>\t\t\t\t<\/div>\n\t\t\t\t<\/div>\n\t\t\t\t<\/div>\n\t\t\t\t\t<\/div>\n\t\t\t\t<\/div>\n\t\t<div class=\"elementor-element elementor-element-1faf20f3 e-flex e-con-boxed e-con e-parent\" data-id=\"1faf20f3\" data-element_type=\"container\" data-e-type=\"container\" id=\"main-dynamic-container\">\n\t\t\t\t\t<div class=\"e-con-inner\">\n\t\t<div class=\"elementor-element elementor-element-57cb0644 e-con-full e-flex e-con e-child\" data-id=\"57cb0644\" data-element_type=\"container\" data-e-type=\"container\" data-settings=\"{&quot;background_background&quot;:&quot;classic&quot;}\">\n\t\t\t\t<div class=\"elementor-element elementor-element-8c12c6 elementor-nav-menu__text-align-aside elementor-widget elementor-widget-nav-menu\" data-id=\"8c12c6\" data-element_type=\"widget\" data-e-type=\"widget\" data-settings=\"{&quot;layout&quot;:&quot;dropdown&quot;,&quot;submenu_icon&quot;:{&quot;value&quot;:&quot;&lt;svg aria-hidden=\\&quot;true\\&quot; class=\\&quot;e-font-icon-svg e-fas-caret-down\\&quot; viewBox=\\&quot;0 0 320 512\\&quot; xmlns=\\&quot;http:\\\/\\\/www.w3.org\\\/2000\\\/svg\\&quot;&gt;&lt;path d=\\&quot;M31.3 192h257.3c17.8 0 26.7 21.5 14.1 34.1L174.1 354.8c-7.8 7.8-20.5 7.8-28.3 0L17.2 226.1C4.6 213.5 13.5 192 31.3 192z\\&quot;&gt;&lt;\\\/path&gt;&lt;\\\/svg&gt;&quot;,&quot;library&quot;:&quot;fa-solid&quot;}}\" data-widget_type=\"nav-menu.default\">\n\t\t\t\t<div class=\"elementor-widget-container\">\n\t\t\t\t\t\t\t\t<nav class=\"elementor-nav-menu--dropdown elementor-nav-menu__container\" aria-hidden=\"true\">\n\t\t\t\t<ul id=\"menu-2-8c12c6\" class=\"elementor-nav-menu\"><li class=\"menu-item menu-item-type-post_type menu-item-object-page menu-item-3094\"><a href=\"https:\/\/studieteknik.regionkronoberg.se\/?page_id=3088\" class=\"elementor-item\" tabindex=\"-1\">Om Ai i undervisningen<\/a><\/li>\n<li class=\"menu-item menu-item-type-post_type menu-item-object-page menu-item-3115\"><a href=\"https:\/\/studieteknik.regionkronoberg.se\/?page_id=3109\" class=\"elementor-item\" tabindex=\"-1\">AI chattbottar<\/a><\/li>\n<li class=\"menu-item menu-item-type-post_type menu-item-object-page menu-item-3101\"><a href=\"https:\/\/studieteknik.regionkronoberg.se\/?page_id=3095\" class=\"elementor-item\" tabindex=\"-1\">AI som st\u00f6d i undervisningen<\/a><\/li>\n<li class=\"menu-item menu-item-type-post_type menu-item-object-page menu-item-3108\"><a href=\"https:\/\/studieteknik.regionkronoberg.se\/?page_id=3102\" class=\"elementor-item\" tabindex=\"-1\">Vad \u00e4r en bra prompt<\/a><\/li>\n<li class=\"menu-item menu-item-type-post_type menu-item-object-page menu-item-3129\"><a href=\"https:\/\/studieteknik.regionkronoberg.se\/?page_id=3123\" class=\"elementor-item\" tabindex=\"-1\">Viktigt att veta om AI och chattbottar<\/a><\/li>\n<li class=\"menu-item menu-item-type-post_type menu-item-object-page menu-item-3136\"><a href=\"https:\/\/studieteknik.regionkronoberg.se\/?page_id=3130\" class=\"elementor-item\" tabindex=\"-1\">Promptbibliotek<\/a><\/li>\n<li class=\"menu-item menu-item-type-post_type menu-item-object-page menu-item-3143\"><a href=\"https:\/\/studieteknik.regionkronoberg.se\/?page_id=3137\" class=\"elementor-item\" tabindex=\"-1\">Film &#8211; och l\u00e4nktips om AI<\/a><\/li>\n<li class=\"menu-item menu-item-type-post_type menu-item-object-page menu-item-3153\"><a href=\"https:\/\/studieteknik.regionkronoberg.se\/?page_id=3144\" class=\"elementor-item\" tabindex=\"-1\">Uppgifter<\/a><\/li>\n<\/ul>\t\t\t<\/nav>\n\t\t\t\t\t\t<\/div>\n\t\t\t\t<\/div>\n\t\t\t\t<\/div>\n\t\t<div class=\"elementor-element elementor-element-40eaadbc e-con-full main-dynamic-container e-flex e-con e-child\" data-id=\"40eaadbc\" data-element_type=\"container\" data-e-type=\"container\" id=\"main-dynamic-container\">\n\t\t<div class=\"elementor-element elementor-element-313d7e28 e-con-full dynamic-content e-flex e-con e-child\" data-id=\"313d7e28\" data-element_type=\"container\" data-e-type=\"container\" id=\"theory-content3\">\n\t\t<div class=\"elementor-element elementor-element-57b11e8e e-con-full e-flex e-con e-child\" data-id=\"57b11e8e\" data-element_type=\"container\" data-e-type=\"container\">\n\t\t<div class=\"elementor-element elementor-element-1dc428a e-con-full e-flex e-con e-child\" data-id=\"1dc428a\" data-element_type=\"container\" data-e-type=\"container\" data-settings=\"{&quot;background_background&quot;:&quot;classic&quot;}\">\n\t\t<div class=\"elementor-element elementor-element-2f70827 e-con-full e-flex e-con e-child\" data-id=\"2f70827\" data-element_type=\"container\" data-e-type=\"container\">\n\t\t\t\t<div class=\"elementor-element elementor-element-5d300727 elementor-widget elementor-widget-heading\" data-id=\"5d300727\" data-element_type=\"widget\" data-e-type=\"widget\" data-widget_type=\"heading.default\">\n\t\t\t\t<div class=\"elementor-widget-container\">\n\t\t\t\t\t<h2 class=\"elementor-heading-title elementor-size-default\">AI Chattbottar<\/h2>\t\t\t\t<\/div>\n\t\t\t\t<\/div>\n\t\t\t\t<div class=\"elementor-element elementor-element-5225a05d elementor-widget__width-initial elementor-widget elementor-widget-text-editor\" data-id=\"5225a05d\" data-element_type=\"widget\" data-e-type=\"widget\" data-widget_type=\"text-editor.default\">\n\t\t\t\t<div class=\"elementor-widget-container\">\n\t\t\t\t\t\t\t\t\t<p data-start=\"164\" data-end=\"508\">En <strong data-start=\"167\" data-end=\"189\">AI-driven chattbot<\/strong> (eller konversationsrobot) \u00e4r ett digitalt verktyg som anv\u00e4nds f\u00f6r att f\u00f6ra samtal, ofta i textform, ibland med tal. Dessa chattbotar bygger p\u00e5 s\u00e5 kallade <strong data-start=\"369\" data-end=\"386\">spr\u00e5kmodeller<\/strong> . En spr\u00e5kmodell \u00e4r ett AI-system som har tr\u00e4nats p\u00e5 enorma m\u00e4ngder text och d\u00e4rf\u00f6r kan f\u00f6rst\u00e5 fr\u00e5gor och formulera svar p\u00e5 ett m\u00e4nskligt s\u00e4tt.<\/p><p data-start=\"164\" data-end=\"508\">Exempel p\u00e5 Chattbottar \u00e4r ChatGPT, Gemini och Copilot.<\/p><p data-start=\"164\" data-end=\"508\"><strong>Viktigt!<\/strong> Kontakta it-ansvarig i din kommun (eller skola) f\u00f6r att veta vilka AI-verktyg som \u00e4r till\u00e5tna att anv\u00e4nda p\u00e5 din skola.<\/p><p data-start=\"510\" data-end=\"805\">\u00a0<\/p>\t\t\t\t\t\t\t\t<\/div>\n\t\t\t\t<\/div>\n\t\t\t\t<\/div>\n\t\t\t\t<\/div>\n\t\t<div class=\"elementor-element elementor-element-461b875b e-con-full e-flex e-con e-child\" data-id=\"461b875b\" data-element_type=\"container\" data-e-type=\"container\" data-settings=\"{&quot;background_background&quot;:&quot;classic&quot;}\">\n\t\t<div class=\"elementor-element elementor-element-47826458 e-con-full e-flex e-con e-child\" data-id=\"47826458\" data-element_type=\"container\" data-e-type=\"container\">\n\t\t\t\t<div class=\"elementor-element elementor-element-647e328b elementor-widget elementor-widget-heading\" data-id=\"647e328b\" data-element_type=\"widget\" data-e-type=\"widget\" data-widget_type=\"heading.default\">\n\t\t\t\t<div class=\"elementor-widget-container\">\n\t\t\t\t\t<h3 class=\"elementor-heading-title elementor-size-default\">Tillg\u00e4ngliga Chattbottar <\/h3>\t\t\t\t<\/div>\n\t\t\t\t<\/div>\n\t\t\t\t<div class=\"elementor-element elementor-element-10fcb270 elementor-widget elementor-widget-text-editor\" data-id=\"10fcb270\" data-element_type=\"widget\" data-e-type=\"widget\" data-widget_type=\"text-editor.default\">\n\t\t\t\t<div class=\"elementor-widget-container\">\n\t\t\t\t\t\t\t\t\t<p><span style=\"font-weight: 400;\">M\u00e5nga AI verktyg och AI chattbottar \u00e4r f\u00f6renligt med en kostnad och prenumerationstj\u00e4nst. I snitt kostar ett AI verktyg drygt 200 kr\/m\u00e5naden.\u00a0<br \/><\/span><\/p><p>Nedan har vi tagit upp tv\u00e5 verktyg som \u00e4r tillg\u00e4ngliga kostnadsfritt d\u00e5 respektive kommun har avtal med Microsoft och\/eller Google. Vissa kommuner har bara tillg\u00e5ng till enbart Copilot.<\/p><p>Verktygen \u00e4r i f\u00f6rsta hand avsett f\u00f6r att anv\u00e4ndas av pedagoger d\u00e5 AI verktyg ofta har en \u00e5ldersgr\u00e4ns.<\/p>\t\t\t\t\t\t\t\t<\/div>\n\t\t\t\t<\/div>\n\t\t\t\t<div class=\"elementor-element elementor-element-4a158c41 elementor-widget elementor-widget-heading\" data-id=\"4a158c41\" data-element_type=\"widget\" data-e-type=\"widget\" data-widget_type=\"heading.default\">\n\t\t\t\t<div class=\"elementor-widget-container\">\n\t\t\t\t\t<h3 class=\"elementor-heading-title elementor-size-default\">Google Gemini<\/h3>\t\t\t\t<\/div>\n\t\t\t\t<\/div>\n\t\t\t\t<div class=\"elementor-element elementor-element-4e6f8dd2 elementor-widget elementor-widget-text-editor\" data-id=\"4e6f8dd2\" data-element_type=\"widget\" data-e-type=\"widget\" data-widget_type=\"text-editor.default\">\n\t\t\t\t<div class=\"elementor-widget-container\">\n\t\t\t\t\t\t\t\t\t<ul><li class=\"esw-p\">Google Gemini \u00e4r Googles generativa AI-verktyg.<\/li><li class=\"esw-p\">Gemini \u00e4r en multimodal AI, vilket inneb\u00e4r att den kan arbeta med och f\u00f6rst\u00e5 olika typer av data, inklusive text, bilder, ljud och kod.<span class=\"pjBG2e\" data-cid=\"7a959dea-4421-46f5-b53a-9c393dc3801e\"><span class=\"UV3uM\">\u00a0<\/span><\/span><\/li><li>Gemini kan anv\u00e4ndas via\u00a0 webben <a class=\"uVhVib\" href=\"https:\/\/gemini.google.com\/\">https:\/\/gemini.google.com\/<\/a>\u00a0eller mobilappen.<\/li><li>Har en \u00e5ldersgr\u00e4ns p\u00e5 13 \u00e5r.<\/li><\/ul>\t\t\t\t\t\t\t\t<\/div>\n\t\t\t\t<\/div>\n\t\t\t\t<div class=\"elementor-element elementor-element-282015d1 elementor-widget elementor-widget-heading\" data-id=\"282015d1\" data-element_type=\"widget\" data-e-type=\"widget\" data-widget_type=\"heading.default\">\n\t\t\t\t<div class=\"elementor-widget-container\">\n\t\t\t\t\t<h3 class=\"elementor-heading-title elementor-size-default\">Microsoft Copilot<\/h3>\t\t\t\t<\/div>\n\t\t\t\t<\/div>\n\t\t\t\t<div class=\"elementor-element elementor-element-fb2be4a elementor-widget elementor-widget-text-editor\" data-id=\"fb2be4a\" data-element_type=\"widget\" data-e-type=\"widget\" data-widget_type=\"text-editor.default\">\n\t\t\t\t<div class=\"elementor-widget-container\">\n\t\t\t\t\t\t\t\t\t<ul><li class=\"esw-p\">Microsoft Copilot \u00e4r Microsofts generativa AI-verktyg.<\/li><li class=\"esw-p\">Copilot \u00e4r delvis en multimodal AI, vilket inneb\u00e4r att den kan arbeta med och f\u00f6rst\u00e5 olika typer av data, inklusive text, bilder, ljud och kod.<span class=\"pjBG2e\" data-cid=\"7a959dea-4421-46f5-b53a-9c393dc3801e\"><span class=\"UV3uM\">\u00a0<\/span><\/span><\/li><li>Copilot kan anv\u00e4ndas via\u00a0 webben <a href=\"https:\/\/copilot.microsoft.com\/\">https:\/\/copilot.microsoft.com\/<\/a>\u00a0 eller mobilappen.<span class=\"pjBG2e\" data-cid=\"4d20bc3c-0da6-4f10-bc08-27c2df75290b\"><span class=\"UV3uM\">\u00a0<\/span><\/span><\/li><li>Samtliga pedagoger i Kronoberg har tillg\u00e5ng till Copilot via sin kommun. (Inloggning med &#8220;skolkonto&#8221;)<\/li><\/ul>\t\t\t\t\t\t\t\t<\/div>\n\t\t\t\t<\/div>\n\t\t\t\t<\/div>\n\t\t<div class=\"elementor-element elementor-element-7427ccdf e-con-full e-flex e-con e-child\" data-id=\"7427ccdf\" data-element_type=\"container\" data-e-type=\"container\">\n\t\t\t\t<div class=\"elementor-element elementor-element-539da4df elementor-widget elementor-widget-image\" data-id=\"539da4df\" data-element_type=\"widget\" data-e-type=\"widget\" data-widget_type=\"image.default\">\n\t\t\t\t<div class=\"elementor-widget-container\">\n\t\t\t\t\t\t\t\t\t\t\t\t\t\t\t<img decoding=\"async\" width=\"300\" height=\"111\" src=\"https:\/\/studieteknik.regionkronoberg.se\/wp-content\/uploads\/2025\/06\/Google_Gemini_logo.svg-300x111.png\" class=\"attachment-medium size-medium wp-image-3649\" alt=\"Google Gemini Logga\" srcset=\"https:\/\/studieteknik.regionkronoberg.se\/wp-content\/uploads\/2025\/06\/Google_Gemini_logo.svg-300x111.png 300w, https:\/\/studieteknik.regionkronoberg.se\/wp-content\/uploads\/2025\/06\/Google_Gemini_logo.svg-768x284.png 768w, https:\/\/studieteknik.regionkronoberg.se\/wp-content\/uploads\/2025\/06\/Google_Gemini_logo.svg.png 1024w\" sizes=\"(max-width: 300px) 100vw, 300px\" \/>\t\t\t\t\t\t\t\t\t\t\t\t\t\t\t<\/div>\n\t\t\t\t<\/div>\n\t\t\t\t<div class=\"elementor-element elementor-element-5fbd790 elementor-widget-divider--view-line elementor-widget elementor-widget-divider\" data-id=\"5fbd790\" data-element_type=\"widget\" data-e-type=\"widget\" data-widget_type=\"divider.default\">\n\t\t\t\t<div class=\"elementor-widget-container\">\n\t\t\t\t\t\t\t<div class=\"elementor-divider\">\n\t\t\t<span class=\"elementor-divider-separator\">\n\t\t\t\t\t\t<\/span>\n\t\t<\/div>\n\t\t\t\t\t\t<\/div>\n\t\t\t\t<\/div>\n\t\t\t\t<div class=\"elementor-element elementor-element-1f4b7411 elementor-widget elementor-widget-image\" data-id=\"1f4b7411\" data-element_type=\"widget\" data-e-type=\"widget\" data-widget_type=\"image.default\">\n\t\t\t\t<div class=\"elementor-widget-container\">\n\t\t\t\t\t\t\t\t\t\t\t\t\t\t\t<img fetchpriority=\"high\" decoding=\"async\" width=\"300\" height=\"188\" src=\"https:\/\/studieteknik.regionkronoberg.se\/wp-content\/uploads\/2025\/06\/copilot_logo-1-300x188.png\" class=\"attachment-medium size-medium wp-image-3650\" alt=\"Logga f\u00f6r verktyget Copilot\" srcset=\"https:\/\/studieteknik.regionkronoberg.se\/wp-content\/uploads\/2025\/06\/copilot_logo-1-300x188.png 300w, https:\/\/studieteknik.regionkronoberg.se\/wp-content\/uploads\/2025\/06\/copilot_logo-1-1024x640.png 1024w, https:\/\/studieteknik.regionkronoberg.se\/wp-content\/uploads\/2025\/06\/copilot_logo-1-768x480.png 768w, https:\/\/studieteknik.regionkronoberg.se\/wp-content\/uploads\/2025\/06\/copilot_logo-1.png 1280w\" sizes=\"(max-width: 300px) 100vw, 300px\" \/>\t\t\t\t\t\t\t\t\t\t\t\t\t\t\t<\/div>\n\t\t\t\t<\/div>\n\t\t\t\t<\/div>\n\t\t\t\t<\/div>\n\t\t<div class=\"elementor-element elementor-element-3f01b66 e-con-full e-flex e-con e-child\" data-id=\"3f01b66\" data-element_type=\"container\" data-e-type=\"container\" data-settings=\"{&quot;background_background&quot;:&quot;classic&quot;}\">\n\t\t<div class=\"elementor-element elementor-element-2e49759d e-con-full e-flex e-con e-child\" data-id=\"2e49759d\" data-element_type=\"container\" data-e-type=\"container\">\n\t\t\t\t<div class=\"elementor-element elementor-element-437b6f1 elementor-widget elementor-widget-heading\" data-id=\"437b6f1\" data-element_type=\"widget\" data-e-type=\"widget\" data-widget_type=\"heading.default\">\n\t\t\t\t<div class=\"elementor-widget-container\">\n\t\t\t\t\t<h3 class=\"elementor-heading-title elementor-size-default\">T\u00e4nk p\u00e5 detta n\u00e4r du jobbar med AI chattbottar<\/h3>\t\t\t\t<\/div>\n\t\t\t\t<\/div>\n\t\t\t\t<div class=\"elementor-element elementor-element-c9cb5cf elementor-widget elementor-widget-text-editor\" data-id=\"c9cb5cf\" data-element_type=\"widget\" data-e-type=\"widget\" data-widget_type=\"text-editor.default\">\n\t\t\t\t<div class=\"elementor-widget-container\">\n\t\t\t\t\t\t\t\t\t<h4>Var f\u00f6rsiktig med informationen<\/h4><p>Vid anv\u00e4ndning AI-verktyg som Copilot eller Gemini \u00e4r det viktigt att vara f\u00f6rsiktig med vilken information som skrivs in. Dessa verktyg ska aldrig anv\u00e4ndas f\u00f6r att hantera texter, material eller fr\u00e5gor som inneh\u00e5ller k\u00e4nsliga personuppgifter (till exempel s\u00e5nt som \u00e4r skyddsv\u00e4rt eller handlar om personlig integritet). Detsamma g\u00e4ller annan intern eller hemlig information. Det handlar helt enkelt om att vara noggrann med dataskyddet.<\/p><h4>Expertis \u00e4r viktig<\/h4><p>\u00c4ven om AI-genererade texter kan vara imponerande, kan de inneh\u00e5lla fel, f\u00f6rdomar eller vinklade budskap. Det beror p\u00e5 den data de har tr\u00e4nats p\u00e5. D\u00e4rf\u00f6r \u00e4r det oerh\u00f6rt viktigt att vara kritisk till det som AI:n genererar. Dubbelkolla materialet och g\u00f6ra en egen professionell bed\u00f6mning innan det anv\u00e4nds i undervisningen.<strong> Se AI-verktyget som ett hj\u00e4lpmedel, inte som en ers\u00e4ttare f\u00f6r\u00a0 kunskap och erfarenhet.\u00a0<\/strong><\/p>\t\t\t\t\t\t\t\t<\/div>\n\t\t\t\t<\/div>\n\t\t\t\t<\/div>\n\t\t<div class=\"elementor-element elementor-element-7cc931e4 e-con-full e-flex e-con e-child\" data-id=\"7cc931e4\" data-element_type=\"container\" data-e-type=\"container\">\n\t\t\t\t<\/div>\n\t\t\t\t<\/div>\n\t\t\t\t<\/div>\n\t\t\t\t<\/div>\n\t\t\t\t<\/div>\n\t\t\t\t\t<\/div>\n\t\t\t\t<\/div>\n\t\t<div class=\"elementor-element elementor-element-fb2f43c e-grid e-con-boxed e-con e-parent\" data-id=\"fb2f43c\" data-element_type=\"container\" data-e-type=\"container\">\n\t\t\t\t\t<div class=\"e-con-inner\">\n\t\t\t\t<div class=\"elementor-element elementor-element-26910b01 elementor-widget elementor-widget-button\" data-id=\"26910b01\" data-element_type=\"widget\" data-e-type=\"widget\" data-widget_type=\"button.default\">\n\t\t\t\t<div class=\"elementor-widget-container\">\n\t\t\t\t\t\t\t\t\t<div class=\"elementor-button-wrapper\">\n\t\t\t\t\t<a class=\"elementor-button elementor-button-link elementor-size-sm\" href=\"https:\/\/studieteknik.regionkronoberg.se\/\/?page_id=3088\">\n\t\t\t\t\t\t<span class=\"elementor-button-content-wrapper\">\n\t\t\t\t\t\t<span class=\"elementor-button-icon\">\n\t\t\t\t<svg aria-hidden=\"true\" class=\"e-font-icon-svg e-fas-chevron-left\" viewBox=\"0 0 320 512\" xmlns=\"http:\/\/www.w3.org\/2000\/svg\"><path d=\"M34.52 239.03L228.87 44.69c9.37-9.37 24.57-9.37 33.94 0l22.67 22.67c9.36 9.36 9.37 24.52.04 33.9L131.49 256l154.02 154.75c9.34 9.38 9.32 24.54-.04 33.9l-22.67 22.67c-9.37 9.37-24.57 9.37-33.94 0L34.52 272.97c-9.37-9.37-9.37-24.57 0-33.94z\"><\/path><\/svg>\t\t\t<\/span>\n\t\t\t\t\t\t\t\t\t<span class=\"elementor-button-text\">Om AI i undervisningen<\/span>\n\t\t\t\t\t<\/span>\n\t\t\t\t\t<\/a>\n\t\t\t\t<\/div>\n\t\t\t\t\t\t\t\t<\/div>\n\t\t\t\t<\/div>\n\t\t\t\t<div class=\"elementor-element elementor-element-3c8b22dd elementor-widget elementor-widget-button\" data-id=\"3c8b22dd\" data-element_type=\"widget\" data-e-type=\"widget\" data-widget_type=\"button.default\">\n\t\t\t\t<div class=\"elementor-widget-container\">\n\t\t\t\t\t\t\t\t\t<div class=\"elementor-button-wrapper\">\n\t\t\t\t\t<a class=\"elementor-button elementor-button-link elementor-size-sm\" href=\"https:\/\/studieteknik.regionkronoberg.se\/\/?page_id=3095\">\n\t\t\t\t\t\t<span class=\"elementor-button-content-wrapper\">\n\t\t\t\t\t\t<span class=\"elementor-button-icon\">\n\t\t\t\t<svg aria-hidden=\"true\" class=\"e-font-icon-svg e-fas-chevron-right\" viewBox=\"0 0 320 512\" xmlns=\"http:\/\/www.w3.org\/2000\/svg\"><path d=\"M285.476 272.971L91.132 467.314c-9.373 9.373-24.569 9.373-33.941 0l-22.667-22.667c-9.357-9.357-9.375-24.522-.04-33.901L188.505 256 34.484 101.255c-9.335-9.379-9.317-24.544.04-33.901l22.667-22.667c9.373-9.373 24.569-9.373 33.941 0L285.475 239.03c9.373 9.372 9.373 24.568.001 33.941z\"><\/path><\/svg>\t\t\t<\/span>\n\t\t\t\t\t\t\t\t\t<span class=\"elementor-button-text\">AI som st\u00f6d i undervisningen<\/span>\n\t\t\t\t\t<\/span>\n\t\t\t\t\t<\/a>\n\t\t\t\t<\/div>\n\t\t\t\t\t\t\t\t<\/div>\n\t\t\t\t<\/div>\n\t\t\t\t\t<\/div>\n\t\t\t\t<\/div>\n\t\t\t\t<\/div>\n\t\t","protected":false},"excerpt":{"rendered":"<p>AI i undervisningen AI Chattbottar En AI-driven chattbot (eller konversationsrobot) \u00e4r ett digitalt verktyg som anv\u00e4nds f\u00f6r att f\u00f6ra samtal, ofta i textform, ibland med tal. Dessa chattbotar bygger p\u00e5 s\u00e5 kallade spr\u00e5kmodeller . En spr\u00e5kmodell \u00e4r ett AI-system som har tr\u00e4nats p\u00e5 enorma m\u00e4ngder text och d\u00e4rf\u00f6r kan f\u00f6rst\u00e5 fr\u00e5gor och formulera svar p\u00e5 [&hellip;]<\/p>\n","protected":false},"author":2,"featured_media":0,"parent":0,"menu_order":0,"comment_status":"closed","ping_status":"closed","template":"","meta":{"footnotes":""},"folder":[47],"class_list":["post-3109","page","type-page","status-publish","hentry"],"_links":{"self":[{"href":"https:\/\/studieteknik.regionkronoberg.se\/index.php?rest_route=\/wp\/v2\/pages\/3109","targetHints":{"allow":["GET"]}}],"collection":[{"href":"https:\/\/studieteknik.regionkronoberg.se\/index.php?rest_route=\/wp\/v2\/pages"}],"about":[{"href":"https:\/\/studieteknik.regionkronoberg.se\/index.php?rest_route=\/wp\/v2\/types\/page"}],"author":[{"embeddable":true,"href":"https:\/\/studieteknik.regionkronoberg.se\/index.php?rest_route=\/wp\/v2\/users\/2"}],"replies":[{"embeddable":true,"href":"https:\/\/studieteknik.regionkronoberg.se\/index.php?rest_route=%2Fwp%2Fv2%2Fcomments&post=3109"}],"version-history":[{"count":28,"href":"https:\/\/studieteknik.regionkronoberg.se\/index.php?rest_route=\/wp\/v2\/pages\/3109\/revisions"}],"predecessor-version":[{"id":4553,"href":"https:\/\/studieteknik.regionkronoberg.se\/index.php?rest_route=\/wp\/v2\/pages\/3109\/revisions\/4553"}],"wp:attachment":[{"href":"https:\/\/studieteknik.regionkronoberg.se\/index.php?rest_route=%2Fwp%2Fv2%2Fmedia&parent=3109"}],"wp:term":[{"taxonomy":"folder","embeddable":true,"href":"https:\/\/studieteknik.regionkronoberg.se\/index.php?rest_route=%2Fwp%2Fv2%2Ffolder&post=3109"}],"curies":[{"name":"wp","href":"https:\/\/api.w.org\/{rel}","templated":true}]}}