{"id":3137,"date":"2025-06-07T08:12:01","date_gmt":"2025-06-07T08:12:01","guid":{"rendered":"https:\/\/smart-forest-5135.standoutwp.com\/?page_id=3137"},"modified":"2026-01-07T11:03:45","modified_gmt":"2026-01-07T11:03:45","slug":"ai-material","status":"publish","type":"page","link":"https:\/\/studieteknik.regionkronoberg.se\/?page_id=3137","title":{"rendered":"Tips om AI"},"content":{"rendered":"\t\t<div data-elementor-type=\"wp-page\" data-elementor-id=\"3137\" class=\"elementor elementor-3137\" data-elementor-post-type=\"page\">\n\t\t\t\t<div class=\"elementor-element elementor-element-afea2fe e-flex e-con-boxed e-con e-parent\" data-id=\"afea2fe\" data-element_type=\"container\" data-e-type=\"container\" data-settings=\"{&quot;background_background&quot;:&quot;classic&quot;}\">\n\t\t\t\t\t<div class=\"e-con-inner\">\n\t\t<div class=\"elementor-element elementor-element-22ddbdee e-con-full e-flex e-con e-child\" data-id=\"22ddbdee\" data-element_type=\"container\" data-e-type=\"container\">\n\t\t\t\t<div class=\"elementor-element elementor-element-7becda6a elementor-view-default elementor-widget elementor-widget-icon\" data-id=\"7becda6a\" data-element_type=\"widget\" data-e-type=\"widget\" data-widget_type=\"icon.default\">\n\t\t\t\t<div class=\"elementor-widget-container\">\n\t\t\t\t\t\t\t<div class=\"elementor-icon-wrapper\">\n\t\t\t<div class=\"elementor-icon\">\n\t\t\t<svg aria-hidden=\"true\" class=\"e-font-icon-svg e-fas-robot\" viewBox=\"0 0 640 512\" xmlns=\"http:\/\/www.w3.org\/2000\/svg\"><path d=\"M32,224H64V416H32A31.96166,31.96166,0,0,1,0,384V256A31.96166,31.96166,0,0,1,32,224Zm512-48V448a64.06328,64.06328,0,0,1-64,64H160a64.06328,64.06328,0,0,1-64-64V176a79.974,79.974,0,0,1,80-80H288V32a32,32,0,0,1,64,0V96H464A79.974,79.974,0,0,1,544,176ZM264,256a40,40,0,1,0-40,40A39.997,39.997,0,0,0,264,256Zm-8,128H192v32h64Zm96,0H288v32h64ZM456,256a40,40,0,1,0-40,40A39.997,39.997,0,0,0,456,256Zm-8,128H384v32h64ZM640,256V384a31.96166,31.96166,0,0,1-32,32H576V224h32A31.96166,31.96166,0,0,1,640,256Z\"><\/path><\/svg>\t\t\t<\/div>\n\t\t<\/div>\n\t\t\t\t\t\t<\/div>\n\t\t\t\t<\/div>\n\t\t\t\t<div class=\"elementor-element elementor-element-79cd3bf5 elementor-widget elementor-widget-heading\" data-id=\"79cd3bf5\" data-element_type=\"widget\" data-e-type=\"widget\" data-widget_type=\"heading.default\">\n\t\t\t\t<div class=\"elementor-widget-container\">\n\t\t\t\t\t<h1 class=\"elementor-heading-title elementor-size-default\">AI i undervisningen<\/h1>\t\t\t\t<\/div>\n\t\t\t\t<\/div>\n\t\t\t\t<\/div>\n\t\t\t\t\t<\/div>\n\t\t\t\t<\/div>\n\t\t<div class=\"elementor-element elementor-element-4f266dbe e-flex e-con-boxed e-con e-parent\" data-id=\"4f266dbe\" data-element_type=\"container\" data-e-type=\"container\" id=\"main-dynamic-container\">\n\t\t\t\t\t<div class=\"e-con-inner\">\n\t\t<div class=\"elementor-element elementor-element-eabe14c e-con-full e-flex e-con e-child\" data-id=\"eabe14c\" data-element_type=\"container\" data-e-type=\"container\" data-settings=\"{&quot;background_background&quot;:&quot;classic&quot;}\">\n\t\t\t\t<div class=\"elementor-element elementor-element-5450b272 elementor-nav-menu__text-align-aside elementor-widget elementor-widget-nav-menu\" data-id=\"5450b272\" data-element_type=\"widget\" data-e-type=\"widget\" data-settings=\"{&quot;layout&quot;:&quot;dropdown&quot;,&quot;submenu_icon&quot;:{&quot;value&quot;:&quot;&lt;svg aria-hidden=\\&quot;true\\&quot; class=\\&quot;e-font-icon-svg e-fas-caret-down\\&quot; viewBox=\\&quot;0 0 320 512\\&quot; xmlns=\\&quot;http:\\\/\\\/www.w3.org\\\/2000\\\/svg\\&quot;&gt;&lt;path d=\\&quot;M31.3 192h257.3c17.8 0 26.7 21.5 14.1 34.1L174.1 354.8c-7.8 7.8-20.5 7.8-28.3 0L17.2 226.1C4.6 213.5 13.5 192 31.3 192z\\&quot;&gt;&lt;\\\/path&gt;&lt;\\\/svg&gt;&quot;,&quot;library&quot;:&quot;fa-solid&quot;}}\" data-widget_type=\"nav-menu.default\">\n\t\t\t\t<div class=\"elementor-widget-container\">\n\t\t\t\t\t\t\t\t<nav class=\"elementor-nav-menu--dropdown elementor-nav-menu__container\" aria-hidden=\"true\">\n\t\t\t\t<ul id=\"menu-2-5450b272\" class=\"elementor-nav-menu\"><li class=\"menu-item menu-item-type-post_type menu-item-object-page menu-item-3094\"><a href=\"https:\/\/studieteknik.regionkronoberg.se\/?page_id=3088\" class=\"elementor-item\" tabindex=\"-1\">Om Ai i undervisningen<\/a><\/li>\n<li class=\"menu-item menu-item-type-post_type menu-item-object-page menu-item-3115\"><a href=\"https:\/\/studieteknik.regionkronoberg.se\/?page_id=3109\" class=\"elementor-item\" tabindex=\"-1\">AI chattbottar<\/a><\/li>\n<li class=\"menu-item menu-item-type-post_type menu-item-object-page menu-item-3101\"><a href=\"https:\/\/studieteknik.regionkronoberg.se\/?page_id=3095\" class=\"elementor-item\" tabindex=\"-1\">AI som st\u00f6d i undervisningen<\/a><\/li>\n<li class=\"menu-item menu-item-type-post_type menu-item-object-page menu-item-3108\"><a href=\"https:\/\/studieteknik.regionkronoberg.se\/?page_id=3102\" class=\"elementor-item\" tabindex=\"-1\">Vad \u00e4r en bra prompt<\/a><\/li>\n<li class=\"menu-item menu-item-type-post_type menu-item-object-page menu-item-3129\"><a href=\"https:\/\/studieteknik.regionkronoberg.se\/?page_id=3123\" class=\"elementor-item\" tabindex=\"-1\">Viktigt att veta om AI och chattbottar<\/a><\/li>\n<li class=\"menu-item menu-item-type-post_type menu-item-object-page menu-item-3136\"><a href=\"https:\/\/studieteknik.regionkronoberg.se\/?page_id=3130\" class=\"elementor-item\" tabindex=\"-1\">Promptbibliotek<\/a><\/li>\n<li class=\"menu-item menu-item-type-post_type menu-item-object-page menu-item-3143\"><a href=\"https:\/\/studieteknik.regionkronoberg.se\/?page_id=3137\" class=\"elementor-item\" tabindex=\"-1\">Film &#8211; och l\u00e4nktips om AI<\/a><\/li>\n<li class=\"menu-item menu-item-type-post_type menu-item-object-page menu-item-3153\"><a href=\"https:\/\/studieteknik.regionkronoberg.se\/?page_id=3144\" class=\"elementor-item\" tabindex=\"-1\">Uppgifter<\/a><\/li>\n<\/ul>\t\t\t<\/nav>\n\t\t\t\t\t\t<\/div>\n\t\t\t\t<\/div>\n\t\t\t\t<\/div>\n\t\t<div class=\"elementor-element elementor-element-381d2c8f e-con-full main-dynamic-container e-flex e-con e-child\" data-id=\"381d2c8f\" data-element_type=\"container\" data-e-type=\"container\" id=\"main-dynamic-container\">\n\t\t<div class=\"elementor-element elementor-element-80ca495 e-con-full dynamic-content e-flex e-con e-child\" data-id=\"80ca495\" data-element_type=\"container\" data-e-type=\"container\" id=\"material-content\">\n\t\t<div class=\"elementor-element elementor-element-7750ee79 e-con-full e-flex e-con e-child\" data-id=\"7750ee79\" data-element_type=\"container\" data-e-type=\"container\" data-settings=\"{&quot;background_background&quot;:&quot;classic&quot;}\">\n\t\t<div class=\"elementor-element elementor-element-5d88f2e e-con-full e-flex e-con e-child\" data-id=\"5d88f2e\" data-element_type=\"container\" data-e-type=\"container\">\n\t\t\t\t<div class=\"elementor-element elementor-element-10aa7b88 elementor-widget elementor-widget-heading\" data-id=\"10aa7b88\" data-element_type=\"widget\" data-e-type=\"widget\" data-widget_type=\"heading.default\">\n\t\t\t\t<div class=\"elementor-widget-container\">\n\t\t\t\t\t<h2 class=\"elementor-heading-title elementor-size-default\">Film - och l\u00e4nktips om AI<\/h2>\t\t\t\t<\/div>\n\t\t\t\t<\/div>\n\t\t\t\t<div class=\"elementor-element elementor-element-ef3425d elementor-widget elementor-widget-text-editor\" data-id=\"ef3425d\" data-element_type=\"widget\" data-e-type=\"widget\" data-widget_type=\"text-editor.default\">\n\t\t\t\t<div class=\"elementor-widget-container\">\n\t\t\t\t\t\t\t\t\t<p>H\u00e4r hittar du l\u00e4nktips, filmtips och lektionstips om AI.<\/p>\t\t\t\t\t\t\t\t<\/div>\n\t\t\t\t<\/div>\n\t\t\t\t<\/div>\n\t\t\t\t<\/div>\n\t\t<div class=\"elementor-element elementor-element-6df0922b e-con-full e-flex e-con e-child\" data-id=\"6df0922b\" data-element_type=\"container\" data-e-type=\"container\" data-settings=\"{&quot;background_background&quot;:&quot;classic&quot;}\">\n\t\t<div class=\"elementor-element elementor-element-75aa6e31 e-con-full e-flex e-con e-child\" data-id=\"75aa6e31\" data-element_type=\"container\" data-e-type=\"container\">\n\t\t\t\t<div class=\"elementor-element elementor-element-e91550a elementor-widget elementor-widget-heading\" data-id=\"e91550a\" data-element_type=\"widget\" data-e-type=\"widget\" data-widget_type=\"heading.default\">\n\t\t\t\t<div class=\"elementor-widget-container\">\n\t\t\t\t\t<h3 class=\"elementor-heading-title elementor-size-default\">L\u00e4nkar<\/h3>\t\t\t\t<\/div>\n\t\t\t\t<\/div>\n\t\t<div class=\"elementor-element elementor-element-42517ba4 e-con-full e-flex e-con e-child\" data-id=\"42517ba4\" data-element_type=\"container\" data-e-type=\"container\">\n\t\t\t\t<div class=\"elementor-element elementor-element-4f26d951 elementor-widget elementor-widget-text-editor\" data-id=\"4f26d951\" data-element_type=\"widget\" data-e-type=\"widget\" data-widget_type=\"text-editor.default\">\n\t\t\t\t<div class=\"elementor-widget-container\">\n\t\t\t\t\t\t\t\t\t<p class=\"supersize\"><strong>L\u00e4stips: AI i skolan \u2013 nytt f\u00f6r b\u00e5de l\u00e4rare och elever<br \/><\/strong>Artikel om vilken plats har AI-verktygen i klassrummen, och hur ska man l\u00e4ra ut det man kanske knappt f\u00f6rst\u00e5r sj\u00e4lv?<\/p><ul><li aria-level=\"1\"><a href=\"https:\/\/internetstiftelsen.se\/nyheter\/ai-i-skolan\/\">https:\/\/internetstiftelsen.se\/nyheter\/ai-i-skolan\/<\/a><\/li><\/ul>\t\t\t\t\t\t\t\t<\/div>\n\t\t\t\t<\/div>\n\t\t\t\t<\/div>\n\t\t<div class=\"elementor-element elementor-element-14adcda e-con-full e-flex e-con e-child\" data-id=\"14adcda\" data-element_type=\"container\" data-e-type=\"container\">\n\t\t\t\t<div class=\"elementor-element elementor-element-324aee2 elementor-widget elementor-widget-text-editor\" data-id=\"324aee2\" data-element_type=\"widget\" data-e-type=\"widget\" data-widget_type=\"text-editor.default\">\n\t\t\t\t<div class=\"elementor-widget-container\">\n\t\t\t\t\t\t\t\t\t<p><strong>Internetstiftelsen: Lektioner i AI f\u00f6r alla \u00e5ldrar<\/strong><\/p><p>H\u00e4r hittar du lektioner f\u00f6r h\u00f6gstadiet om vad AI \u00e4r f\u00f6r n\u00e5got och hur det fungerar. Men \u00e4ven lektioner som handlar om de sv\u00e5righeter som uppst\u00e5r n\u00e4r AI anv\u00e4nds och inte riktigt fungerar s\u00e5 bra som det \u00e4r t\u00e4nkt.\u00a0<\/p><ul><li><a href=\"https:\/\/digitalalektioner.se\/lektioner-i-ai\/#ak79\">https:\/\/digitalalektioner.se\/lektioner-i-ai\/#ak79\u00a0<\/a><\/li><\/ul>\t\t\t\t\t\t\t\t<\/div>\n\t\t\t\t<\/div>\n\t\t\t\t<\/div>\n\t\t<div class=\"elementor-element elementor-element-9485bc3 e-con-full e-flex e-con e-child\" data-id=\"9485bc3\" data-element_type=\"container\" data-e-type=\"container\">\n\t\t\t\t<div class=\"elementor-element elementor-element-d416b77 elementor-widget elementor-widget-text-editor\" data-id=\"d416b77\" data-element_type=\"widget\" data-e-type=\"widget\" data-widget_type=\"text-editor.default\">\n\t\t\t\t<div class=\"elementor-widget-container\">\n\t\t\t\t\t\t\t\t\t<p><strong>Eduai.se: Promptgenerator<\/strong><\/p><div class=\"text-center\"><p class=\"text-lg text-gray-600 max-w-3xl mx-auto\">Skapa skr\u00e4ddarsydda AI-prompts f\u00f6r dina specifika behov.<\/p><\/div><div class=\"max-w-3xl mx-auto text-center mb-10\"><p class=\"text-lg text-gray-600\">Skriv in dina detaljer i f\u00e4lten nedan f\u00f6r att generera en effektiv prompt som hj\u00e4lper dig att f\u00e5 b\u00e4ttre resultat fr\u00e5n AI-verktyg.<\/p><\/div><ul><li><a href=\"https:\/\/eduai.se\/prompt-generator\">https:\/\/eduai.se\/prompt-generator<\/a>\u00a0<\/li><\/ul>\t\t\t\t\t\t\t\t<\/div>\n\t\t\t\t<\/div>\n\t\t\t\t<\/div>\n\t\t\t\t<\/div>\n\t\t<div class=\"elementor-element elementor-element-6650c4a4 e-con-full e-flex e-con e-child\" data-id=\"6650c4a4\" data-element_type=\"container\" data-e-type=\"container\">\n\t\t\t\t<div class=\"elementor-element elementor-element-7fd36461 elementor-widget elementor-widget-image\" data-id=\"7fd36461\" data-element_type=\"widget\" data-e-type=\"widget\" data-widget_type=\"image.default\">\n\t\t\t\t<div class=\"elementor-widget-container\">\n\t\t\t\t\t\t\t\t\t\t\t\t\t\t\t<img fetchpriority=\"high\" decoding=\"async\" width=\"300\" height=\"300\" src=\"https:\/\/studieteknik.regionkronoberg.se\/wp-content\/uploads\/2024\/12\/chainlink-pink-300x300.png\" class=\"attachment-medium size-medium wp-image-1575\" alt=\"illustration av en rosa kedja f\u00f6r att visa l\u00e4nkar p\u00e5 n\u00e4tet\" srcset=\"https:\/\/studieteknik.regionkronoberg.se\/wp-content\/uploads\/2024\/12\/chainlink-pink-300x300.png 300w, https:\/\/studieteknik.regionkronoberg.se\/wp-content\/uploads\/2024\/12\/chainlink-pink-150x150.png 150w, https:\/\/studieteknik.regionkronoberg.se\/wp-content\/uploads\/2024\/12\/elementor\/thumbs\/chainlink-pink-qyowcc7gdpt0xpz7co0b5ikg4yvb1fvxq9bhg4aihq.png 35w, https:\/\/studieteknik.regionkronoberg.se\/wp-content\/uploads\/2024\/12\/chainlink-pink.png 625w\" sizes=\"(max-width: 300px) 100vw, 300px\" \/>\t\t\t\t\t\t\t\t\t\t\t\t\t\t\t<\/div>\n\t\t\t\t<\/div>\n\t\t\t\t<\/div>\n\t\t\t\t<\/div>\n\t\t<div class=\"elementor-element elementor-element-38a7cca e-con-full e-flex e-con e-child\" data-id=\"38a7cca\" data-element_type=\"container\" data-e-type=\"container\" data-settings=\"{&quot;background_background&quot;:&quot;classic&quot;}\">\n\t\t<div class=\"elementor-element elementor-element-057d9fd e-con-full e-flex e-con e-child\" data-id=\"057d9fd\" data-element_type=\"container\" data-e-type=\"container\">\n\t\t\t\t<div class=\"elementor-element elementor-element-4ddac4e elementor-widget elementor-widget-heading\" data-id=\"4ddac4e\" data-element_type=\"widget\" data-e-type=\"widget\" data-widget_type=\"heading.default\">\n\t\t\t\t<div class=\"elementor-widget-container\">\n\t\t\t\t\t<h3 class=\"elementor-heading-title elementor-size-default\">Film<\/h3>\t\t\t\t<\/div>\n\t\t\t\t<\/div>\n\t\t<div class=\"elementor-element elementor-element-5a4e82e e-con-full e-flex e-con e-child\" data-id=\"5a4e82e\" data-element_type=\"container\" data-e-type=\"container\">\n\t\t\t\t<div class=\"elementor-element elementor-element-5814b13 elementor-widget elementor-widget-text-editor\" data-id=\"5814b13\" data-element_type=\"widget\" data-e-type=\"widget\" data-widget_type=\"text-editor.default\">\n\t\t\t\t<div class=\"elementor-widget-container\">\n\t\t\t\t\t\t\t\t\t<p><strong>Internetstiftelsen: AI \u2013 artificiell intelligens<\/strong><\/p><p>Vad \u00e4r AI och hur anv\u00e4nds tekniken p\u00e5 olika st\u00e4llen i samh\u00e4llet? Hur l\u00e4r sig en AI och kan den t\u00e4nka som en m\u00e4nniska? Vad finns det f\u00f6r m\u00f6jligheter och risker med datorer som blir allt mer sj\u00e4lvst\u00e4ndiga? H\u00e4r f\u00e5r du l\u00e4ra dig grunderna om AI \u2013 artificiell intelligens.\u00a0<\/p><ul><li><a href=\"https:\/\/internetkunskap.se\/grundkurs-i-ai\/#videor\">https:\/\/internetkunskap.se\/grundkurs-i-ai\/#videor<\/a>\u00a0<\/li><\/ul>\t\t\t\t\t\t\t\t<\/div>\n\t\t\t\t<\/div>\n\t\t\t\t<\/div>\n\t\t<div class=\"elementor-element elementor-element-eaf1cfd e-con-full e-flex e-con e-child\" data-id=\"eaf1cfd\" data-element_type=\"container\" data-e-type=\"container\">\n\t\t\t\t<div class=\"elementor-element elementor-element-aa548a3 elementor-widget elementor-widget-text-editor\" data-id=\"aa548a3\" data-element_type=\"widget\" data-e-type=\"widget\" data-widget_type=\"text-editor.default\">\n\t\t\t\t<div class=\"elementor-widget-container\">\n\t\t\t\t\t\t\t\t\t<p><strong>Digital kvart<\/strong><\/p><div class=\"text-center\"><p class=\"text-lg text-gray-600 max-w-3xl mx-auto\"><strong>AI f\u00f6r Nyb\u00f6rjare:<\/strong><br \/>L\u00e4r dig grunderna om AI, dess anv\u00e4ndning i vardagen och framtidens m\u00f6jligheter, f\u00f6rklarat p\u00e5 ett enkelt och l\u00e4ttf\u00f6rst\u00e5eligt s\u00e4tt.<\/p><ul><li class=\"text-lg text-gray-600 max-w-3xl mx-auto\"><a href=\"https:\/\/play.regionkronoberg.se\/film\/b5bf461e6b\">https:\/\/play.regionkronoberg.se\/film\/b5bf461e6b\u00a0<\/a><\/li><\/ul><p>\u00a0<\/p><p><strong>AI i klassrummet &#8211; en guide f\u00f6r pedagoger:<\/strong><br \/>Filmen handlar om hur du som pedagog kan anv\u00e4nda AI som hj\u00e4lp, st\u00f6d och inspiration i din undervisning. Filmen ger konkreta exempel och visar hur AI kan vara ett st\u00f6d i det dagliga arbetet \u2013 oavsett om ni \u00e4r vana AI-anv\u00e4ndare eller helt nya p\u00e5 omr\u00e5det<\/p><ul><li><a href=\"https:\/\/play.regionkronoberg.se\/film\/59324e101d\">https:\/\/play.regionkronoberg.se\/film\/59324e101d\u00a0<\/a><\/li><\/ul><\/div>\t\t\t\t\t\t\t\t<\/div>\n\t\t\t\t<\/div>\n\t\t\t\t<\/div>\n\t\t\t\t<\/div>\n\t\t<div class=\"elementor-element elementor-element-7daf427 e-con-full e-flex e-con e-child\" data-id=\"7daf427\" data-element_type=\"container\" data-e-type=\"container\">\n\t\t\t\t<div class=\"elementor-element elementor-element-23832be elementor-widget elementor-widget-image\" data-id=\"23832be\" data-element_type=\"widget\" data-e-type=\"widget\" data-widget_type=\"image.default\">\n\t\t\t\t<div class=\"elementor-widget-container\">\n\t\t\t\t\t\t\t\t\t\t\t\t\t\t\t<img decoding=\"async\" width=\"300\" height=\"300\" src=\"https:\/\/studieteknik.regionkronoberg.se\/wp-content\/uploads\/2024\/12\/movieclipper-blue-300x300.png\" class=\"attachment-medium size-medium wp-image-1236\" alt=\"illustration av en bl\u00e5 klappa f\u00f6r filminspelning\" srcset=\"https:\/\/studieteknik.regionkronoberg.se\/wp-content\/uploads\/2024\/12\/movieclipper-blue-300x300.png 300w, https:\/\/studieteknik.regionkronoberg.se\/wp-content\/uploads\/2024\/12\/movieclipper-blue-150x150.png 150w, https:\/\/studieteknik.regionkronoberg.se\/wp-content\/uploads\/2024\/12\/movieclipper-blue.png 625w\" sizes=\"(max-width: 300px) 100vw, 300px\" \/>\t\t\t\t\t\t\t\t\t\t\t\t\t\t\t<\/div>\n\t\t\t\t<\/div>\n\t\t\t\t<\/div>\n\t\t\t\t<\/div>\n\t\t\t\t<\/div>\n\t\t\t\t<\/div>\n\t\t\t\t\t<\/div>\n\t\t\t\t<\/div>\n\t\t<div class=\"elementor-element elementor-element-21b1a82d e-grid e-con-boxed e-con e-parent\" data-id=\"21b1a82d\" data-element_type=\"container\" data-e-type=\"container\">\n\t\t\t\t\t<div class=\"e-con-inner\">\n\t\t\t\t<div class=\"elementor-element elementor-element-3514cc5d elementor-widget elementor-widget-button\" data-id=\"3514cc5d\" data-element_type=\"widget\" data-e-type=\"widget\" data-widget_type=\"button.default\">\n\t\t\t\t<div class=\"elementor-widget-container\">\n\t\t\t\t\t\t\t\t\t<div class=\"elementor-button-wrapper\">\n\t\t\t\t\t<a class=\"elementor-button elementor-button-link elementor-size-sm\" href=\"https:\/\/studieteknik.regionkronoberg.se\/\/?page_id=3130\">\n\t\t\t\t\t\t<span class=\"elementor-button-content-wrapper\">\n\t\t\t\t\t\t<span class=\"elementor-button-icon\">\n\t\t\t\t<svg aria-hidden=\"true\" class=\"e-font-icon-svg e-fas-chevron-left\" viewBox=\"0 0 320 512\" xmlns=\"http:\/\/www.w3.org\/2000\/svg\"><path d=\"M34.52 239.03L228.87 44.69c9.37-9.37 24.57-9.37 33.94 0l22.67 22.67c9.36 9.36 9.37 24.52.04 33.9L131.49 256l154.02 154.75c9.34 9.38 9.32 24.54-.04 33.9l-22.67 22.67c-9.37 9.37-24.57 9.37-33.94 0L34.52 272.97c-9.37-9.37-9.37-24.57 0-33.94z\"><\/path><\/svg>\t\t\t<\/span>\n\t\t\t\t\t\t\t\t\t<span class=\"elementor-button-text\">Promptbibliotek<\/span>\n\t\t\t\t\t<\/span>\n\t\t\t\t\t<\/a>\n\t\t\t\t<\/div>\n\t\t\t\t\t\t\t\t<\/div>\n\t\t\t\t<\/div>\n\t\t\t\t<div class=\"elementor-element elementor-element-56b49c81 elementor-widget elementor-widget-button\" data-id=\"56b49c81\" data-element_type=\"widget\" data-e-type=\"widget\" data-widget_type=\"button.default\">\n\t\t\t\t<div class=\"elementor-widget-container\">\n\t\t\t\t\t\t\t\t\t<div class=\"elementor-button-wrapper\">\n\t\t\t\t\t<a class=\"elementor-button elementor-button-link elementor-size-sm\" href=\"https:\/\/studieteknik.regionkronoberg.se\/\/?page_id=3144\">\n\t\t\t\t\t\t<span class=\"elementor-button-content-wrapper\">\n\t\t\t\t\t\t<span class=\"elementor-button-icon\">\n\t\t\t\t<svg aria-hidden=\"true\" class=\"e-font-icon-svg e-fas-chevron-right\" viewBox=\"0 0 320 512\" xmlns=\"http:\/\/www.w3.org\/2000\/svg\"><path d=\"M285.476 272.971L91.132 467.314c-9.373 9.373-24.569 9.373-33.941 0l-22.667-22.667c-9.357-9.357-9.375-24.522-.04-33.901L188.505 256 34.484 101.255c-9.335-9.379-9.317-24.544.04-33.901l22.667-22.667c9.373-9.373 24.569-9.373 33.941 0L285.475 239.03c9.373 9.372 9.373 24.568.001 33.941z\"><\/path><\/svg>\t\t\t<\/span>\n\t\t\t\t\t\t\t\t\t<span class=\"elementor-button-text\">Uppgifter<\/span>\n\t\t\t\t\t<\/span>\n\t\t\t\t\t<\/a>\n\t\t\t\t<\/div>\n\t\t\t\t\t\t\t\t<\/div>\n\t\t\t\t<\/div>\n\t\t\t\t\t<\/div>\n\t\t\t\t<\/div>\n\t\t\t\t<\/div>\n\t\t","protected":false},"excerpt":{"rendered":"<p>AI i undervisningen Film &#8211; och l\u00e4nktips om AI H\u00e4r hittar du l\u00e4nktips, filmtips och lektionstips om AI. L\u00e4nkar L\u00e4stips: AI i skolan \u2013 nytt f\u00f6r b\u00e5de l\u00e4rare och eleverArtikel om vilken plats har AI-verktygen i klassrummen, och hur ska man l\u00e4ra ut det man kanske knappt f\u00f6rst\u00e5r sj\u00e4lv? https:\/\/internetstiftelsen.se\/nyheter\/ai-i-skolan\/ Internetstiftelsen: Lektioner i AI f\u00f6r [&hellip;]<\/p>\n","protected":false},"author":2,"featured_media":0,"parent":0,"menu_order":0,"comment_status":"closed","ping_status":"closed","template":"","meta":{"footnotes":""},"folder":[47],"class_list":["post-3137","page","type-page","status-publish","hentry"],"_links":{"self":[{"href":"https:\/\/studieteknik.regionkronoberg.se\/index.php?rest_route=\/wp\/v2\/pages\/3137","targetHints":{"allow":["GET"]}}],"collection":[{"href":"https:\/\/studieteknik.regionkronoberg.se\/index.php?rest_route=\/wp\/v2\/pages"}],"about":[{"href":"https:\/\/studieteknik.regionkronoberg.se\/index.php?rest_route=\/wp\/v2\/types\/page"}],"author":[{"embeddable":true,"href":"https:\/\/studieteknik.regionkronoberg.se\/index.php?rest_route=\/wp\/v2\/users\/2"}],"replies":[{"embeddable":true,"href":"https:\/\/studieteknik.regionkronoberg.se\/index.php?rest_route=%2Fwp%2Fv2%2Fcomments&post=3137"}],"version-history":[{"count":22,"href":"https:\/\/studieteknik.regionkronoberg.se\/index.php?rest_route=\/wp\/v2\/pages\/3137\/revisions"}],"predecessor-version":[{"id":4568,"href":"https:\/\/studieteknik.regionkronoberg.se\/index.php?rest_route=\/wp\/v2\/pages\/3137\/revisions\/4568"}],"wp:attachment":[{"href":"https:\/\/studieteknik.regionkronoberg.se\/index.php?rest_route=%2Fwp%2Fv2%2Fmedia&parent=3137"}],"wp:term":[{"taxonomy":"folder","embeddable":true,"href":"https:\/\/studieteknik.regionkronoberg.se\/index.php?rest_route=%2Fwp%2Fv2%2Ffolder&post=3137"}],"curies":[{"name":"wp","href":"https:\/\/api.w.org\/{rel}","templated":true}]}}