{"id":3182,"date":"2025-06-09T10:59:29","date_gmt":"2025-06-09T10:59:29","guid":{"rendered":"https:\/\/smart-forest-5135.standoutwp.com\/?page_id=3182"},"modified":"2025-12-10T08:13:02","modified_gmt":"2025-12-10T08:13:02","slug":"om-digitala-resurser","status":"publish","type":"page","link":"https:\/\/studieteknik.regionkronoberg.se\/?page_id=3182","title":{"rendered":"Om Digitala resurser"},"content":{"rendered":"\t\t<div data-elementor-type=\"wp-page\" data-elementor-id=\"3182\" class=\"elementor elementor-3182\" data-elementor-post-type=\"page\">\n\t\t\t\t<div class=\"elementor-element elementor-element-6302cf5 e-flex e-con-boxed e-con e-parent\" data-id=\"6302cf5\" data-element_type=\"container\" data-e-type=\"container\" data-settings=\"{&quot;background_background&quot;:&quot;classic&quot;}\">\n\t\t\t\t\t<div class=\"e-con-inner\">\n\t\t<div class=\"elementor-element elementor-element-5d4c5459 e-con-full e-flex e-con e-child\" data-id=\"5d4c5459\" data-element_type=\"container\" data-e-type=\"container\">\n\t\t\t\t<div class=\"elementor-element elementor-element-8750c0e elementor-view-default elementor-widget elementor-widget-icon\" data-id=\"8750c0e\" data-element_type=\"widget\" data-e-type=\"widget\" data-widget_type=\"icon.default\">\n\t\t\t\t<div class=\"elementor-widget-container\">\n\t\t\t\t\t\t\t<div class=\"elementor-icon-wrapper\">\n\t\t\t<div class=\"elementor-icon\">\n\t\t\t<svg aria-hidden=\"true\" class=\"e-font-icon-svg e-fas-laptop\" viewBox=\"0 0 640 512\" xmlns=\"http:\/\/www.w3.org\/2000\/svg\"><path d=\"M624 416H381.54c-.74 19.81-14.71 32-32.74 32H288c-18.69 0-33.02-17.47-32.77-32H16c-8.8 0-16 7.2-16 16v16c0 35.2 28.8 64 64 64h512c35.2 0 64-28.8 64-64v-16c0-8.8-7.2-16-16-16zM576 48c0-26.4-21.6-48-48-48H112C85.6 0 64 21.6 64 48v336h512V48zm-64 272H128V64h384v256z\"><\/path><\/svg>\t\t\t<\/div>\n\t\t<\/div>\n\t\t\t\t\t\t<\/div>\n\t\t\t\t<\/div>\n\t\t\t\t<div class=\"elementor-element elementor-element-68e85843 elementor-widget elementor-widget-heading\" data-id=\"68e85843\" data-element_type=\"widget\" data-e-type=\"widget\" data-widget_type=\"heading.default\">\n\t\t\t\t<div class=\"elementor-widget-container\">\n\t\t\t\t\t<h1 class=\"elementor-heading-title elementor-size-default\">Digitala resurser<\/h1>\t\t\t\t<\/div>\n\t\t\t\t<\/div>\n\t\t\t\t<\/div>\n\t\t\t\t\t<\/div>\n\t\t\t\t<\/div>\n\t\t<div class=\"elementor-element elementor-element-6ce30d47 e-flex e-con-boxed e-con e-parent\" data-id=\"6ce30d47\" data-element_type=\"container\" data-e-type=\"container\" id=\"main-dynamic-container\">\n\t\t\t\t\t<div class=\"e-con-inner\">\n\t\t<div class=\"elementor-element elementor-element-5dc2c727 e-con-full e-flex e-con e-child\" data-id=\"5dc2c727\" data-element_type=\"container\" data-e-type=\"container\" data-settings=\"{&quot;background_background&quot;:&quot;classic&quot;}\">\n\t\t\t\t<div class=\"elementor-element elementor-element-21ae2d41 elementor-nav-menu__text-align-aside elementor-widget elementor-widget-nav-menu\" data-id=\"21ae2d41\" data-element_type=\"widget\" data-e-type=\"widget\" id=\"side-menu-focus\" data-settings=\"{&quot;layout&quot;:&quot;dropdown&quot;,&quot;submenu_icon&quot;:{&quot;value&quot;:&quot;&lt;svg aria-hidden=\\&quot;true\\&quot; class=\\&quot;e-font-icon-svg e-fas-caret-down\\&quot; viewBox=\\&quot;0 0 320 512\\&quot; xmlns=\\&quot;http:\\\/\\\/www.w3.org\\\/2000\\\/svg\\&quot;&gt;&lt;path d=\\&quot;M31.3 192h257.3c17.8 0 26.7 21.5 14.1 34.1L174.1 354.8c-7.8 7.8-20.5 7.8-28.3 0L17.2 226.1C4.6 213.5 13.5 192 31.3 192z\\&quot;&gt;&lt;\\\/path&gt;&lt;\\\/svg&gt;&quot;,&quot;library&quot;:&quot;fa-solid&quot;}}\" data-widget_type=\"nav-menu.default\">\n\t\t\t\t<div class=\"elementor-widget-container\">\n\t\t\t\t\t\t\t\t<nav class=\"elementor-nav-menu--dropdown elementor-nav-menu__container\" aria-hidden=\"true\">\n\t\t\t\t<ul id=\"menu-2-21ae2d41\" class=\"elementor-nav-menu\"><li class=\"menu-item menu-item-type-post_type menu-item-object-page menu-item-3189\"><a href=\"https:\/\/studieteknik.regionkronoberg.se\/?page_id=3182\" class=\"elementor-item\" tabindex=\"-1\">Om Digitala resurser<\/a><\/li>\n<li class=\"menu-item menu-item-type-post_type menu-item-object-page menu-item-3217\"><a href=\"https:\/\/studieteknik.regionkronoberg.se\/?page_id=3200\" class=\"elementor-item\" tabindex=\"-1\">Binogi<\/a><\/li>\n<li class=\"menu-item menu-item-type-post_type menu-item-object-page menu-item-3204\"><a href=\"https:\/\/studieteknik.regionkronoberg.se\/?page_id=3193\" class=\"elementor-item\" tabindex=\"-1\">Escaply<\/a><\/li>\n<li class=\"menu-item menu-item-type-post_type menu-item-object-page menu-item-3199\"><a href=\"https:\/\/studieteknik.regionkronoberg.se\/?page_id=3190\" class=\"elementor-item\" tabindex=\"-1\">Glosboken<\/a><\/li>\n<li class=\"menu-item menu-item-type-post_type menu-item-object-page menu-item-3227\"><a href=\"https:\/\/studieteknik.regionkronoberg.se\/?page_id=3219\" class=\"elementor-item\" tabindex=\"-1\">KronobergPlay<\/a><\/li>\n<li class=\"menu-item menu-item-type-post_type menu-item-object-page menu-item-3216\"><a href=\"https:\/\/studieteknik.regionkronoberg.se\/?page_id=3207\" class=\"elementor-item\" tabindex=\"-1\">Mindomo (Creaza)<\/a><\/li>\n<li class=\"menu-item menu-item-type-post_type menu-item-object-page menu-item-3234\"><a href=\"https:\/\/studieteknik.regionkronoberg.se\/?page_id=3218\" class=\"elementor-item\" tabindex=\"-1\">\u00d6vriga tips<\/a><\/li>\n<li class=\"menu-item menu-item-type-post_type menu-item-object-page menu-item-3241\"><a href=\"https:\/\/studieteknik.regionkronoberg.se\/?page_id=3228\" class=\"elementor-item\" tabindex=\"-1\">Manualer<\/a><\/li>\n<\/ul>\t\t\t<\/nav>\n\t\t\t\t\t\t<\/div>\n\t\t\t\t<\/div>\n\t\t\t\t<\/div>\n\t\t<div class=\"elementor-element elementor-element-65ad91f7 e-con-full main-dynamic-container e-flex e-con e-child\" data-id=\"65ad91f7\" data-element_type=\"container\" data-e-type=\"container\" id=\"main-dynamic-container\">\n\t\t<div class=\"elementor-element elementor-element-400b1450 e-con-full dynamic-content e-flex e-con e-child\" data-id=\"400b1450\" data-element_type=\"container\" data-e-type=\"container\" id=\"about-content\">\n\t\t<div class=\"elementor-element elementor-element-3cb76f03 e-con-full e-flex e-con e-child\" data-id=\"3cb76f03\" data-element_type=\"container\" data-e-type=\"container\">\n\t\t<div class=\"elementor-element elementor-element-7e1a19df e-con-full e-flex e-con e-child\" data-id=\"7e1a19df\" data-element_type=\"container\" data-e-type=\"container\">\n\t\t\t\t<div class=\"elementor-element elementor-element-f0d3999 elementor-widget elementor-widget-heading\" data-id=\"f0d3999\" data-element_type=\"widget\" data-e-type=\"widget\" data-widget_type=\"heading.default\">\n\t\t\t\t<div class=\"elementor-widget-container\">\n\t\t\t\t\t<h2 class=\"elementor-heading-title elementor-size-default\">Om digitala resurser<\/h2>\t\t\t\t<\/div>\n\t\t\t\t<\/div>\n\t\t\t\t<div class=\"elementor-element elementor-element-6246297e elementor-widget__width-initial elementor-widget elementor-widget-text-editor\" data-id=\"6246297e\" data-element_type=\"widget\" data-e-type=\"widget\" data-widget_type=\"text-editor.default\">\n\t\t\t\t<div class=\"elementor-widget-container\">\n\t\t\t\t\t\t\t\t\t<p><span style=\"font-weight: 400;\">Att anv\u00e4nda digitala resurser som en del av den digitala studietekniken hj\u00e4lper eleverna att ta ansvar f\u00f6r sitt l\u00e4rande, organisera sin vardag och hitta verktyg som passar deras individuella behov. Det kan ocks\u00e5 bidra till \u00f6kad motivation och f\u00f6rst\u00e5else. F\u00f6r dig som\u00a0 l\u00e4rare inneb\u00e4r det m\u00f6jlighet till varierad och differentierad undervisning, med st\u00f6d av verktyg som \u00e4r b\u00e5de tillg\u00e4ngliga och l\u00e4tta att anv\u00e4nda.<\/span><\/p><p><b>Genom AV-Media Kronoberg <\/b><span style=\"font-weight: 400;\">f\u00e5r skolor tillg\u00e5ng till pedagogiska verktyg som f\u00f6renklar b\u00e5de planering, undervisning och elevens eget arbete.<\/span><\/p><p><span style=\"font-weight: 400;\">L\u00e4rare och elever i Kronoberg n\u00e5r de olika tj\u00e4nsterna genom att logga in med sina angivna konton &#8211; som kan vara <\/span><b>Skolon<\/b><span style=\"font-weight: 400;\">, <\/span><b>Skolfederation<\/b><span style=\"font-weight: 400;\">, <\/span><b>Microsoft <\/b><span style=\"font-weight: 400;\">eller <\/span><b>Google<\/b><span style=\"font-weight: 400;\">. Vilket konto som ska anv\u00e4ndas anges vid varje resurs.<\/span><\/p>\t\t\t\t\t\t\t\t<\/div>\n\t\t\t\t<\/div>\n\t\t\t\t<\/div>\n\t\t<div class=\"elementor-element elementor-element-6a677c73 e-con-full e-flex e-con e-child\" data-id=\"6a677c73\" data-element_type=\"container\" data-e-type=\"container\">\n\t\t\t\t<div class=\"elementor-element elementor-element-608ba4e elementor-widget__width-initial elementor-widget elementor-widget-image\" data-id=\"608ba4e\" data-element_type=\"widget\" data-e-type=\"widget\" data-widget_type=\"image.default\">\n\t\t\t\t<div class=\"elementor-widget-container\">\n\t\t\t\t\t\t\t\t\t\t\t\t\t\t\t<img fetchpriority=\"high\" decoding=\"async\" width=\"300\" height=\"300\" src=\"https:\/\/studieteknik.regionkronoberg.se\/wp-content\/uploads\/2024\/12\/digitalmedia-green-300x300.png\" class=\"attachment-medium size-medium wp-image-1387\" alt=\"Illustration av en laptop med olika digitala medier ovanf\u00f6r\" srcset=\"https:\/\/studieteknik.regionkronoberg.se\/wp-content\/uploads\/2024\/12\/digitalmedia-green-300x300.png 300w, https:\/\/studieteknik.regionkronoberg.se\/wp-content\/uploads\/2024\/12\/digitalmedia-green-1024x1024.png 1024w, https:\/\/studieteknik.regionkronoberg.se\/wp-content\/uploads\/2024\/12\/digitalmedia-green-150x150.png 150w, https:\/\/studieteknik.regionkronoberg.se\/wp-content\/uploads\/2024\/12\/digitalmedia-green-768x768.png 768w, https:\/\/studieteknik.regionkronoberg.se\/wp-content\/uploads\/2024\/12\/digitalmedia-green.png 1250w\" sizes=\"(max-width: 300px) 100vw, 300px\" \/>\t\t\t\t\t\t\t\t\t\t\t\t\t\t\t<\/div>\n\t\t\t\t<\/div>\n\t\t\t\t<\/div>\n\t\t\t\t<\/div>\n\t\t\t\t<\/div>\n\t\t\t\t<\/div>\n\t\t\t\t\t<\/div>\n\t\t\t\t<\/div>\n\t\t\t\t<\/div>\n\t\t","protected":false},"excerpt":{"rendered":"<p>Digitala resurser Om digitala resurser Att anv\u00e4nda digitala resurser som en del av den digitala studietekniken hj\u00e4lper eleverna att ta ansvar f\u00f6r sitt l\u00e4rande, organisera sin vardag och hitta verktyg som passar deras individuella behov. Det kan ocks\u00e5 bidra till \u00f6kad motivation och f\u00f6rst\u00e5else. F\u00f6r dig som\u00a0 l\u00e4rare inneb\u00e4r det m\u00f6jlighet till varierad och differentierad [&hellip;]<\/p>\n","protected":false},"author":2,"featured_media":0,"parent":0,"menu_order":0,"comment_status":"closed","ping_status":"closed","template":"","meta":{"footnotes":""},"folder":[50],"class_list":["post-3182","page","type-page","status-publish","hentry"],"_links":{"self":[{"href":"https:\/\/studieteknik.regionkronoberg.se\/index.php?rest_route=\/wp\/v2\/pages\/3182","targetHints":{"allow":["GET"]}}],"collection":[{"href":"https:\/\/studieteknik.regionkronoberg.se\/index.php?rest_route=\/wp\/v2\/pages"}],"about":[{"href":"https:\/\/studieteknik.regionkronoberg.se\/index.php?rest_route=\/wp\/v2\/types\/page"}],"author":[{"embeddable":true,"href":"https:\/\/studieteknik.regionkronoberg.se\/index.php?rest_route=\/wp\/v2\/users\/2"}],"replies":[{"embeddable":true,"href":"https:\/\/studieteknik.regionkronoberg.se\/index.php?rest_route=%2Fwp%2Fv2%2Fcomments&post=3182"}],"version-history":[{"count":10,"href":"https:\/\/studieteknik.regionkronoberg.se\/index.php?rest_route=\/wp\/v2\/pages\/3182\/revisions"}],"predecessor-version":[{"id":4394,"href":"https:\/\/studieteknik.regionkronoberg.se\/index.php?rest_route=\/wp\/v2\/pages\/3182\/revisions\/4394"}],"wp:attachment":[{"href":"https:\/\/studieteknik.regionkronoberg.se\/index.php?rest_route=%2Fwp%2Fv2%2Fmedia&parent=3182"}],"wp:term":[{"taxonomy":"folder","embeddable":true,"href":"https:\/\/studieteknik.regionkronoberg.se\/index.php?rest_route=%2Fwp%2Fv2%2Ffolder&post=3182"}],"curies":[{"name":"wp","href":"https:\/\/api.w.org\/{rel}","templated":true}]}}