{"id":3190,"date":"2025-06-09T11:01:04","date_gmt":"2025-06-09T11:01:04","guid":{"rendered":"https:\/\/smart-forest-5135.standoutwp.com\/?page_id=3190"},"modified":"2025-06-11T19:02:00","modified_gmt":"2025-06-11T19:02:00","slug":"digitala-resurser-teori-1","status":"publish","type":"page","link":"https:\/\/studieteknik.regionkronoberg.se\/?page_id=3190","title":{"rendered":"Glosboken"},"content":{"rendered":"\t\t<div data-elementor-type=\"wp-page\" data-elementor-id=\"3190\" class=\"elementor elementor-3190\" data-elementor-post-type=\"page\">\n\t\t\t\t<div class=\"elementor-element elementor-element-40e4d49c e-flex e-con-boxed e-con e-parent\" data-id=\"40e4d49c\" data-element_type=\"container\" data-e-type=\"container\" data-settings=\"{&quot;background_background&quot;:&quot;classic&quot;}\">\n\t\t\t\t\t<div class=\"e-con-inner\">\n\t\t<div class=\"elementor-element elementor-element-57eb9988 e-con-full e-flex e-con e-child\" data-id=\"57eb9988\" data-element_type=\"container\" data-e-type=\"container\">\n\t\t\t\t<div class=\"elementor-element elementor-element-6230d6e elementor-view-default elementor-widget elementor-widget-icon\" data-id=\"6230d6e\" data-element_type=\"widget\" data-e-type=\"widget\" data-widget_type=\"icon.default\">\n\t\t\t\t<div class=\"elementor-widget-container\">\n\t\t\t\t\t\t\t<div class=\"elementor-icon-wrapper\">\n\t\t\t<div class=\"elementor-icon\">\n\t\t\t<svg aria-hidden=\"true\" class=\"e-font-icon-svg e-fas-laptop\" viewBox=\"0 0 640 512\" xmlns=\"http:\/\/www.w3.org\/2000\/svg\"><path d=\"M624 416H381.54c-.74 19.81-14.71 32-32.74 32H288c-18.69 0-33.02-17.47-32.77-32H16c-8.8 0-16 7.2-16 16v16c0 35.2 28.8 64 64 64h512c35.2 0 64-28.8 64-64v-16c0-8.8-7.2-16-16-16zM576 48c0-26.4-21.6-48-48-48H112C85.6 0 64 21.6 64 48v336h512V48zm-64 272H128V64h384v256z\"><\/path><\/svg>\t\t\t<\/div>\n\t\t<\/div>\n\t\t\t\t\t\t<\/div>\n\t\t\t\t<\/div>\n\t\t\t\t<div class=\"elementor-element elementor-element-252b52a4 elementor-widget elementor-widget-heading\" data-id=\"252b52a4\" data-element_type=\"widget\" data-e-type=\"widget\" data-widget_type=\"heading.default\">\n\t\t\t\t<div class=\"elementor-widget-container\">\n\t\t\t\t\t<h1 class=\"elementor-heading-title elementor-size-default\">Digitala resurser<\/h1>\t\t\t\t<\/div>\n\t\t\t\t<\/div>\n\t\t\t\t<\/div>\n\t\t\t\t\t<\/div>\n\t\t\t\t<\/div>\n\t\t<div class=\"elementor-element elementor-element-7bd19e86 e-flex e-con-boxed e-con e-parent\" data-id=\"7bd19e86\" data-element_type=\"container\" data-e-type=\"container\" id=\"main-dynamic-container\">\n\t\t\t\t\t<div class=\"e-con-inner\">\n\t\t<div class=\"elementor-element elementor-element-28b098aa e-con-full e-flex e-con e-child\" data-id=\"28b098aa\" data-element_type=\"container\" data-e-type=\"container\" data-settings=\"{&quot;background_background&quot;:&quot;classic&quot;}\">\n\t\t\t\t<div class=\"elementor-element elementor-element-5514280a elementor-nav-menu__text-align-aside elementor-widget elementor-widget-nav-menu\" data-id=\"5514280a\" data-element_type=\"widget\" data-e-type=\"widget\" id=\"side-menu-focus\" data-settings=\"{&quot;layout&quot;:&quot;dropdown&quot;,&quot;submenu_icon&quot;:{&quot;value&quot;:&quot;&lt;svg aria-hidden=\\&quot;true\\&quot; class=\\&quot;e-font-icon-svg e-fas-caret-down\\&quot; viewBox=\\&quot;0 0 320 512\\&quot; xmlns=\\&quot;http:\\\/\\\/www.w3.org\\\/2000\\\/svg\\&quot;&gt;&lt;path d=\\&quot;M31.3 192h257.3c17.8 0 26.7 21.5 14.1 34.1L174.1 354.8c-7.8 7.8-20.5 7.8-28.3 0L17.2 226.1C4.6 213.5 13.5 192 31.3 192z\\&quot;&gt;&lt;\\\/path&gt;&lt;\\\/svg&gt;&quot;,&quot;library&quot;:&quot;fa-solid&quot;}}\" data-widget_type=\"nav-menu.default\">\n\t\t\t\t<div class=\"elementor-widget-container\">\n\t\t\t\t\t\t\t\t<nav class=\"elementor-nav-menu--dropdown elementor-nav-menu__container\" aria-hidden=\"true\">\n\t\t\t\t<ul id=\"menu-2-5514280a\" class=\"elementor-nav-menu\"><li class=\"menu-item menu-item-type-post_type menu-item-object-page menu-item-3189\"><a href=\"https:\/\/studieteknik.regionkronoberg.se\/?page_id=3182\" class=\"elementor-item\" tabindex=\"-1\">Om Digitala resurser<\/a><\/li>\n<li class=\"menu-item menu-item-type-post_type menu-item-object-page menu-item-3217\"><a href=\"https:\/\/studieteknik.regionkronoberg.se\/?page_id=3200\" class=\"elementor-item\" tabindex=\"-1\">Binogi<\/a><\/li>\n<li class=\"menu-item menu-item-type-post_type menu-item-object-page menu-item-3204\"><a href=\"https:\/\/studieteknik.regionkronoberg.se\/?page_id=3193\" class=\"elementor-item\" tabindex=\"-1\">Escaply<\/a><\/li>\n<li class=\"menu-item menu-item-type-post_type menu-item-object-page menu-item-3199\"><a href=\"https:\/\/studieteknik.regionkronoberg.se\/?page_id=3190\" class=\"elementor-item\" tabindex=\"-1\">Glosboken<\/a><\/li>\n<li class=\"menu-item menu-item-type-post_type menu-item-object-page menu-item-3227\"><a href=\"https:\/\/studieteknik.regionkronoberg.se\/?page_id=3219\" class=\"elementor-item\" tabindex=\"-1\">KronobergPlay<\/a><\/li>\n<li class=\"menu-item menu-item-type-post_type menu-item-object-page menu-item-3216\"><a href=\"https:\/\/studieteknik.regionkronoberg.se\/?page_id=3207\" class=\"elementor-item\" tabindex=\"-1\">Mindomo (Creaza)<\/a><\/li>\n<li class=\"menu-item menu-item-type-post_type menu-item-object-page menu-item-3234\"><a href=\"https:\/\/studieteknik.regionkronoberg.se\/?page_id=3218\" class=\"elementor-item\" tabindex=\"-1\">\u00d6vriga tips<\/a><\/li>\n<li class=\"menu-item menu-item-type-post_type menu-item-object-page menu-item-3241\"><a href=\"https:\/\/studieteknik.regionkronoberg.se\/?page_id=3228\" class=\"elementor-item\" tabindex=\"-1\">Manualer<\/a><\/li>\n<\/ul>\t\t\t<\/nav>\n\t\t\t\t\t\t<\/div>\n\t\t\t\t<\/div>\n\t\t\t\t<\/div>\n\t\t<div class=\"elementor-element elementor-element-468a5b4d e-con-full main-dynamic-container e-flex e-con e-child\" data-id=\"468a5b4d\" data-element_type=\"container\" data-e-type=\"container\" id=\"main-dynamic-container\">\n\t\t<div class=\"elementor-element elementor-element-74521b0a e-con-full dynamic-content e-flex e-con e-child\" data-id=\"74521b0a\" data-element_type=\"container\" data-e-type=\"container\" id=\"theory-content1\">\n\t\t<div class=\"elementor-element elementor-element-b82a99d e-con-full e-flex e-con e-child\" data-id=\"b82a99d\" data-element_type=\"container\" data-e-type=\"container\">\n\t\t<div class=\"elementor-element elementor-element-2984648f e-con-full e-flex e-con e-child\" data-id=\"2984648f\" data-element_type=\"container\" data-e-type=\"container\" data-settings=\"{&quot;background_background&quot;:&quot;classic&quot;}\">\n\t\t<div class=\"elementor-element elementor-element-e7248fc e-con-full e-flex e-con e-child\" data-id=\"e7248fc\" data-element_type=\"container\" data-e-type=\"container\">\n\t\t\t\t<div class=\"elementor-element elementor-element-4ad865bf elementor-widget elementor-widget-heading\" data-id=\"4ad865bf\" data-element_type=\"widget\" data-e-type=\"widget\" data-widget_type=\"heading.default\">\n\t\t\t\t<div class=\"elementor-widget-container\">\n\t\t\t\t\t<h3 class=\"elementor-heading-title elementor-size-default\">Glosboken<\/h3>\t\t\t\t<\/div>\n\t\t\t\t<\/div>\n\t\t\t\t<div class=\"elementor-element elementor-element-1271af6c elementor-widget elementor-widget-text-editor\" data-id=\"1271af6c\" data-element_type=\"widget\" data-e-type=\"widget\" data-widget_type=\"text-editor.default\">\n\t\t\t\t<div class=\"elementor-widget-container\">\n\t\t\t\t\t\t\t\t\t<p><span style=\"font-weight: 400;\">Glosboken \u00e4r en webbtj\u00e4nst f\u00f6r inl\u00e4rning av glosor och begrepp med spel, \u00f6vningsl\u00e4gen och utskriftsfunktioner.<\/span><\/p><p>Glosboken \u00e4r en av Kronobergs l\u00e4nslicenser och tillg\u00e4nglig f\u00f6r samtliga skolor i Kronobergs l\u00e4n.<\/p><p><a href=\"https:\/\/www.glosboken.se\/\">https:\/\/www.glosboken.se\/\u00a0<\/a><\/p>\t\t\t\t\t\t\t\t<\/div>\n\t\t\t\t<\/div>\n\t\t\t\t<\/div>\n\t\t<div class=\"elementor-element elementor-element-747c0d50 e-con-full e-flex e-con e-child\" data-id=\"747c0d50\" data-element_type=\"container\" data-e-type=\"container\">\n\t\t<div class=\"elementor-element elementor-element-427d2fab e-con-full e-flex e-con e-child\" data-id=\"427d2fab\" data-element_type=\"container\" data-e-type=\"container\">\n\t\t<div class=\"elementor-element elementor-element-7535d4fc e-con-full e-flex e-con e-child\" data-id=\"7535d4fc\" data-element_type=\"container\" data-e-type=\"container\">\n\t\t\t\t<div class=\"elementor-element elementor-element-30605afd elementor-widget elementor-widget-image\" data-id=\"30605afd\" data-element_type=\"widget\" data-e-type=\"widget\" data-widget_type=\"image.default\">\n\t\t\t\t<div class=\"elementor-widget-container\">\n\t\t\t\t\t\t\t\t\t\t\t\t\t\t\t<img fetchpriority=\"high\" decoding=\"async\" width=\"300\" height=\"283\" src=\"https:\/\/studieteknik.regionkronoberg.se\/wp-content\/uploads\/2025\/06\/glosboken-300x283.jpg\" class=\"attachment-medium size-medium wp-image-3252\" alt=\"Logga f\u00f6r verktyget Glosboken\" srcset=\"https:\/\/studieteknik.regionkronoberg.se\/wp-content\/uploads\/2025\/06\/glosboken-300x283.jpg 300w, https:\/\/studieteknik.regionkronoberg.se\/wp-content\/uploads\/2025\/06\/glosboken-768x725.jpg 768w, https:\/\/studieteknik.regionkronoberg.se\/wp-content\/uploads\/2025\/06\/glosboken.jpg 975w\" sizes=\"(max-width: 300px) 100vw, 300px\" \/>\t\t\t\t\t\t\t\t\t\t\t\t\t\t\t<\/div>\n\t\t\t\t<\/div>\n\t\t\t\t<\/div>\n\t\t\t\t<\/div>\n\t\t\t\t<\/div>\n\t\t\t\t<\/div>\n\t\t<div class=\"elementor-element elementor-element-ba62ffe e-con-full e-flex e-con e-child\" data-id=\"ba62ffe\" data-element_type=\"container\" data-e-type=\"container\">\n\t\t<div class=\"elementor-element elementor-element-5dd77ce e-con-full e-flex e-con e-child\" data-id=\"5dd77ce\" data-element_type=\"container\" data-e-type=\"container\">\n\t\t\t\t<div class=\"elementor-element elementor-element-dc34b07 elementor-widget elementor-widget-heading\" data-id=\"dc34b07\" data-element_type=\"widget\" data-e-type=\"widget\" data-widget_type=\"heading.default\">\n\t\t\t\t<div class=\"elementor-widget-container\">\n\t\t\t\t\t<h3 class=\"elementor-heading-title elementor-size-default\">I Glosboken<\/h3>\t\t\t\t<\/div>\n\t\t\t\t<\/div>\n\t\t\t\t<div class=\"elementor-element elementor-element-c27c6c8 elementor-widget elementor-widget-text-editor\" data-id=\"c27c6c8\" data-element_type=\"widget\" data-e-type=\"widget\" data-widget_type=\"text-editor.default\">\n\t\t\t\t<div class=\"elementor-widget-container\">\n\t\t\t\t\t\t\t\t\t<ul><li style=\"font-weight: 400;\" aria-level=\"1\"><span style=\"font-weight: 400;\">Inl\u00e4rning av glosor och begrepp<\/span><\/li><li style=\"font-weight: 400;\" aria-level=\"1\"><span style=\"font-weight: 400;\">Spel, \u00f6vningsl\u00e4gen och utskriftsfunktioner.<\/span><\/li><li style=\"font-weight: 400;\" aria-level=\"1\"><span style=\"font-weight: 400;\">Passar alla oavsett \u00e5lder, spr\u00e5k, speciella behov eller \u00e4mne!<\/span><\/li><li style=\"font-weight: 400;\" aria-level=\"1\"><span style=\"font-weight: 400;\">Talsyntes,<\/span><\/li><li style=\"font-weight: 400;\" aria-level=\"1\"><span style=\"font-weight: 400;\">Diktamen,<\/span><\/li><li style=\"font-weight: 400;\" aria-level=\"1\"><span style=\"font-weight: 400;\">Sj\u00e4lvr\u00e4ttande f\u00f6rh\u00f6r.<\/span><\/li><\/ul>\t\t\t\t\t\t\t\t<\/div>\n\t\t\t\t<\/div>\n\t\t\t\t<div class=\"elementor-element elementor-element-8917072 elementor-widget elementor-widget-heading\" data-id=\"8917072\" data-element_type=\"widget\" data-e-type=\"widget\" data-widget_type=\"heading.default\">\n\t\t\t\t<div class=\"elementor-widget-container\">\n\t\t\t\t\t<h3 class=\"elementor-heading-title elementor-size-default\">Inloggning Glosboken f\u00f6r l\u00e4rare\/elever<\/h3>\t\t\t\t<\/div>\n\t\t\t\t<\/div>\n\t\t\t\t<div class=\"elementor-element elementor-element-e0d3555 elementor-widget elementor-widget-text-editor\" data-id=\"e0d3555\" data-element_type=\"widget\" data-e-type=\"widget\" data-widget_type=\"text-editor.default\">\n\t\t\t\t<div class=\"elementor-widget-container\">\n\t\t\t\t\t\t\t\t\t<ul><li style=\"font-weight: 400;\" aria-level=\"1\"><span style=\"font-weight: 400;\">Alvesta, Lessebo, Tingsryd och V\u00e4xj\u00f6 &#8211; <\/span><b>Skolon<\/b><span style=\"font-weight: 400;\">.\u00a0<\/span><\/li><li style=\"font-weight: 400;\" aria-level=\"1\"><span style=\"font-weight: 400;\">Uppvidinge och \u00c4lmhult &#8211; <\/span><b>Microsoft<\/b><\/li><li><span style=\"font-weight: 400;\">Ljungby och Markaryd &#8211; <\/span><b>Google <\/b><\/li><\/ul>\t\t\t\t\t\t\t\t<\/div>\n\t\t\t\t<\/div>\n\t\t\t\t<div class=\"elementor-element elementor-element-c5e76b5 elementor-widget elementor-widget-heading\" data-id=\"c5e76b5\" data-element_type=\"widget\" data-e-type=\"widget\" data-widget_type=\"heading.default\">\n\t\t\t\t<div class=\"elementor-widget-container\">\n\t\t\t\t\t<h3 class=\"elementor-heading-title elementor-size-default\">Manualer och instruktioner <\/h3>\t\t\t\t<\/div>\n\t\t\t\t<\/div>\n\t\t\t\t<div class=\"elementor-element elementor-element-00e67e4 elementor-widget elementor-widget-text-editor\" data-id=\"00e67e4\" data-element_type=\"widget\" data-e-type=\"widget\" data-widget_type=\"text-editor.default\">\n\t\t\t\t<div class=\"elementor-widget-container\">\n\t\t\t\t\t\t\t\t\t<p>Manualer och instruktioner till Glosboken finns i menyn \u201c<a href=\"https:\/\/smart-forest-5135.standoutwp.com\/?page_id=3228\"><b>Manualer<\/b><\/a>\u201d<\/p>\t\t\t\t\t\t\t\t<\/div>\n\t\t\t\t<\/div>\n\t\t\t\t<\/div>\n\t\t<div class=\"elementor-element elementor-element-0e2fc39 e-con-full e-flex e-con e-child\" data-id=\"0e2fc39\" data-element_type=\"container\" data-e-type=\"container\">\n\t\t<div class=\"elementor-element elementor-element-4a778a8 e-con-full e-flex e-con e-child\" data-id=\"4a778a8\" data-element_type=\"container\" data-e-type=\"container\">\n\t\t<div class=\"elementor-element elementor-element-5653162 e-con-full e-flex e-con e-child\" data-id=\"5653162\" data-element_type=\"container\" data-e-type=\"container\">\n\t\t\t\t<div class=\"elementor-element elementor-element-e6f957f elementor-widget elementor-widget-image\" data-id=\"e6f957f\" data-element_type=\"widget\" data-e-type=\"widget\" data-widget_type=\"image.default\">\n\t\t\t\t<div class=\"elementor-widget-container\">\n\t\t\t\t\t\t\t\t\t\t\t\t<figure class=\"wp-caption\">\n\t\t\t\t\t\t\t\t\t\t<img decoding=\"async\" width=\"768\" height=\"215\" src=\"https:\/\/studieteknik.regionkronoberg.se\/wp-content\/uploads\/2025\/06\/glosbokenovning-768x215.jpg\" class=\"attachment-medium_large size-medium_large wp-image-3365\" alt=\"Bild fr\u00e5n glosboken hur en \u00f6vning kan se ut.\" srcset=\"https:\/\/studieteknik.regionkronoberg.se\/wp-content\/uploads\/2025\/06\/glosbokenovning-768x215.jpg 768w, https:\/\/studieteknik.regionkronoberg.se\/wp-content\/uploads\/2025\/06\/glosbokenovning-300x84.jpg 300w, https:\/\/studieteknik.regionkronoberg.se\/wp-content\/uploads\/2025\/06\/glosbokenovning-1024x287.jpg 1024w, https:\/\/studieteknik.regionkronoberg.se\/wp-content\/uploads\/2025\/06\/glosbokenovning-1536x431.jpg 1536w, https:\/\/studieteknik.regionkronoberg.se\/wp-content\/uploads\/2025\/06\/glosbokenovning.jpg 1693w\" sizes=\"(max-width: 768px) 100vw, 768px\" \/>\t\t\t\t\t\t\t\t\t\t\t<figcaption class=\"widget-image-caption wp-caption-text\">Exempel p\u00e5 \u00f6vning i Glosboken<\/figcaption>\n\t\t\t\t\t\t\t\t\t\t<\/figure>\n\t\t\t\t\t\t\t\t\t<\/div>\n\t\t\t\t<\/div>\n\t\t\t\t<\/div>\n\t\t\t\t<\/div>\n\t\t\t\t<\/div>\n\t\t\t\t<\/div>\n\t\t<div class=\"elementor-element elementor-element-5056d76 e-con-full e-flex e-con e-child\" data-id=\"5056d76\" data-element_type=\"container\" data-e-type=\"container\" data-settings=\"{&quot;background_background&quot;:&quot;classic&quot;}\">\n\t\t<div class=\"elementor-element elementor-element-7ef9b65a e-con-full e-flex e-con e-child\" data-id=\"7ef9b65a\" data-element_type=\"container\" data-e-type=\"container\">\n\t\t\t\t<div class=\"elementor-element elementor-element-16c0ee67 elementor-headline--style-highlight elementor-widget elementor-widget-animated-headline\" data-id=\"16c0ee67\" data-element_type=\"widget\" data-e-type=\"widget\" data-settings=\"{&quot;marker&quot;:&quot;underline_zigzag&quot;,&quot;highlighted_text&quot;:&quot;Tips!&quot;,&quot;headline_style&quot;:&quot;highlight&quot;,&quot;loop&quot;:&quot;yes&quot;,&quot;highlight_animation_duration&quot;:1200,&quot;highlight_iteration_delay&quot;:8000}\" data-widget_type=\"animated-headline.default\">\n\t\t\t\t<div class=\"elementor-widget-container\">\n\t\t\t\t\t\t\t<h2 class=\"elementor-headline\">\n\t\t\t\t<span class=\"elementor-headline-dynamic-wrapper elementor-headline-text-wrapper\">\n\t\t\t\t\t<span class=\"elementor-headline-dynamic-text elementor-headline-text-active\">Tips!<\/span>\n\t\t\t\t<\/span>\n\t\t\t\t<\/h2>\n\t\t\t\t\t\t<\/div>\n\t\t\t\t<\/div>\n\t\t<div class=\"elementor-element elementor-element-2215f9d0 e-con-full e-flex e-con e-child\" data-id=\"2215f9d0\" data-element_type=\"container\" data-e-type=\"container\" data-settings=\"{&quot;background_background&quot;:&quot;classic&quot;}\">\n\t\t\t\t<div class=\"elementor-element elementor-element-1a1c5aa4 elementor-widget__width-initial elementor-widget elementor-widget-text-editor\" data-id=\"1a1c5aa4\" data-element_type=\"widget\" data-e-type=\"widget\" data-widget_type=\"text-editor.default\">\n\t\t\t\t<div class=\"elementor-widget-container\">\n\t\t\t\t\t\t\t\t\t<h2 id=\"chapter-11-4\"><span style=\"color: #ffffff;\">Skriv ut<\/span><\/h2><p><em>Under\u00a0<b>Skriv ut<\/b>\u00a0kan du skiva ut dina \u00f6vningsuppgifter p\u00e5 fyra olika s\u00e4tt.<\/em><\/p><p><img decoding=\"async\" src=\"https:\/\/google.glosboken.se\/img\/guide\/teacher\/27.png\" alt=\"\" \/><\/p><ul><li><em><b>Skriv ut Flashcards:<\/b>\u00a0Dokumentet skrivs ut som ordkort, s.k flashcards.<\/em><\/li><li><em><b>Skriv ut ordlista:<\/b>\u00a0Dokumenten skrivs ut med b\u00e5de fr\u00e5ga och svar.<\/em><\/li><li><em><b>Skriv ut f\u00f6rh\u00f6r:<\/b>\u00a0Dokumentet skrivs ut med alla fr\u00e5gor som ska besvaras.<\/em><\/li><li><em><b>Skriv ut st\u00f6rre prov:<\/b>\u00a0Dokumentet skrivs ut med lite mer svarsutrymme.<\/em><\/li><\/ul>\t\t\t\t\t\t\t\t<\/div>\n\t\t\t\t<\/div>\n\t\t\t\t<\/div>\n\t\t\t\t<\/div>\n\t\t\t\t<\/div>\n\t\t\t\t<\/div>\n\t\t\t\t<\/div>\n\t\t\t\t<\/div>\n\t\t\t\t\t<\/div>\n\t\t\t\t<\/div>\n\t\t\t\t<\/div>\n\t\t","protected":false},"excerpt":{"rendered":"<p>Digitala resurser Glosboken Glosboken \u00e4r en webbtj\u00e4nst f\u00f6r inl\u00e4rning av glosor och begrepp med spel, \u00f6vningsl\u00e4gen och utskriftsfunktioner. Glosboken \u00e4r en av Kronobergs l\u00e4nslicenser och tillg\u00e4nglig f\u00f6r samtliga skolor i Kronobergs l\u00e4n. https:\/\/www.glosboken.se\/\u00a0 I Glosboken Inl\u00e4rning av glosor och begrepp Spel, \u00f6vningsl\u00e4gen och utskriftsfunktioner. Passar alla oavsett \u00e5lder, spr\u00e5k, speciella behov eller \u00e4mne! Talsyntes, Diktamen, [&hellip;]<\/p>\n","protected":false},"author":2,"featured_media":0,"parent":0,"menu_order":0,"comment_status":"closed","ping_status":"closed","template":"","meta":{"footnotes":""},"folder":[50],"class_list":["post-3190","page","type-page","status-publish","hentry"],"_links":{"self":[{"href":"https:\/\/studieteknik.regionkronoberg.se\/index.php?rest_route=\/wp\/v2\/pages\/3190","targetHints":{"allow":["GET"]}}],"collection":[{"href":"https:\/\/studieteknik.regionkronoberg.se\/index.php?rest_route=\/wp\/v2\/pages"}],"about":[{"href":"https:\/\/studieteknik.regionkronoberg.se\/index.php?rest_route=\/wp\/v2\/types\/page"}],"author":[{"embeddable":true,"href":"https:\/\/studieteknik.regionkronoberg.se\/index.php?rest_route=\/wp\/v2\/users\/2"}],"replies":[{"embeddable":true,"href":"https:\/\/studieteknik.regionkronoberg.se\/index.php?rest_route=%2Fwp%2Fv2%2Fcomments&post=3190"}],"version-history":[{"count":31,"href":"https:\/\/studieteknik.regionkronoberg.se\/index.php?rest_route=\/wp\/v2\/pages\/3190\/revisions"}],"predecessor-version":[{"id":3505,"href":"https:\/\/studieteknik.regionkronoberg.se\/index.php?rest_route=\/wp\/v2\/pages\/3190\/revisions\/3505"}],"wp:attachment":[{"href":"https:\/\/studieteknik.regionkronoberg.se\/index.php?rest_route=%2Fwp%2Fv2%2Fmedia&parent=3190"}],"wp:term":[{"taxonomy":"folder","embeddable":true,"href":"https:\/\/studieteknik.regionkronoberg.se\/index.php?rest_route=%2Fwp%2Fv2%2Ffolder&post=3190"}],"curies":[{"name":"wp","href":"https:\/\/api.w.org\/{rel}","templated":true}]}}