{"id":3200,"date":"2025-06-09T11:04:48","date_gmt":"2025-06-09T11:04:48","guid":{"rendered":"https:\/\/smart-forest-5135.standoutwp.com\/?page_id=3200"},"modified":"2025-06-11T19:03:44","modified_gmt":"2025-06-11T19:03:44","slug":"digitala-resurser-teori-3","status":"publish","type":"page","link":"https:\/\/studieteknik.regionkronoberg.se\/?page_id=3200","title":{"rendered":"Binogi"},"content":{"rendered":"\t\t<div data-elementor-type=\"wp-page\" data-elementor-id=\"3200\" class=\"elementor elementor-3200\" data-elementor-post-type=\"page\">\n\t\t\t\t<div class=\"elementor-element elementor-element-60ce530 e-flex e-con-boxed e-con e-parent\" data-id=\"60ce530\" data-element_type=\"container\" data-e-type=\"container\" data-settings=\"{&quot;background_background&quot;:&quot;classic&quot;}\">\n\t\t\t\t\t<div class=\"e-con-inner\">\n\t\t<div class=\"elementor-element elementor-element-54b3f6e4 e-con-full e-flex e-con e-child\" data-id=\"54b3f6e4\" data-element_type=\"container\" data-e-type=\"container\">\n\t\t\t\t<div class=\"elementor-element elementor-element-3b5a63c elementor-view-default elementor-widget elementor-widget-icon\" data-id=\"3b5a63c\" data-element_type=\"widget\" data-e-type=\"widget\" data-widget_type=\"icon.default\">\n\t\t\t\t<div class=\"elementor-widget-container\">\n\t\t\t\t\t\t\t<div class=\"elementor-icon-wrapper\">\n\t\t\t<div class=\"elementor-icon\">\n\t\t\t<svg aria-hidden=\"true\" class=\"e-font-icon-svg e-fas-laptop\" viewBox=\"0 0 640 512\" xmlns=\"http:\/\/www.w3.org\/2000\/svg\"><path d=\"M624 416H381.54c-.74 19.81-14.71 32-32.74 32H288c-18.69 0-33.02-17.47-32.77-32H16c-8.8 0-16 7.2-16 16v16c0 35.2 28.8 64 64 64h512c35.2 0 64-28.8 64-64v-16c0-8.8-7.2-16-16-16zM576 48c0-26.4-21.6-48-48-48H112C85.6 0 64 21.6 64 48v336h512V48zm-64 272H128V64h384v256z\"><\/path><\/svg>\t\t\t<\/div>\n\t\t<\/div>\n\t\t\t\t\t\t<\/div>\n\t\t\t\t<\/div>\n\t\t\t\t<div class=\"elementor-element elementor-element-f8b7a37 elementor-widget elementor-widget-heading\" data-id=\"f8b7a37\" data-element_type=\"widget\" data-e-type=\"widget\" data-widget_type=\"heading.default\">\n\t\t\t\t<div class=\"elementor-widget-container\">\n\t\t\t\t\t<h1 class=\"elementor-heading-title elementor-size-default\">Digitala resurser<\/h1>\t\t\t\t<\/div>\n\t\t\t\t<\/div>\n\t\t\t\t<\/div>\n\t\t\t\t\t<\/div>\n\t\t\t\t<\/div>\n\t\t<div class=\"elementor-element elementor-element-99d1f09 e-flex e-con-boxed e-con e-parent\" data-id=\"99d1f09\" data-element_type=\"container\" data-e-type=\"container\" id=\"main-dynamic-container\">\n\t\t\t\t\t<div class=\"e-con-inner\">\n\t\t<div class=\"elementor-element elementor-element-1ac063a6 e-con-full e-flex e-con e-child\" data-id=\"1ac063a6\" data-element_type=\"container\" data-e-type=\"container\" data-settings=\"{&quot;background_background&quot;:&quot;classic&quot;}\">\n\t\t\t\t<div class=\"elementor-element elementor-element-32cd1c7 elementor-nav-menu__text-align-aside elementor-widget elementor-widget-nav-menu\" data-id=\"32cd1c7\" data-element_type=\"widget\" data-e-type=\"widget\" id=\"side-menu-focus\" data-settings=\"{&quot;layout&quot;:&quot;dropdown&quot;,&quot;submenu_icon&quot;:{&quot;value&quot;:&quot;&lt;svg aria-hidden=\\&quot;true\\&quot; class=\\&quot;e-font-icon-svg e-fas-caret-down\\&quot; viewBox=\\&quot;0 0 320 512\\&quot; xmlns=\\&quot;http:\\\/\\\/www.w3.org\\\/2000\\\/svg\\&quot;&gt;&lt;path d=\\&quot;M31.3 192h257.3c17.8 0 26.7 21.5 14.1 34.1L174.1 354.8c-7.8 7.8-20.5 7.8-28.3 0L17.2 226.1C4.6 213.5 13.5 192 31.3 192z\\&quot;&gt;&lt;\\\/path&gt;&lt;\\\/svg&gt;&quot;,&quot;library&quot;:&quot;fa-solid&quot;}}\" data-widget_type=\"nav-menu.default\">\n\t\t\t\t<div class=\"elementor-widget-container\">\n\t\t\t\t\t\t\t\t<nav class=\"elementor-nav-menu--dropdown elementor-nav-menu__container\" aria-hidden=\"true\">\n\t\t\t\t<ul id=\"menu-2-32cd1c7\" class=\"elementor-nav-menu\"><li class=\"menu-item menu-item-type-post_type menu-item-object-page menu-item-3189\"><a href=\"https:\/\/studieteknik.regionkronoberg.se\/?page_id=3182\" class=\"elementor-item\" tabindex=\"-1\">Om Digitala resurser<\/a><\/li>\n<li class=\"menu-item menu-item-type-post_type menu-item-object-page menu-item-3217\"><a href=\"https:\/\/studieteknik.regionkronoberg.se\/?page_id=3200\" class=\"elementor-item\" tabindex=\"-1\">Binogi<\/a><\/li>\n<li class=\"menu-item menu-item-type-post_type menu-item-object-page menu-item-3204\"><a href=\"https:\/\/studieteknik.regionkronoberg.se\/?page_id=3193\" class=\"elementor-item\" tabindex=\"-1\">Escaply<\/a><\/li>\n<li class=\"menu-item menu-item-type-post_type menu-item-object-page menu-item-3199\"><a href=\"https:\/\/studieteknik.regionkronoberg.se\/?page_id=3190\" class=\"elementor-item\" tabindex=\"-1\">Glosboken<\/a><\/li>\n<li class=\"menu-item menu-item-type-post_type menu-item-object-page menu-item-3227\"><a href=\"https:\/\/studieteknik.regionkronoberg.se\/?page_id=3219\" class=\"elementor-item\" tabindex=\"-1\">KronobergPlay<\/a><\/li>\n<li class=\"menu-item menu-item-type-post_type menu-item-object-page menu-item-3216\"><a href=\"https:\/\/studieteknik.regionkronoberg.se\/?page_id=3207\" class=\"elementor-item\" tabindex=\"-1\">Mindomo (Creaza)<\/a><\/li>\n<li class=\"menu-item menu-item-type-post_type menu-item-object-page menu-item-3234\"><a href=\"https:\/\/studieteknik.regionkronoberg.se\/?page_id=3218\" class=\"elementor-item\" tabindex=\"-1\">\u00d6vriga tips<\/a><\/li>\n<li class=\"menu-item menu-item-type-post_type menu-item-object-page menu-item-3241\"><a href=\"https:\/\/studieteknik.regionkronoberg.se\/?page_id=3228\" class=\"elementor-item\" tabindex=\"-1\">Manualer<\/a><\/li>\n<\/ul>\t\t\t<\/nav>\n\t\t\t\t\t\t<\/div>\n\t\t\t\t<\/div>\n\t\t\t\t<\/div>\n\t\t<div class=\"elementor-element elementor-element-47310fae e-con-full main-dynamic-container e-flex e-con e-child\" data-id=\"47310fae\" data-element_type=\"container\" data-e-type=\"container\" id=\"main-dynamic-container\">\n\t\t<div class=\"elementor-element elementor-element-749b2aa7 e-con-full dynamic-content e-flex e-con e-child\" data-id=\"749b2aa7\" data-element_type=\"container\" data-e-type=\"container\" id=\"theory-content1\">\n\t\t<div class=\"elementor-element elementor-element-4be7fc1 e-con-full e-flex e-con e-child\" data-id=\"4be7fc1\" data-element_type=\"container\" data-e-type=\"container\">\n\t\t<div class=\"elementor-element elementor-element-151da700 e-con-full e-flex e-con e-child\" data-id=\"151da700\" data-element_type=\"container\" data-e-type=\"container\" data-settings=\"{&quot;background_background&quot;:&quot;classic&quot;}\">\n\t\t<div class=\"elementor-element elementor-element-61d03b30 e-con-full e-flex e-con e-child\" data-id=\"61d03b30\" data-element_type=\"container\" data-e-type=\"container\">\n\t\t\t\t<div class=\"elementor-element elementor-element-2c6b4cf1 elementor-widget elementor-widget-heading\" data-id=\"2c6b4cf1\" data-element_type=\"widget\" data-e-type=\"widget\" data-widget_type=\"heading.default\">\n\t\t\t\t<div class=\"elementor-widget-container\">\n\t\t\t\t\t<h3 class=\"elementor-heading-title elementor-size-default\">Binogi<\/h3>\t\t\t\t<\/div>\n\t\t\t\t<\/div>\n\t\t\t\t<div class=\"elementor-element elementor-element-3c490513 elementor-widget elementor-widget-text-editor\" data-id=\"3c490513\" data-element_type=\"widget\" data-e-type=\"widget\" data-widget_type=\"text-editor.default\">\n\t\t\t\t<div class=\"elementor-widget-container\">\n\t\t\t\t\t\t\t\t\t<p><span style=\"font-weight: 400;\">Binogi, som \u00e4r ett multimodalt och flerspr\u00e5kigt digitalt l\u00e4romedel f\u00f6r \u00e5rskurs 4\u20139. Det bygger p\u00e5 det centrala inneh\u00e5llet i l\u00e4roplanen och erbjuder animerade filmer som <\/span><b>f\u00f6rklarar begrepp, fakta och samband p\u00e5 ett tydligt <\/b><span style=\"font-weight: 400;\">s\u00e4tt.<\/span><\/p><p>Binogi \u00e4r en av Kronobergs l\u00e4nslicenser och tillg\u00e4nglig f\u00f6r samtliga skolor i Kronobergs l\u00e4n.<\/p><p><span style=\"font-weight: 400;\">Det finns \u00f6ver 1500 filmer f\u00f6rdelade p\u00e5 18 skol\u00e4mnen, bland annat matematik, svenska, NO, SO, engelska, teknik och flera praktiskt-estetiska \u00e4mnen. Filmerna kompletteras med quiz, centrala begrepp och manustexter \u2013 allt tillg\u00e4ngligt p\u00e5 flera spr\u00e5k, vilket g\u00f6r det till ett bra verktyg f\u00f6r flerspr\u00e5kiga elever.<\/span><\/p><p><span style=\"font-weight: 400;\">Materialet fungerar p\u00e5 dator, surfplatta eller mobil. Du som l\u00e4rare kan dela ut uppgifter och f\u00f6lja elevernas progression via statistik.<\/span><\/p><p><a href=\"https:\/\/www.binogi.se\/\">https:\/\/www.binogi.se\/\u00a0<\/a><\/p>\t\t\t\t\t\t\t\t<\/div>\n\t\t\t\t<\/div>\n\t\t\t\t<\/div>\n\t\t<div class=\"elementor-element elementor-element-1b97017e e-con-full e-flex e-con e-child\" data-id=\"1b97017e\" data-element_type=\"container\" data-e-type=\"container\">\n\t\t<div class=\"elementor-element elementor-element-4c00a2c4 e-con-full e-flex e-con e-child\" data-id=\"4c00a2c4\" data-element_type=\"container\" data-e-type=\"container\">\n\t\t<div class=\"elementor-element elementor-element-7a86cdc4 e-con-full e-flex e-con e-child\" data-id=\"7a86cdc4\" data-element_type=\"container\" data-e-type=\"container\">\n\t\t\t\t<div class=\"elementor-element elementor-element-5574f805 elementor-widget elementor-widget-image\" data-id=\"5574f805\" data-element_type=\"widget\" data-e-type=\"widget\" data-widget_type=\"image.default\">\n\t\t\t\t<div class=\"elementor-widget-container\">\n\t\t\t\t\t\t\t\t\t\t\t\t\t\t\t<img fetchpriority=\"high\" decoding=\"async\" width=\"300\" height=\"213\" src=\"https:\/\/studieteknik.regionkronoberg.se\/wp-content\/uploads\/2025\/06\/binogi-2-300x213.png\" class=\"attachment-medium size-medium wp-image-3249\" alt=\"Logga f\u00f6r verktyget Binogi\" srcset=\"https:\/\/studieteknik.regionkronoberg.se\/wp-content\/uploads\/2025\/06\/binogi-2-300x213.png 300w, https:\/\/studieteknik.regionkronoberg.se\/wp-content\/uploads\/2025\/06\/binogi-2.png 760w\" sizes=\"(max-width: 300px) 100vw, 300px\" \/>\t\t\t\t\t\t\t\t\t\t\t\t\t\t\t<\/div>\n\t\t\t\t<\/div>\n\t\t\t\t<\/div>\n\t\t\t\t<\/div>\n\t\t\t\t<\/div>\n\t\t\t\t<\/div>\n\t\t<div class=\"elementor-element elementor-element-ace033 e-con-full e-flex e-con e-child\" data-id=\"ace033\" data-element_type=\"container\" data-e-type=\"container\">\n\t\t<div class=\"elementor-element elementor-element-5877f29f e-con-full e-flex e-con e-child\" data-id=\"5877f29f\" data-element_type=\"container\" data-e-type=\"container\">\n\t\t\t\t<div class=\"elementor-element elementor-element-60a206f1 elementor-widget elementor-widget-heading\" data-id=\"60a206f1\" data-element_type=\"widget\" data-e-type=\"widget\" data-widget_type=\"heading.default\">\n\t\t\t\t<div class=\"elementor-widget-container\">\n\t\t\t\t\t<h3 class=\"elementor-heading-title elementor-size-default\">I Binogi<\/h3>\t\t\t\t<\/div>\n\t\t\t\t<\/div>\n\t\t\t\t<div class=\"elementor-element elementor-element-781a789d elementor-widget elementor-widget-text-editor\" data-id=\"781a789d\" data-element_type=\"widget\" data-e-type=\"widget\" data-widget_type=\"text-editor.default\">\n\t\t\t\t<div class=\"elementor-widget-container\">\n\t\t\t\t\t\t\t\t\t<ul><li style=\"font-weight: 400;\" aria-level=\"1\"><span style=\"font-weight: 400;\">Animerade kortfilmer<\/span><\/li><li style=\"font-weight: 400;\" aria-level=\"1\"><span style=\"font-weight: 400;\">Tr\u00e4na begrepp<\/span><\/li><li style=\"font-weight: 400;\" aria-level=\"1\"><span style=\"font-weight: 400;\">F\u00f6rklarar fakta och samband<\/span><\/li><li style=\"font-weight: 400;\" aria-level=\"1\"><span style=\"font-weight: 400;\">Kompletterande Quiz<\/span><\/li><li style=\"font-weight: 400;\" aria-level=\"1\"><span style=\"font-weight: 400;\">Flerspr\u00e5kigt<\/span><\/li><\/ul>\t\t\t\t\t\t\t\t<\/div>\n\t\t\t\t<\/div>\n\t\t\t\t<div class=\"elementor-element elementor-element-11259718 elementor-widget elementor-widget-heading\" data-id=\"11259718\" data-element_type=\"widget\" data-e-type=\"widget\" data-widget_type=\"heading.default\">\n\t\t\t\t<div class=\"elementor-widget-container\">\n\t\t\t\t\t<h3 class=\"elementor-heading-title elementor-size-default\">Inloggning Binogi f\u00f6r l\u00e4rare\/elever<\/h3>\t\t\t\t<\/div>\n\t\t\t\t<\/div>\n\t\t\t\t<div class=\"elementor-element elementor-element-6a909c5b elementor-widget elementor-widget-text-editor\" data-id=\"6a909c5b\" data-element_type=\"widget\" data-e-type=\"widget\" data-widget_type=\"text-editor.default\">\n\t\t\t\t<div class=\"elementor-widget-container\">\n\t\t\t\t\t\t\t\t\t<ul><li style=\"font-weight: 400;\" aria-level=\"1\"><span style=\"font-weight: 400;\">Alvesta, Lessebo, Tingsryd och V\u00e4xj\u00f6 &#8211; <\/span><b>Skolon<\/b><\/li><li style=\"font-weight: 400;\" aria-level=\"1\"><span style=\"font-weight: 400;\">Uppvidinge Ljungby- <\/span><b>Google<\/b><\/li><li style=\"font-weight: 400;\" aria-level=\"1\"><span style=\"font-weight: 400;\">\u00c4lmhult <\/span><b>&#8211; Microsoft<\/b><\/li><li style=\"font-weight: 400;\" aria-level=\"1\">Markaryd och \u00c4lmhult<b> &#8211; Skolfederation<\/b><\/li><\/ul>\t\t\t\t\t\t\t\t<\/div>\n\t\t\t\t<\/div>\n\t\t\t\t<div class=\"elementor-element elementor-element-3454c0fd elementor-widget elementor-widget-heading\" data-id=\"3454c0fd\" data-element_type=\"widget\" data-e-type=\"widget\" data-widget_type=\"heading.default\">\n\t\t\t\t<div class=\"elementor-widget-container\">\n\t\t\t\t\t<h3 class=\"elementor-heading-title elementor-size-default\">Manualer och instruktioner <\/h3>\t\t\t\t<\/div>\n\t\t\t\t<\/div>\n\t\t\t\t<div class=\"elementor-element elementor-element-52781387 elementor-widget elementor-widget-text-editor\" data-id=\"52781387\" data-element_type=\"widget\" data-e-type=\"widget\" data-widget_type=\"text-editor.default\">\n\t\t\t\t<div class=\"elementor-widget-container\">\n\t\t\t\t\t\t\t\t\t<p>Manualer och instruktioner till Binogi finns i menyn \u201c<a href=\"https:\/\/smart-forest-5135.standoutwp.com\/?page_id=3228\"><b>Manualer<\/b><\/a>\u201d<\/p>\t\t\t\t\t\t\t\t<\/div>\n\t\t\t\t<\/div>\n\t\t\t\t<\/div>\n\t\t<div class=\"elementor-element elementor-element-47f807a8 e-con-full e-flex e-con e-child\" data-id=\"47f807a8\" data-element_type=\"container\" data-e-type=\"container\">\n\t\t<div class=\"elementor-element elementor-element-2d8fc8ae e-con-full e-flex e-con e-child\" data-id=\"2d8fc8ae\" data-element_type=\"container\" data-e-type=\"container\">\n\t\t<div class=\"elementor-element elementor-element-3f748d8 e-con-full e-flex e-con e-child\" data-id=\"3f748d8\" data-element_type=\"container\" data-e-type=\"container\">\n\t\t\t\t<div class=\"elementor-element elementor-element-77ef631a elementor-widget elementor-widget-image\" data-id=\"77ef631a\" data-element_type=\"widget\" data-e-type=\"widget\" data-widget_type=\"image.default\">\n\t\t\t\t<div class=\"elementor-widget-container\">\n\t\t\t\t\t\t\t\t\t\t\t\t<figure class=\"wp-caption\">\n\t\t\t\t\t\t\t\t\t\t<img decoding=\"async\" width=\"767\" height=\"496\" src=\"https:\/\/studieteknik.regionkronoberg.se\/wp-content\/uploads\/2025\/06\/vattenforsorjning.png\" class=\"attachment-medium_large size-medium_large wp-image-3384\" alt=\"Bild fr\u00e5n vattenf\u00f6rs\u00f6rjning i Binogi\" srcset=\"https:\/\/studieteknik.regionkronoberg.se\/wp-content\/uploads\/2025\/06\/vattenforsorjning.png 767w, https:\/\/studieteknik.regionkronoberg.se\/wp-content\/uploads\/2025\/06\/vattenforsorjning-300x194.png 300w\" sizes=\"(max-width: 767px) 100vw, 767px\" \/>\t\t\t\t\t\t\t\t\t\t\t<figcaption class=\"widget-image-caption wp-caption-text\">Bild fr\u00e5n Vattenf\u00f6rs\u00f6rjning i Binogi<\/figcaption>\n\t\t\t\t\t\t\t\t\t\t<\/figure>\n\t\t\t\t\t\t\t\t\t<\/div>\n\t\t\t\t<\/div>\n\t\t\t\t<\/div>\n\t\t\t\t<\/div>\n\t\t\t\t<\/div>\n\t\t\t\t<\/div>\n\t\t<div class=\"elementor-element elementor-element-60aac517 e-con-full e-flex e-con e-child\" data-id=\"60aac517\" data-element_type=\"container\" data-e-type=\"container\" data-settings=\"{&quot;background_background&quot;:&quot;classic&quot;}\">\n\t\t<div class=\"elementor-element elementor-element-5ee8a79f e-con-full e-flex e-con e-child\" data-id=\"5ee8a79f\" data-element_type=\"container\" data-e-type=\"container\">\n\t\t\t\t<div class=\"elementor-element elementor-element-7a97a9d5 elementor-headline--style-highlight elementor-widget elementor-widget-animated-headline\" data-id=\"7a97a9d5\" data-element_type=\"widget\" data-e-type=\"widget\" data-settings=\"{&quot;marker&quot;:&quot;underline_zigzag&quot;,&quot;highlighted_text&quot;:&quot;Tips!&quot;,&quot;headline_style&quot;:&quot;highlight&quot;,&quot;loop&quot;:&quot;yes&quot;,&quot;highlight_animation_duration&quot;:1200,&quot;highlight_iteration_delay&quot;:8000}\" data-widget_type=\"animated-headline.default\">\n\t\t\t\t<div class=\"elementor-widget-container\">\n\t\t\t\t\t\t\t<h2 class=\"elementor-headline\">\n\t\t\t\t<span class=\"elementor-headline-dynamic-wrapper elementor-headline-text-wrapper\">\n\t\t\t\t\t<span class=\"elementor-headline-dynamic-text elementor-headline-text-active\">Tips!<\/span>\n\t\t\t\t<\/span>\n\t\t\t\t<\/h2>\n\t\t\t\t\t\t<\/div>\n\t\t\t\t<\/div>\n\t\t<div class=\"elementor-element elementor-element-3ca0dcac e-con-full e-flex e-con e-child\" data-id=\"3ca0dcac\" data-element_type=\"container\" data-e-type=\"container\" data-settings=\"{&quot;background_background&quot;:&quot;classic&quot;}\">\n\t\t\t\t<div class=\"elementor-element elementor-element-32a67b62 elementor-widget__width-initial elementor-widget elementor-widget-text-editor\" data-id=\"32a67b62\" data-element_type=\"widget\" data-e-type=\"widget\" data-widget_type=\"text-editor.default\">\n\t\t\t\t<div class=\"elementor-widget-container\">\n\t\t\t\t\t\t\t\t\t<h2><span style=\"color: #ffffff;\">L\u00e4rarhandledningar i Binogi<\/span><\/h2><p>Binogis l\u00e4rarhandledningar inneh\u00e5ller \u00e4mnesfilmer uppdelade efter teman, lektionsuppl\u00e4gg samt exempel p\u00e5 externt material. Handledningen \u00e4r anpassad f\u00f6r \u00e5k 4-6, \u00e5k 7-9 och gymnasiet.<\/p><ul><li><a href=\"https:\/\/www.binogi.se\/lararhandledningar\">Till L\u00e4rarnhandledningar Binogi<\/a><\/li><\/ul><p>\u00a0<\/p>\t\t\t\t\t\t\t\t<\/div>\n\t\t\t\t<\/div>\n\t\t\t\t<\/div>\n\t\t\t\t<\/div>\n\t\t\t\t<\/div>\n\t\t\t\t<\/div>\n\t\t\t\t<\/div>\n\t\t\t\t<\/div>\n\t\t\t\t\t<\/div>\n\t\t\t\t<\/div>\n\t\t\t\t<\/div>\n\t\t","protected":false},"excerpt":{"rendered":"<p>Digitala resurser Binogi Binogi, som \u00e4r ett multimodalt och flerspr\u00e5kigt digitalt l\u00e4romedel f\u00f6r \u00e5rskurs 4\u20139. Det bygger p\u00e5 det centrala inneh\u00e5llet i l\u00e4roplanen och erbjuder animerade filmer som f\u00f6rklarar begrepp, fakta och samband p\u00e5 ett tydligt s\u00e4tt. Binogi \u00e4r en av Kronobergs l\u00e4nslicenser och tillg\u00e4nglig f\u00f6r samtliga skolor i Kronobergs l\u00e4n. Det finns \u00f6ver 1500 [&hellip;]<\/p>\n","protected":false},"author":2,"featured_media":0,"parent":0,"menu_order":0,"comment_status":"closed","ping_status":"closed","template":"","meta":{"footnotes":""},"folder":[50],"class_list":["post-3200","page","type-page","status-publish","hentry"],"_links":{"self":[{"href":"https:\/\/studieteknik.regionkronoberg.se\/index.php?rest_route=\/wp\/v2\/pages\/3200","targetHints":{"allow":["GET"]}}],"collection":[{"href":"https:\/\/studieteknik.regionkronoberg.se\/index.php?rest_route=\/wp\/v2\/pages"}],"about":[{"href":"https:\/\/studieteknik.regionkronoberg.se\/index.php?rest_route=\/wp\/v2\/types\/page"}],"author":[{"embeddable":true,"href":"https:\/\/studieteknik.regionkronoberg.se\/index.php?rest_route=\/wp\/v2\/users\/2"}],"replies":[{"embeddable":true,"href":"https:\/\/studieteknik.regionkronoberg.se\/index.php?rest_route=%2Fwp%2Fv2%2Fcomments&post=3200"}],"version-history":[{"count":25,"href":"https:\/\/studieteknik.regionkronoberg.se\/index.php?rest_route=\/wp\/v2\/pages\/3200\/revisions"}],"predecessor-version":[{"id":3520,"href":"https:\/\/studieteknik.regionkronoberg.se\/index.php?rest_route=\/wp\/v2\/pages\/3200\/revisions\/3520"}],"wp:attachment":[{"href":"https:\/\/studieteknik.regionkronoberg.se\/index.php?rest_route=%2Fwp%2Fv2%2Fmedia&parent=3200"}],"wp:term":[{"taxonomy":"folder","embeddable":true,"href":"https:\/\/studieteknik.regionkronoberg.se\/index.php?rest_route=%2Fwp%2Fv2%2Ffolder&post=3200"}],"curies":[{"name":"wp","href":"https:\/\/api.w.org\/{rel}","templated":true}]}}