{"id":3219,"date":"2025-06-09T11:08:05","date_gmt":"2025-06-09T11:08:05","guid":{"rendered":"https:\/\/smart-forest-5135.standoutwp.com\/?page_id=3219"},"modified":"2025-12-10T08:18:40","modified_gmt":"2025-12-10T08:18:40","slug":"digitala-resurser-teori-5","status":"publish","type":"page","link":"https:\/\/studieteknik.regionkronoberg.se\/?page_id=3219","title":{"rendered":"KronobergPlay"},"content":{"rendered":"\t\t<div data-elementor-type=\"wp-page\" data-elementor-id=\"3219\" class=\"elementor elementor-3219\" data-elementor-post-type=\"page\">\n\t\t\t\t<div class=\"elementor-element elementor-element-48126656 e-flex e-con-boxed e-con e-parent\" data-id=\"48126656\" data-element_type=\"container\" data-e-type=\"container\" data-settings=\"{&quot;background_background&quot;:&quot;classic&quot;}\">\n\t\t\t\t\t<div class=\"e-con-inner\">\n\t\t<div class=\"elementor-element elementor-element-7ee2206d e-con-full e-flex e-con e-child\" data-id=\"7ee2206d\" data-element_type=\"container\" data-e-type=\"container\">\n\t\t\t\t<div class=\"elementor-element elementor-element-2881af3d elementor-view-default elementor-widget elementor-widget-icon\" data-id=\"2881af3d\" data-element_type=\"widget\" data-e-type=\"widget\" data-widget_type=\"icon.default\">\n\t\t\t\t<div class=\"elementor-widget-container\">\n\t\t\t\t\t\t\t<div class=\"elementor-icon-wrapper\">\n\t\t\t<div class=\"elementor-icon\">\n\t\t\t<svg aria-hidden=\"true\" class=\"e-font-icon-svg e-fas-laptop\" viewBox=\"0 0 640 512\" xmlns=\"http:\/\/www.w3.org\/2000\/svg\"><path d=\"M624 416H381.54c-.74 19.81-14.71 32-32.74 32H288c-18.69 0-33.02-17.47-32.77-32H16c-8.8 0-16 7.2-16 16v16c0 35.2 28.8 64 64 64h512c35.2 0 64-28.8 64-64v-16c0-8.8-7.2-16-16-16zM576 48c0-26.4-21.6-48-48-48H112C85.6 0 64 21.6 64 48v336h512V48zm-64 272H128V64h384v256z\"><\/path><\/svg>\t\t\t<\/div>\n\t\t<\/div>\n\t\t\t\t\t\t<\/div>\n\t\t\t\t<\/div>\n\t\t\t\t<div class=\"elementor-element elementor-element-7a2711a5 elementor-widget elementor-widget-heading\" data-id=\"7a2711a5\" data-element_type=\"widget\" data-e-type=\"widget\" data-widget_type=\"heading.default\">\n\t\t\t\t<div class=\"elementor-widget-container\">\n\t\t\t\t\t<h1 class=\"elementor-heading-title elementor-size-default\">Digitala resurser<\/h1>\t\t\t\t<\/div>\n\t\t\t\t<\/div>\n\t\t\t\t<\/div>\n\t\t\t\t\t<\/div>\n\t\t\t\t<\/div>\n\t\t<div class=\"elementor-element elementor-element-d872262 e-flex e-con-boxed e-con e-parent\" data-id=\"d872262\" data-element_type=\"container\" data-e-type=\"container\" id=\"main-dynamic-container\">\n\t\t\t\t\t<div class=\"e-con-inner\">\n\t\t<div class=\"elementor-element elementor-element-68b8901a e-con-full e-flex e-con e-child\" data-id=\"68b8901a\" data-element_type=\"container\" data-e-type=\"container\" data-settings=\"{&quot;background_background&quot;:&quot;classic&quot;}\">\n\t\t\t\t<div class=\"elementor-element elementor-element-478a81ed elementor-nav-menu__text-align-aside elementor-widget elementor-widget-nav-menu\" data-id=\"478a81ed\" data-element_type=\"widget\" data-e-type=\"widget\" id=\"side-menu-focus\" data-settings=\"{&quot;layout&quot;:&quot;dropdown&quot;,&quot;submenu_icon&quot;:{&quot;value&quot;:&quot;&lt;svg aria-hidden=\\&quot;true\\&quot; class=\\&quot;e-font-icon-svg e-fas-caret-down\\&quot; viewBox=\\&quot;0 0 320 512\\&quot; xmlns=\\&quot;http:\\\/\\\/www.w3.org\\\/2000\\\/svg\\&quot;&gt;&lt;path d=\\&quot;M31.3 192h257.3c17.8 0 26.7 21.5 14.1 34.1L174.1 354.8c-7.8 7.8-20.5 7.8-28.3 0L17.2 226.1C4.6 213.5 13.5 192 31.3 192z\\&quot;&gt;&lt;\\\/path&gt;&lt;\\\/svg&gt;&quot;,&quot;library&quot;:&quot;fa-solid&quot;}}\" data-widget_type=\"nav-menu.default\">\n\t\t\t\t<div class=\"elementor-widget-container\">\n\t\t\t\t\t\t\t\t<nav class=\"elementor-nav-menu--dropdown elementor-nav-menu__container\" aria-hidden=\"true\">\n\t\t\t\t<ul id=\"menu-2-478a81ed\" class=\"elementor-nav-menu\"><li class=\"menu-item menu-item-type-post_type menu-item-object-page menu-item-3189\"><a href=\"https:\/\/studieteknik.regionkronoberg.se\/?page_id=3182\" class=\"elementor-item\" tabindex=\"-1\">Om Digitala resurser<\/a><\/li>\n<li class=\"menu-item menu-item-type-post_type menu-item-object-page menu-item-3217\"><a href=\"https:\/\/studieteknik.regionkronoberg.se\/?page_id=3200\" class=\"elementor-item\" tabindex=\"-1\">Binogi<\/a><\/li>\n<li class=\"menu-item menu-item-type-post_type menu-item-object-page menu-item-3204\"><a href=\"https:\/\/studieteknik.regionkronoberg.se\/?page_id=3193\" class=\"elementor-item\" tabindex=\"-1\">Escaply<\/a><\/li>\n<li class=\"menu-item menu-item-type-post_type menu-item-object-page menu-item-3199\"><a href=\"https:\/\/studieteknik.regionkronoberg.se\/?page_id=3190\" class=\"elementor-item\" tabindex=\"-1\">Glosboken<\/a><\/li>\n<li class=\"menu-item menu-item-type-post_type menu-item-object-page menu-item-3227\"><a href=\"https:\/\/studieteknik.regionkronoberg.se\/?page_id=3219\" class=\"elementor-item\" tabindex=\"-1\">KronobergPlay<\/a><\/li>\n<li class=\"menu-item menu-item-type-post_type menu-item-object-page menu-item-3216\"><a href=\"https:\/\/studieteknik.regionkronoberg.se\/?page_id=3207\" class=\"elementor-item\" tabindex=\"-1\">Mindomo (Creaza)<\/a><\/li>\n<li class=\"menu-item menu-item-type-post_type menu-item-object-page menu-item-3234\"><a href=\"https:\/\/studieteknik.regionkronoberg.se\/?page_id=3218\" class=\"elementor-item\" tabindex=\"-1\">\u00d6vriga tips<\/a><\/li>\n<li class=\"menu-item menu-item-type-post_type menu-item-object-page menu-item-3241\"><a href=\"https:\/\/studieteknik.regionkronoberg.se\/?page_id=3228\" class=\"elementor-item\" tabindex=\"-1\">Manualer<\/a><\/li>\n<\/ul>\t\t\t<\/nav>\n\t\t\t\t\t\t<\/div>\n\t\t\t\t<\/div>\n\t\t\t\t<\/div>\n\t\t<div class=\"elementor-element elementor-element-269014e4 e-con-full main-dynamic-container e-flex e-con e-child\" data-id=\"269014e4\" data-element_type=\"container\" data-e-type=\"container\" id=\"main-dynamic-container\">\n\t\t<div class=\"elementor-element elementor-element-13df42e3 e-con-full dynamic-content e-flex e-con e-child\" data-id=\"13df42e3\" data-element_type=\"container\" data-e-type=\"container\" id=\"theory-content1\">\n\t\t<div class=\"elementor-element elementor-element-74ce96ce e-con-full e-flex e-con e-child\" data-id=\"74ce96ce\" data-element_type=\"container\" data-e-type=\"container\">\n\t\t<div class=\"elementor-element elementor-element-60057d92 e-con-full e-flex e-con e-child\" data-id=\"60057d92\" data-element_type=\"container\" data-e-type=\"container\" data-settings=\"{&quot;background_background&quot;:&quot;classic&quot;}\">\n\t\t<div class=\"elementor-element elementor-element-58427305 e-con-full e-flex e-con e-child\" data-id=\"58427305\" data-element_type=\"container\" data-e-type=\"container\">\n\t\t\t\t<div class=\"elementor-element elementor-element-2590f7e3 elementor-widget elementor-widget-heading\" data-id=\"2590f7e3\" data-element_type=\"widget\" data-e-type=\"widget\" data-widget_type=\"heading.default\">\n\t\t\t\t<div class=\"elementor-widget-container\">\n\t\t\t\t\t<h3 class=\"elementor-heading-title elementor-size-default\">KronobergPlay<\/h3>\t\t\t\t<\/div>\n\t\t\t\t<\/div>\n\t\t\t\t<div class=\"elementor-element elementor-element-5446f3f2 elementor-widget elementor-widget-text-editor\" data-id=\"5446f3f2\" data-element_type=\"widget\" data-e-type=\"widget\" data-widget_type=\"text-editor.default\">\n\t\t\t\t<div class=\"elementor-widget-container\">\n\t\t\t\t\t\t\t\t\t<p><span style=\"font-weight: 400;\">KronobergPlay \u00e4r AV-Media Region Kronobergs plattform f\u00f6r str\u00f6mmande utbildningsfilm \u2013 skapad f\u00f6r att inspirera och st\u00f6tta elever i undervisningen. <\/span><\/p><p><span style=\"font-weight: 400;\">KronobergPlay g\u00f6r det enkelt att anv\u00e4nda film som ett levande och relevant verktyg i klassrummet.<\/span><\/p><p>KronobergPlay \u00e4r en av Kronobergs l\u00e4nslicenser och tillg\u00e4nglig f\u00f6r samtliga skolor i Kronobergs l\u00e4n.<\/p>\t\t\t\t\t\t\t\t<\/div>\n\t\t\t\t<\/div>\n\t\t\t\t<\/div>\n\t\t<div class=\"elementor-element elementor-element-285d740b e-con-full e-flex e-con e-child\" data-id=\"285d740b\" data-element_type=\"container\" data-e-type=\"container\">\n\t\t<div class=\"elementor-element elementor-element-5b846a2 e-con-full e-flex e-con e-child\" data-id=\"5b846a2\" data-element_type=\"container\" data-e-type=\"container\">\n\t\t<div class=\"elementor-element elementor-element-56244ff2 e-con-full e-flex e-con e-child\" data-id=\"56244ff2\" data-element_type=\"container\" data-e-type=\"container\">\n\t\t\t\t<div class=\"elementor-element elementor-element-db7d24a elementor-widget elementor-widget-image\" data-id=\"db7d24a\" data-element_type=\"widget\" data-e-type=\"widget\" data-widget_type=\"image.default\">\n\t\t\t\t<div class=\"elementor-widget-container\">\n\t\t\t\t\t\t\t\t\t\t\t\t\t\t\t<img fetchpriority=\"high\" decoding=\"async\" width=\"768\" height=\"172\" src=\"https:\/\/studieteknik.regionkronoberg.se\/wp-content\/uploads\/2025\/08\/KronobergPlay-liggande-768x172.png\" class=\"attachment-medium_large size-medium_large wp-image-3923\" alt=\"Logga KronobergPlay liggande\" srcset=\"https:\/\/studieteknik.regionkronoberg.se\/wp-content\/uploads\/2025\/08\/KronobergPlay-liggande-768x172.png 768w, https:\/\/studieteknik.regionkronoberg.se\/wp-content\/uploads\/2025\/08\/KronobergPlay-liggande-300x67.png 300w, https:\/\/studieteknik.regionkronoberg.se\/wp-content\/uploads\/2025\/08\/KronobergPlay-liggande-1024x230.png 1024w, https:\/\/studieteknik.regionkronoberg.se\/wp-content\/uploads\/2025\/08\/KronobergPlay-liggande-1536x344.png 1536w, https:\/\/studieteknik.regionkronoberg.se\/wp-content\/uploads\/2025\/08\/KronobergPlay-liggande-2048x459.png 2048w\" sizes=\"(max-width: 768px) 100vw, 768px\" \/>\t\t\t\t\t\t\t\t\t\t\t\t\t\t\t<\/div>\n\t\t\t\t<\/div>\n\t\t\t\t<\/div>\n\t\t\t\t<\/div>\n\t\t\t\t<\/div>\n\t\t\t\t<\/div>\n\t\t<div class=\"elementor-element elementor-element-17e8df34 e-con-full e-flex e-con e-child\" data-id=\"17e8df34\" data-element_type=\"container\" data-e-type=\"container\">\n\t\t<div class=\"elementor-element elementor-element-4ee8b8c7 e-con-full e-flex e-con e-child\" data-id=\"4ee8b8c7\" data-element_type=\"container\" data-e-type=\"container\">\n\t\t\t\t<div class=\"elementor-element elementor-element-5ab0a2e5 elementor-widget elementor-widget-heading\" data-id=\"5ab0a2e5\" data-element_type=\"widget\" data-e-type=\"widget\" data-widget_type=\"heading.default\">\n\t\t\t\t<div class=\"elementor-widget-container\">\n\t\t\t\t\t<h3 class=\"elementor-heading-title elementor-size-default\">I KronobergPlay<\/h3>\t\t\t\t<\/div>\n\t\t\t\t<\/div>\n\t\t\t\t<div class=\"elementor-element elementor-element-23b8312d elementor-widget elementor-widget-text-editor\" data-id=\"23b8312d\" data-element_type=\"widget\" data-e-type=\"widget\" data-widget_type=\"text-editor.default\">\n\t\t\t\t<div class=\"elementor-widget-container\">\n\t\t\t\t\t\t\t\t\t<ul><li><span style=\"font-weight: 400;\">Hitta r\u00e4tt film enkelt.<\/span><\/li><li><span style=\"font-weight: 400;\">S\u00f6k direkt utifr\u00e5n \u00e4mne, m\u00e5lgrupp eller l\u00e4roplansm\u00e5l.<\/span><\/li><li><span style=\"font-weight: 400;\">Tydliga kategorier och filter f\u00f6r att hitta relevant material.<\/span><\/li><li><span style=\"font-weight: 400;\">Pedagogiskt st\u00f6d i fokus.<\/span><\/li><li><span style=\"font-weight: 400;\">M\u00e5nga filmer kompletteras med l\u00e4rarhandledningar och elev\u00f6vningar.<\/span><\/li><li>Materialet \u00e4r utvalt f\u00f6r att passa skolans olika stadier.<\/li><li><span style=\"font-weight: 400;\">Filmerna \u00e4r kopplade till l\u00e4roplanens centrala m\u00e5l.<\/span><\/li><\/ul>\t\t\t\t\t\t\t\t<\/div>\n\t\t\t\t<\/div>\n\t\t\t\t<div class=\"elementor-element elementor-element-69d951c5 elementor-widget elementor-widget-heading\" data-id=\"69d951c5\" data-element_type=\"widget\" data-e-type=\"widget\" data-widget_type=\"heading.default\">\n\t\t\t\t<div class=\"elementor-widget-container\">\n\t\t\t\t\t<h3 class=\"elementor-heading-title elementor-size-default\">Inloggning f\u00f6r l\u00e4rare\/elever<\/h3>\t\t\t\t<\/div>\n\t\t\t\t<\/div>\n\t\t\t\t<div class=\"elementor-element elementor-element-748dae7 elementor-widget elementor-widget-text-editor\" data-id=\"748dae7\" data-element_type=\"widget\" data-e-type=\"widget\" data-widget_type=\"text-editor.default\">\n\t\t\t\t<div class=\"elementor-widget-container\">\n\t\t\t\t\t\t\t\t\t<p><strong>Skolon<\/strong><\/p><ul><li>Alvesta skola<\/li><li>Lessebo skola<\/li><li>Tingsryd skola<\/li><li>V\u00e4xj\u00f6 f\u00f6rskola\/skola<\/li><\/ul><p><strong><br \/>Skolfederation<\/strong><\/p><ul><li>Alvesta f\u00f6rskola<\/li><li>Ljungby f\u00f6rskola\/skola<\/li><li>Markaryd f\u00f6rskola\/skola<\/li><li>\u00c4lmhult f\u00f6rskola\/skola<\/li><\/ul><p><strong>Google<\/strong><\/p><ul><li>Lessebo f\u00f6rskola<\/li><li>Tingsryd f\u00f6rskola<\/li><\/ul><p><strong>Uppvidinge kommun<\/strong> &#8211; kontakta <a href=\"https:\/\/avmedia.kronoberg.se\/kontakta-oss\/kontakt\/\">AV-Media Kronoberg<\/a> f\u00f6r mer information<\/p>\t\t\t\t\t\t\t\t<\/div>\n\t\t\t\t<\/div>\n\t\t\t\t<\/div>\n\t\t<div class=\"elementor-element elementor-element-b9f07b7 e-con-full e-flex e-con e-child\" data-id=\"b9f07b7\" data-element_type=\"container\" data-e-type=\"container\">\n\t\t\t\t<div class=\"elementor-element elementor-element-7b428fd elementor-widget elementor-widget-image\" data-id=\"7b428fd\" data-element_type=\"widget\" data-e-type=\"widget\" data-widget_type=\"image.default\">\n\t\t\t\t<div class=\"elementor-widget-container\">\n\t\t\t\t\t\t\t\t\t\t\t\t\t\t\t<img decoding=\"async\" width=\"300\" height=\"300\" src=\"https:\/\/studieteknik.regionkronoberg.se\/wp-content\/uploads\/2025\/08\/KronobergPlay-kvadrat-2-300x300.png\" class=\"attachment-medium size-medium wp-image-3931\" alt=\"Logga f\u00f6r KronobergPlay\" srcset=\"https:\/\/studieteknik.regionkronoberg.se\/wp-content\/uploads\/2025\/08\/KronobergPlay-kvadrat-2-300x300.png 300w, https:\/\/studieteknik.regionkronoberg.se\/wp-content\/uploads\/2025\/08\/KronobergPlay-kvadrat-2-1024x1024.png 1024w, https:\/\/studieteknik.regionkronoberg.se\/wp-content\/uploads\/2025\/08\/KronobergPlay-kvadrat-2-150x150.png 150w, https:\/\/studieteknik.regionkronoberg.se\/wp-content\/uploads\/2025\/08\/KronobergPlay-kvadrat-2-768x768.png 768w, https:\/\/studieteknik.regionkronoberg.se\/wp-content\/uploads\/2025\/08\/KronobergPlay-kvadrat-2.png 1080w\" sizes=\"(max-width: 300px) 100vw, 300px\" \/>\t\t\t\t\t\t\t\t\t\t\t\t\t\t\t<\/div>\n\t\t\t\t<\/div>\n\t\t\t\t<\/div>\n\t\t\t\t<\/div>\n\t\t\t\t<\/div>\n\t\t\t\t<\/div>\n\t\t\t\t<\/div>\n\t\t\t\t\t<\/div>\n\t\t\t\t<\/div>\n\t\t\t\t<\/div>\n\t\t","protected":false},"excerpt":{"rendered":"<p>Digitala resurser KronobergPlay KronobergPlay \u00e4r AV-Media Region Kronobergs plattform f\u00f6r str\u00f6mmande utbildningsfilm \u2013 skapad f\u00f6r att inspirera och st\u00f6tta elever i undervisningen. KronobergPlay g\u00f6r det enkelt att anv\u00e4nda film som ett levande och relevant verktyg i klassrummet. KronobergPlay \u00e4r en av Kronobergs l\u00e4nslicenser och tillg\u00e4nglig f\u00f6r samtliga skolor i Kronobergs l\u00e4n. I KronobergPlay Hitta r\u00e4tt [&hellip;]<\/p>\n","protected":false},"author":2,"featured_media":0,"parent":0,"menu_order":0,"comment_status":"closed","ping_status":"closed","template":"","meta":{"footnotes":""},"folder":[50],"class_list":["post-3219","page","type-page","status-publish","hentry"],"_links":{"self":[{"href":"https:\/\/studieteknik.regionkronoberg.se\/index.php?rest_route=\/wp\/v2\/pages\/3219","targetHints":{"allow":["GET"]}}],"collection":[{"href":"https:\/\/studieteknik.regionkronoberg.se\/index.php?rest_route=\/wp\/v2\/pages"}],"about":[{"href":"https:\/\/studieteknik.regionkronoberg.se\/index.php?rest_route=\/wp\/v2\/types\/page"}],"author":[{"embeddable":true,"href":"https:\/\/studieteknik.regionkronoberg.se\/index.php?rest_route=\/wp\/v2\/users\/2"}],"replies":[{"embeddable":true,"href":"https:\/\/studieteknik.regionkronoberg.se\/index.php?rest_route=%2Fwp%2Fv2%2Fcomments&post=3219"}],"version-history":[{"count":25,"href":"https:\/\/studieteknik.regionkronoberg.se\/index.php?rest_route=\/wp\/v2\/pages\/3219\/revisions"}],"predecessor-version":[{"id":4412,"href":"https:\/\/studieteknik.regionkronoberg.se\/index.php?rest_route=\/wp\/v2\/pages\/3219\/revisions\/4412"}],"wp:attachment":[{"href":"https:\/\/studieteknik.regionkronoberg.se\/index.php?rest_route=%2Fwp%2Fv2%2Fmedia&parent=3219"}],"wp:term":[{"taxonomy":"folder","embeddable":true,"href":"https:\/\/studieteknik.regionkronoberg.se\/index.php?rest_route=%2Fwp%2Fv2%2Ffolder&post=3219"}],"curies":[{"name":"wp","href":"https:\/\/api.w.org\/{rel}","templated":true}]}}