{"id":3228,"date":"2025-06-09T11:10:15","date_gmt":"2025-06-09T11:10:15","guid":{"rendered":"https:\/\/smart-forest-5135.standoutwp.com\/?page_id=3228"},"modified":"2026-02-19T10:09:42","modified_gmt":"2026-02-19T10:09:42","slug":"digitala-resurser-material","status":"publish","type":"page","link":"https:\/\/studieteknik.regionkronoberg.se\/?page_id=3228","title":{"rendered":"Digitala resurser &#8211; Manualer"},"content":{"rendered":"\t\t<div data-elementor-type=\"wp-page\" data-elementor-id=\"3228\" class=\"elementor elementor-3228\" data-elementor-post-type=\"page\">\n\t\t\t\t<div class=\"elementor-element elementor-element-2ae52cfd e-flex e-con-boxed e-con e-parent\" data-id=\"2ae52cfd\" data-element_type=\"container\" data-e-type=\"container\" data-settings=\"{&quot;background_background&quot;:&quot;classic&quot;}\">\n\t\t\t\t\t<div class=\"e-con-inner\">\n\t\t<div class=\"elementor-element elementor-element-7d2b83dd e-con-full e-flex e-con e-child\" data-id=\"7d2b83dd\" data-element_type=\"container\" data-e-type=\"container\">\n\t\t\t\t<div class=\"elementor-element elementor-element-29fff4ce elementor-view-default elementor-widget elementor-widget-icon\" data-id=\"29fff4ce\" data-element_type=\"widget\" data-e-type=\"widget\" data-widget_type=\"icon.default\">\n\t\t\t\t<div class=\"elementor-widget-container\">\n\t\t\t\t\t\t\t<div class=\"elementor-icon-wrapper\">\n\t\t\t<div class=\"elementor-icon\">\n\t\t\t<svg aria-hidden=\"true\" class=\"e-font-icon-svg e-fas-laptop\" viewBox=\"0 0 640 512\" xmlns=\"http:\/\/www.w3.org\/2000\/svg\"><path d=\"M624 416H381.54c-.74 19.81-14.71 32-32.74 32H288c-18.69 0-33.02-17.47-32.77-32H16c-8.8 0-16 7.2-16 16v16c0 35.2 28.8 64 64 64h512c35.2 0 64-28.8 64-64v-16c0-8.8-7.2-16-16-16zM576 48c0-26.4-21.6-48-48-48H112C85.6 0 64 21.6 64 48v336h512V48zm-64 272H128V64h384v256z\"><\/path><\/svg>\t\t\t<\/div>\n\t\t<\/div>\n\t\t\t\t\t\t<\/div>\n\t\t\t\t<\/div>\n\t\t\t\t<div class=\"elementor-element elementor-element-65fc5ca7 elementor-widget elementor-widget-heading\" data-id=\"65fc5ca7\" data-element_type=\"widget\" data-e-type=\"widget\" data-widget_type=\"heading.default\">\n\t\t\t\t<div class=\"elementor-widget-container\">\n\t\t\t\t\t<h1 class=\"elementor-heading-title elementor-size-default\">Digitala resurser<\/h1>\t\t\t\t<\/div>\n\t\t\t\t<\/div>\n\t\t\t\t<\/div>\n\t\t\t\t\t<\/div>\n\t\t\t\t<\/div>\n\t\t<div class=\"elementor-element elementor-element-beb0684 e-con-full e-flex e-con e-parent\" data-id=\"beb0684\" data-element_type=\"container\" data-e-type=\"container\" id=\"main-dynamic-container\">\n\t\t<div class=\"elementor-element elementor-element-73ae36ad e-con-full e-flex e-con e-child\" data-id=\"73ae36ad\" data-element_type=\"container\" data-e-type=\"container\" data-settings=\"{&quot;background_background&quot;:&quot;classic&quot;}\">\n\t\t\t\t<div class=\"elementor-element elementor-element-62ee335a elementor-nav-menu__text-align-aside elementor-widget elementor-widget-nav-menu\" data-id=\"62ee335a\" data-element_type=\"widget\" data-e-type=\"widget\" id=\"side-menu-focus\" data-settings=\"{&quot;layout&quot;:&quot;dropdown&quot;,&quot;submenu_icon&quot;:{&quot;value&quot;:&quot;&lt;svg aria-hidden=\\&quot;true\\&quot; class=\\&quot;e-font-icon-svg e-fas-caret-down\\&quot; viewBox=\\&quot;0 0 320 512\\&quot; xmlns=\\&quot;http:\\\/\\\/www.w3.org\\\/2000\\\/svg\\&quot;&gt;&lt;path d=\\&quot;M31.3 192h257.3c17.8 0 26.7 21.5 14.1 34.1L174.1 354.8c-7.8 7.8-20.5 7.8-28.3 0L17.2 226.1C4.6 213.5 13.5 192 31.3 192z\\&quot;&gt;&lt;\\\/path&gt;&lt;\\\/svg&gt;&quot;,&quot;library&quot;:&quot;fa-solid&quot;}}\" data-widget_type=\"nav-menu.default\">\n\t\t\t\t<div class=\"elementor-widget-container\">\n\t\t\t\t\t\t\t\t<nav class=\"elementor-nav-menu--dropdown elementor-nav-menu__container\" aria-hidden=\"true\">\n\t\t\t\t<ul id=\"menu-2-62ee335a\" class=\"elementor-nav-menu\"><li class=\"menu-item menu-item-type-post_type menu-item-object-page menu-item-3189\"><a href=\"https:\/\/studieteknik.regionkronoberg.se\/?page_id=3182\" class=\"elementor-item\" tabindex=\"-1\">Om Digitala resurser<\/a><\/li>\n<li class=\"menu-item menu-item-type-post_type menu-item-object-page menu-item-3217\"><a href=\"https:\/\/studieteknik.regionkronoberg.se\/?page_id=3200\" class=\"elementor-item\" tabindex=\"-1\">Binogi<\/a><\/li>\n<li class=\"menu-item menu-item-type-post_type menu-item-object-page menu-item-3204\"><a href=\"https:\/\/studieteknik.regionkronoberg.se\/?page_id=3193\" class=\"elementor-item\" tabindex=\"-1\">Escaply<\/a><\/li>\n<li class=\"menu-item menu-item-type-post_type menu-item-object-page menu-item-3199\"><a href=\"https:\/\/studieteknik.regionkronoberg.se\/?page_id=3190\" class=\"elementor-item\" tabindex=\"-1\">Glosboken<\/a><\/li>\n<li class=\"menu-item menu-item-type-post_type menu-item-object-page menu-item-3227\"><a href=\"https:\/\/studieteknik.regionkronoberg.se\/?page_id=3219\" class=\"elementor-item\" tabindex=\"-1\">KronobergPlay<\/a><\/li>\n<li class=\"menu-item menu-item-type-post_type menu-item-object-page menu-item-3216\"><a href=\"https:\/\/studieteknik.regionkronoberg.se\/?page_id=3207\" class=\"elementor-item\" tabindex=\"-1\">Mindomo (Creaza)<\/a><\/li>\n<li class=\"menu-item menu-item-type-post_type menu-item-object-page menu-item-3234\"><a href=\"https:\/\/studieteknik.regionkronoberg.se\/?page_id=3218\" class=\"elementor-item\" tabindex=\"-1\">\u00d6vriga tips<\/a><\/li>\n<li class=\"menu-item menu-item-type-post_type menu-item-object-page menu-item-3241\"><a href=\"https:\/\/studieteknik.regionkronoberg.se\/?page_id=3228\" class=\"elementor-item\" tabindex=\"-1\">Manualer<\/a><\/li>\n<\/ul>\t\t\t<\/nav>\n\t\t\t\t\t\t<\/div>\n\t\t\t\t<\/div>\n\t\t\t\t<\/div>\n\t\t<div class=\"elementor-element elementor-element-5128e200 e-con-full main-dynamic-container e-flex e-con e-child\" data-id=\"5128e200\" data-element_type=\"container\" data-e-type=\"container\" id=\"main-dynamic-container\">\n\t\t<div class=\"elementor-element elementor-element-63c4c4b0 e-con-full dynamic-content e-flex e-con e-child\" data-id=\"63c4c4b0\" data-element_type=\"container\" data-e-type=\"container\" id=\"material-content\">\n\t\t<div class=\"elementor-element elementor-element-7b63b193 e-con-full e-flex e-con e-child\" data-id=\"7b63b193\" data-element_type=\"container\" data-e-type=\"container\" data-settings=\"{&quot;background_background&quot;:&quot;classic&quot;}\">\n\t\t<div class=\"elementor-element elementor-element-639570e3 e-con-full e-flex e-con e-child\" data-id=\"639570e3\" data-element_type=\"container\" data-e-type=\"container\">\n\t\t\t\t<div class=\"elementor-element elementor-element-2e4380b5 elementor-widget elementor-widget-heading\" data-id=\"2e4380b5\" data-element_type=\"widget\" data-e-type=\"widget\" data-widget_type=\"heading.default\">\n\t\t\t\t<div class=\"elementor-widget-container\">\n\t\t\t\t\t<h2 class=\"elementor-heading-title elementor-size-default\">Material<\/h2>\t\t\t\t<\/div>\n\t\t\t\t<\/div>\n\t\t\t\t<div class=\"elementor-element elementor-element-14b3b6ee elementor-widget elementor-widget-text-editor\" data-id=\"14b3b6ee\" data-element_type=\"widget\" data-e-type=\"widget\" data-widget_type=\"text-editor.default\">\n\t\t\t\t<div class=\"elementor-widget-container\">\n\t\t\t\t\t\t\t\t\t<p><span style=\"font-weight: 400;\">H\u00e4r hittar du material som \u00e4r l\u00e4mpligt f\u00f6r omr\u00e5det <strong>digitala resurser<\/strong>.\u00a0<\/span><\/p>\t\t\t\t\t\t\t\t<\/div>\n\t\t\t\t<\/div>\n\t\t\t\t<\/div>\n\t\t\t\t<\/div>\n\t\t<div class=\"elementor-element elementor-element-4d97622a e-con-full e-flex e-con e-child\" data-id=\"4d97622a\" data-element_type=\"container\" data-e-type=\"container\" data-settings=\"{&quot;background_background&quot;:&quot;classic&quot;}\">\n\t\t<div class=\"elementor-element elementor-element-349cc9c3 e-con-full e-flex e-con e-child\" data-id=\"349cc9c3\" data-element_type=\"container\" data-e-type=\"container\">\n\t\t\t\t<div class=\"elementor-element elementor-element-4e26d983 elementor-widget elementor-widget-heading\" data-id=\"4e26d983\" data-element_type=\"widget\" data-e-type=\"widget\" data-widget_type=\"heading.default\">\n\t\t\t\t<div class=\"elementor-widget-container\">\n\t\t\t\t\t<h3 class=\"elementor-heading-title elementor-size-default\">Manualer<\/h3>\t\t\t\t<\/div>\n\t\t\t\t<\/div>\n\t\t<div class=\"elementor-element elementor-element-4df755c9 e-con-full e-flex e-con e-child\" data-id=\"4df755c9\" data-element_type=\"container\" data-e-type=\"container\">\n\t\t\t\t<div class=\"elementor-element elementor-element-45833fec elementor-widget elementor-widget-text-editor\" data-id=\"45833fec\" data-element_type=\"widget\" data-e-type=\"widget\" data-widget_type=\"text-editor.default\">\n\t\t\t\t<div class=\"elementor-widget-container\">\n\t\t\t\t\t\t\t\t\t<h3>Binogi<\/h3><ul><li><a href=\"https:\/\/www.binogi.se\/lararhandledningar\">Binogi &#8211; l\u00e4rarhandledningar (l\u00e4nk)<\/a><\/li><\/ul>\t\t\t\t\t\t\t\t<\/div>\n\t\t\t\t<\/div>\n\t\t\t\t<\/div>\n\t\t<div class=\"elementor-element elementor-element-bd1c8c8 e-con-full e-flex e-con e-child\" data-id=\"bd1c8c8\" data-element_type=\"container\" data-e-type=\"container\">\n\t\t\t\t<div class=\"elementor-element elementor-element-e2bd09e elementor-widget elementor-widget-text-editor\" data-id=\"e2bd09e\" data-element_type=\"widget\" data-e-type=\"widget\" data-widget_type=\"text-editor.default\">\n\t\t\t\t<div class=\"elementor-widget-container\">\n\t\t\t\t\t\t\t\t\t<h3><span style=\"font-weight: 400;\">Escaply<\/span><\/h3><ul><li><a href=\"https:\/\/www.escaply.com\/sv\/guider\">Escaply\u00a0 &#8211; Guider (l\u00e4nk)<\/a><\/li><\/ul>\t\t\t\t\t\t\t\t<\/div>\n\t\t\t\t<\/div>\n\t\t\t\t<\/div>\n\t\t<div class=\"elementor-element elementor-element-b93e3f8 e-con-full e-flex e-con e-child\" data-id=\"b93e3f8\" data-element_type=\"container\" data-e-type=\"container\">\n\t\t\t\t<div class=\"elementor-element elementor-element-8b64395 elementor-widget elementor-widget-text-editor\" data-id=\"8b64395\" data-element_type=\"widget\" data-e-type=\"widget\" data-widget_type=\"text-editor.default\">\n\t\t\t\t<div class=\"elementor-widget-container\">\n\t\t\t\t\t\t\t\t\t<h3><span style=\"font-weight: 400;\">Glosboken<\/span><\/h3><ul><li><a href=\"https:\/\/www.glosboken.se\/manual\/instruktionsfilmer\">Glosboken &#8211; instruktionsfilmer (l\u00e4nk)<\/a><\/li><\/ul>\t\t\t\t\t\t\t\t<\/div>\n\t\t\t\t<\/div>\n\t\t\t\t<\/div>\n\t\t<div class=\"elementor-element elementor-element-45ebc17 e-con-full e-flex e-con e-child\" data-id=\"45ebc17\" data-element_type=\"container\" data-e-type=\"container\">\n\t\t\t\t<div class=\"elementor-element elementor-element-162ff67 elementor-widget elementor-widget-text-editor\" data-id=\"162ff67\" data-element_type=\"widget\" data-e-type=\"widget\" data-widget_type=\"text-editor.default\">\n\t\t\t\t<div class=\"elementor-widget-container\">\n\t\t\t\t\t\t\t\t\t<h3><span style=\"font-weight: 400;\">Mindomo \/Creaza<\/span><\/h3><ul><li><a href=\"https:\/\/web.creaza.com\/mindomo-first-mind-map-0\">Creaza &#8211; skapa en mindmap (l\u00e4nk)<\/a><\/li><li><a href=\"https:\/\/web.creaza.com\/mindomo-skapa-en-presentation\">Creaza &#8211; skapa en presentation av en mindmap (l\u00e4nk)<\/a><\/li><li><a href=\"https:\/\/avmedia.kronoberg.se\/wp-content\/uploads\/sites\/2\/2025\/03\/manual-for-creazas-mindomo.pdf\">AV-Media Kronoberg &#8211; manual f\u00f6r Mindomo (pdf)<\/a><\/li><\/ul>\t\t\t\t\t\t\t\t<\/div>\n\t\t\t\t<\/div>\n\t\t\t\t<\/div>\n\t\t\t\t<\/div>\n\t\t<div class=\"elementor-element elementor-element-6731cf83 e-con-full e-flex e-con e-child\" data-id=\"6731cf83\" data-element_type=\"container\" data-e-type=\"container\">\n\t\t\t\t<div class=\"elementor-element elementor-element-4f87e540 elementor-widget elementor-widget-image\" data-id=\"4f87e540\" data-element_type=\"widget\" data-e-type=\"widget\" data-widget_type=\"image.default\">\n\t\t\t\t<div class=\"elementor-widget-container\">\n\t\t\t\t\t\t\t\t\t\t\t\t\t\t\t<img decoding=\"async\" src=\"https:\/\/smart-forest-5135.standoutwp.com\/wp-content\/uploads\/2024\/12\/folder-green.png\" title=\"\" alt=\"\" loading=\"lazy\" \/>\t\t\t\t\t\t\t\t\t\t\t\t\t\t\t<\/div>\n\t\t\t\t<\/div>\n\t\t\t\t<\/div>\n\t\t\t\t<\/div>\n\t\t<div class=\"elementor-element elementor-element-7ea33b80 e-con-full e-flex e-con e-child\" data-id=\"7ea33b80\" data-element_type=\"container\" data-e-type=\"container\" data-settings=\"{&quot;background_background&quot;:&quot;classic&quot;}\">\n\t\t<div class=\"elementor-element elementor-element-4e1ad995 e-con-full e-flex e-con e-child\" data-id=\"4e1ad995\" data-element_type=\"container\" data-e-type=\"container\">\n\t\t\t\t<\/div>\n\t\t\t\t<\/div>\n\t\t\t\t<\/div>\n\t\t\t\t<\/div>\n\t\t\t\t<\/div>\n\t\t\t\t<\/div>\n\t\t","protected":false},"excerpt":{"rendered":"<p>Digitala resurser Material H\u00e4r hittar du material som \u00e4r l\u00e4mpligt f\u00f6r omr\u00e5det digitala resurser.\u00a0 Manualer Binogi Binogi &#8211; l\u00e4rarhandledningar (l\u00e4nk) Escaply Escaply\u00a0 &#8211; Guider (l\u00e4nk) Glosboken Glosboken &#8211; instruktionsfilmer (l\u00e4nk) Mindomo \/Creaza Creaza &#8211; skapa en mindmap (l\u00e4nk) Creaza &#8211; skapa en presentation av en mindmap (l\u00e4nk) AV-Media Kronoberg &#8211; manual f\u00f6r Mindomo (pdf)<\/p>\n","protected":false},"author":2,"featured_media":0,"parent":0,"menu_order":0,"comment_status":"closed","ping_status":"closed","template":"","meta":{"footnotes":""},"folder":[50],"class_list":["post-3228","page","type-page","status-publish","hentry"],"_links":{"self":[{"href":"https:\/\/studieteknik.regionkronoberg.se\/index.php?rest_route=\/wp\/v2\/pages\/3228","targetHints":{"allow":["GET"]}}],"collection":[{"href":"https:\/\/studieteknik.regionkronoberg.se\/index.php?rest_route=\/wp\/v2\/pages"}],"about":[{"href":"https:\/\/studieteknik.regionkronoberg.se\/index.php?rest_route=\/wp\/v2\/types\/page"}],"author":[{"embeddable":true,"href":"https:\/\/studieteknik.regionkronoberg.se\/index.php?rest_route=\/wp\/v2\/users\/2"}],"replies":[{"embeddable":true,"href":"https:\/\/studieteknik.regionkronoberg.se\/index.php?rest_route=%2Fwp%2Fv2%2Fcomments&post=3228"}],"version-history":[{"count":19,"href":"https:\/\/studieteknik.regionkronoberg.se\/index.php?rest_route=\/wp\/v2\/pages\/3228\/revisions"}],"predecessor-version":[{"id":4597,"href":"https:\/\/studieteknik.regionkronoberg.se\/index.php?rest_route=\/wp\/v2\/pages\/3228\/revisions\/4597"}],"wp:attachment":[{"href":"https:\/\/studieteknik.regionkronoberg.se\/index.php?rest_route=%2Fwp%2Fv2%2Fmedia&parent=3228"}],"wp:term":[{"taxonomy":"folder","embeddable":true,"href":"https:\/\/studieteknik.regionkronoberg.se\/index.php?rest_route=%2Fwp%2Fv2%2Ffolder&post=3228"}],"curies":[{"name":"wp","href":"https:\/\/api.w.org\/{rel}","templated":true}]}}