{"id":3271,"date":"2025-06-09T11:21:15","date_gmt":"2025-06-09T11:21:15","guid":{"rendered":"https:\/\/smart-forest-5135.standoutwp.com\/?page_id=3271"},"modified":"2026-01-07T09:51:27","modified_gmt":"2026-01-07T09:51:27","slug":"organisera-teori-1","status":"publish","type":"page","link":"https:\/\/studieteknik.regionkronoberg.se\/?page_id=3271","title":{"rendered":"Organisera mappar och dokument"},"content":{"rendered":"\t\t<div data-elementor-type=\"wp-page\" data-elementor-id=\"3271\" class=\"elementor elementor-3271\" data-elementor-post-type=\"page\">\n\t\t\t\t<div class=\"elementor-element elementor-element-5362081e e-flex e-con-boxed e-con e-parent\" data-id=\"5362081e\" data-element_type=\"container\" data-e-type=\"container\" data-settings=\"{&quot;background_background&quot;:&quot;classic&quot;}\">\n\t\t\t\t\t<div class=\"e-con-inner\">\n\t\t<div class=\"elementor-element elementor-element-14876f9e e-con-full e-flex e-con e-child\" data-id=\"14876f9e\" data-element_type=\"container\" data-e-type=\"container\">\n\t\t\t\t<div class=\"elementor-element elementor-element-e5b1bad elementor-view-default elementor-widget elementor-widget-icon\" data-id=\"e5b1bad\" data-element_type=\"widget\" data-e-type=\"widget\" data-widget_type=\"icon.default\">\n\t\t\t\t<div class=\"elementor-widget-container\">\n\t\t\t\t\t\t\t<div class=\"elementor-icon-wrapper\">\n\t\t\t<div class=\"elementor-icon\">\n\t\t\t<svg aria-hidden=\"true\" class=\"e-font-icon-svg e-fas-folder-open\" viewBox=\"0 0 576 512\" xmlns=\"http:\/\/www.w3.org\/2000\/svg\"><path d=\"M572.694 292.093L500.27 416.248A63.997 63.997 0 0 1 444.989 448H45.025c-18.523 0-30.064-20.093-20.731-36.093l72.424-124.155A64 64 0 0 1 152 256h399.964c18.523 0 30.064 20.093 20.73 36.093zM152 224h328v-48c0-26.51-21.49-48-48-48H272l-64-64H48C21.49 64 0 85.49 0 112v278.046l69.077-118.418C86.214 242.25 117.989 224 152 224z\"><\/path><\/svg>\t\t\t<\/div>\n\t\t<\/div>\n\t\t\t\t\t\t<\/div>\n\t\t\t\t<\/div>\n\t\t\t\t<div class=\"elementor-element elementor-element-49f474bc elementor-widget elementor-widget-heading\" data-id=\"49f474bc\" data-element_type=\"widget\" data-e-type=\"widget\" data-widget_type=\"heading.default\">\n\t\t\t\t<div class=\"elementor-widget-container\">\n\t\t\t\t\t<h1 class=\"elementor-heading-title elementor-size-default\">Organisera<\/h1>\t\t\t\t<\/div>\n\t\t\t\t<\/div>\n\t\t\t\t<\/div>\n\t\t\t\t\t<\/div>\n\t\t\t\t<\/div>\n\t\t<div class=\"elementor-element elementor-element-5930040d e-flex e-con-boxed e-con e-parent\" data-id=\"5930040d\" data-element_type=\"container\" data-e-type=\"container\" id=\"main-dynamic-container\">\n\t\t\t\t\t<div class=\"e-con-inner\">\n\t\t<div class=\"elementor-element elementor-element-3a5fbfd9 e-con-full e-flex e-con e-child\" data-id=\"3a5fbfd9\" data-element_type=\"container\" data-e-type=\"container\" data-settings=\"{&quot;background_background&quot;:&quot;classic&quot;}\">\n\t\t\t\t<div class=\"elementor-element elementor-element-6c85e3a elementor-nav-menu__text-align-aside elementor-widget elementor-widget-nav-menu\" data-id=\"6c85e3a\" data-element_type=\"widget\" data-e-type=\"widget\" id=\"side-menu-focus\" data-settings=\"{&quot;layout&quot;:&quot;dropdown&quot;,&quot;submenu_icon&quot;:{&quot;value&quot;:&quot;&lt;svg aria-hidden=\\&quot;true\\&quot; class=\\&quot;e-font-icon-svg e-fas-caret-down\\&quot; viewBox=\\&quot;0 0 320 512\\&quot; xmlns=\\&quot;http:\\\/\\\/www.w3.org\\\/2000\\\/svg\\&quot;&gt;&lt;path d=\\&quot;M31.3 192h257.3c17.8 0 26.7 21.5 14.1 34.1L174.1 354.8c-7.8 7.8-20.5 7.8-28.3 0L17.2 226.1C4.6 213.5 13.5 192 31.3 192z\\&quot;&gt;&lt;\\\/path&gt;&lt;\\\/svg&gt;&quot;,&quot;library&quot;:&quot;fa-solid&quot;}}\" data-widget_type=\"nav-menu.default\">\n\t\t\t\t<div class=\"elementor-widget-container\">\n\t\t\t\t\t\t\t\t<nav class=\"elementor-nav-menu--dropdown elementor-nav-menu__container\" aria-hidden=\"true\">\n\t\t\t\t<ul id=\"menu-2-6c85e3a\" class=\"elementor-nav-menu\"><li class=\"menu-item menu-item-type-post_type menu-item-object-page menu-item-3277\"><a href=\"https:\/\/studieteknik.regionkronoberg.se\/?page_id=3268\" class=\"elementor-item\" tabindex=\"-1\">Om Organisera<\/a><\/li>\n<li class=\"menu-item menu-item-type-post_type menu-item-object-page menu-item-3284\"><a href=\"https:\/\/studieteknik.regionkronoberg.se\/?page_id=3271\" class=\"elementor-item\" tabindex=\"-1\">Organisera mappar och dokument<\/a><\/li>\n<li class=\"menu-item menu-item-type-post_type menu-item-object-page menu-item-3298\"><a href=\"https:\/\/studieteknik.regionkronoberg.se\/?page_id=3285\" class=\"elementor-item\" tabindex=\"-1\">Organisera skrivbord<\/a><\/li>\n<li class=\"menu-item menu-item-type-post_type menu-item-object-page menu-item-3305\"><a href=\"https:\/\/studieteknik.regionkronoberg.se\/?page_id=3292\" class=\"elementor-item\" tabindex=\"-1\">Organisera webbl\u00e4saren<\/a><\/li>\n<li class=\"menu-item menu-item-type-post_type menu-item-object-page menu-item-3317\"><a href=\"https:\/\/studieteknik.regionkronoberg.se\/?page_id=3306\" class=\"elementor-item\" tabindex=\"-1\">Kortkommandon<\/a><\/li>\n<li class=\"menu-item menu-item-type-post_type menu-item-object-page menu-item-3329\"><a href=\"https:\/\/studieteknik.regionkronoberg.se\/?page_id=3313\" class=\"elementor-item\" tabindex=\"-1\">Presentationer &#038; manualer<\/a><\/li>\n<li class=\"menu-item menu-item-type-post_type menu-item-object-page menu-item-3340\"><a href=\"https:\/\/studieteknik.regionkronoberg.se\/?page_id=3330\" class=\"elementor-item\" tabindex=\"-1\">Escape Room<\/a><\/li>\n<\/ul>\t\t\t<\/nav>\n\t\t\t\t\t\t<\/div>\n\t\t\t\t<\/div>\n\t\t\t\t<\/div>\n\t\t<div class=\"elementor-element elementor-element-ca927dd e-con-full main-dynamic-container e-flex e-con e-child\" data-id=\"ca927dd\" data-element_type=\"container\" data-e-type=\"container\" id=\"main-dynamic-container\">\n\t\t<div class=\"elementor-element elementor-element-457b978 e-con-full dynamic-content e-flex e-con e-child\" data-id=\"457b978\" data-element_type=\"container\" data-e-type=\"container\" id=\"theory-content1\">\n\t\t<div class=\"elementor-element elementor-element-1fba34d4 e-con-full e-flex e-con e-child\" data-id=\"1fba34d4\" data-element_type=\"container\" data-e-type=\"container\" data-settings=\"{&quot;background_background&quot;:&quot;classic&quot;}\">\n\t\t<div class=\"elementor-element elementor-element-6908bda1 e-con-full e-flex e-con e-child\" data-id=\"6908bda1\" data-element_type=\"container\" data-e-type=\"container\">\n\t\t\t\t<div class=\"elementor-element elementor-element-1df9bb14 elementor-widget elementor-widget-heading\" data-id=\"1df9bb14\" data-element_type=\"widget\" data-e-type=\"widget\" data-widget_type=\"heading.default\">\n\t\t\t\t<div class=\"elementor-widget-container\">\n\t\t\t\t\t<h2 class=\"elementor-heading-title elementor-size-default\">Organisera mappar och dokument<\/h2>\t\t\t\t<\/div>\n\t\t\t\t<\/div>\n\t\t\t\t<div class=\"elementor-element elementor-element-731c3240 elementor-widget__width-initial elementor-widget elementor-widget-text-editor\" data-id=\"731c3240\" data-element_type=\"widget\" data-e-type=\"widget\" data-widget_type=\"text-editor.default\">\n\t\t\t\t<div class=\"elementor-widget-container\">\n\t\t\t\t\t\t\t\t\t<p data-start=\"76\" data-end=\"411\">En tydlig struktur i mappar och dokument inneb\u00e4r att materialet \u00e4r organiserat p\u00e5 ett s\u00e4tt som g\u00f6r det enkelt att hitta och spara arbeten. N\u00e4r mapparna \u00e4r ordnade slipper eleverna leta runt eller riskera att viktiga filer f\u00f6rsvinner.<\/p><p data-start=\"413\" data-end=\"490\">Detta g\u00f6r att eleverna sparar tid och kan fokusera mer p\u00e5 sj\u00e4lva uppgiften.<\/p><p data-start=\"492\" data-end=\"643\">Oavsett om ni arbetar i datorns mappar, Google Drive eller Microsoft 365 g\u00e4ller samma grundprincip: ordning skapar tydlighet och g\u00f6r arbetet enklare.<\/p>\t\t\t\t\t\t\t\t<\/div>\n\t\t\t\t<\/div>\n\t\t\t\t<\/div>\n\t\t\t\t<\/div>\n\t\t<div class=\"elementor-element elementor-element-3007bf04 e-con-full e-flex e-con e-child\" data-id=\"3007bf04\" data-element_type=\"container\" data-e-type=\"container\">\n\t\t<div class=\"elementor-element elementor-element-688120f2 e-con-full e-flex e-con e-child\" data-id=\"688120f2\" data-element_type=\"container\" data-e-type=\"container\">\n\t\t<div class=\"elementor-element elementor-element-7d91705d e-con-full e-flex e-con e-child\" data-id=\"7d91705d\" data-element_type=\"container\" data-e-type=\"container\">\n\t\t\t\t<div class=\"elementor-element elementor-element-71e4b90a elementor-widget elementor-widget-heading\" data-id=\"71e4b90a\" data-element_type=\"widget\" data-e-type=\"widget\" data-widget_type=\"heading.default\">\n\t\t\t\t<div class=\"elementor-widget-container\">\n\t\t\t\t\t<h3 class=\"elementor-heading-title elementor-size-default\">Organisera mappar<\/h3>\t\t\t\t<\/div>\n\t\t\t\t<\/div>\n\t\t\t\t<div class=\"elementor-element elementor-element-290aa81e elementor-widget elementor-widget-text-editor\" data-id=\"290aa81e\" data-element_type=\"widget\" data-e-type=\"widget\" data-widget_type=\"text-editor.default\">\n\t\t\t\t<div class=\"elementor-widget-container\">\n\t\t\t\t\t\t\t\t\t<ul><li style=\"font-weight: 400;\" aria-level=\"1\"><b>Skapa en enkel och tydlig mappstruktur<br \/><\/b><span style=\"font-weight: 400;\">Skapa en tydlig struktur genom att skapa t.ex. en mapp per \u00e4mne eller arbetsomr\u00e5de.\u00a0<\/span><p>\u00a0<\/p><\/li><li style=\"font-weight: 400;\" aria-level=\"1\"><b>Var konsekvent med namn p\u00e5 filer och mappar<\/b><span style=\"font-weight: 400;\"> <br \/>Best\u00e4m en gemensam regel f\u00f6r klassen hur mappar och filer ska namnges. Till exempel &#8220;\u00c4mne_Uppgift_Elevnamn_Datum&#8221;<br \/><\/span><br \/><br \/><\/li><li style=\"font-weight: 400;\" aria-level=\"1\"><b>Anv\u00e4nd datum i filnamnet <br \/><\/b>L\u00e4gg g\u00e4rna till datum i filnamn f\u00f6r att h\u00e5lla ordning p\u00e5 versioner. Exempel:<br data-start=\"673\" data-end=\"676\" \/>&#8220;NO_Labb1_2025-09-09&#8221;<br data-start=\"702\" data-end=\"705\" \/>D\u00e5 blir det tydligt vilken version som \u00e4r den senaste.<br \/><p>\u00a0<\/p><\/li><li style=\"font-weight: 400;\" aria-level=\"1\"><b>Uppmuntra till f\u00e4rgkodning eller stj\u00e4rnmarkering<br \/><\/b><span style=\"font-weight: 400;\">S\u00e4tt f\u00e4rg p\u00e5 viktiga mappar (om plattformen till\u00e5ter det) f\u00f6r att enkelt hitta r\u00e4tt mapp.\u00a0 Arbeten och mappar som anv\u00e4nds ofta kan \u00e4ven stj\u00e4rnmarkeras s\u00e5 att de snabbt kan hittas.<\/span><p>\u00a0<\/p><\/li><li style=\"font-weight: 400;\" aria-level=\"1\"><b>Inf\u00f6r en rutin f\u00f6r st\u00e4dning<\/b><span style=\"font-weight: 400;\"> <br \/>Best\u00e4m en\u00a0 dag i veckan d\u00e5 eleverna rensar bort dubbletter, d\u00f6per om filer och l\u00e4gger dem i r\u00e4tt mappar.<\/span><p>\u00a0<\/p><\/li><li><b>Anv\u00e4nd s\u00f6kfunktionen och stj\u00e4rnmarkering\u00a0<br \/><\/b>L\u00e4r eleverna att anv\u00e4nda s\u00f6kfunktionen i Google Drive eller OneDrive n\u00e4r de inte hittar det de s\u00f6ker. Kombinera g\u00e4rna med stj\u00e4rnmarkering f\u00f6r \u00e4nnu snabbare \u00e5tkomst.<\/li><\/ul>\t\t\t\t\t\t\t\t<\/div>\n\t\t\t\t<\/div>\n\t\t\t\t<div class=\"elementor-element elementor-element-44940c9a elementor-widget elementor-widget-heading\" data-id=\"44940c9a\" data-element_type=\"widget\" data-e-type=\"widget\" data-widget_type=\"heading.default\">\n\t\t\t\t<div class=\"elementor-widget-container\">\n\t\t\t\t\t<h3 class=\"elementor-heading-title elementor-size-default\">Organisering av dokument<\/h3>\t\t\t\t<\/div>\n\t\t\t\t<\/div>\n\t\t\t\t<div class=\"elementor-element elementor-element-6efe8449 elementor-widget elementor-widget-text-editor\" data-id=\"6efe8449\" data-element_type=\"widget\" data-e-type=\"widget\" data-widget_type=\"text-editor.default\">\n\t\t\t\t<div class=\"elementor-widget-container\">\n\t\t\t\t\t\t\t\t\t<ul><li style=\"font-weight: 400;\" aria-level=\"1\"><b>Rubrikniv\u00e5er <br \/><\/b>Visa eleverna hur man anv\u00e4nder rubrikniv\u00e5er i sina texter. Det hj\u00e4lper dem att dela upp texten i tydliga delar. D\u00e5 blir det enklare b\u00e5de att skriva en bra disposition och f\u00f6r andra att l\u00e4sa och f\u00f6rst\u00e5 inneh\u00e5llet.<br \/><p>\u00a0<\/p><\/li><li style=\"font-weight: 400;\" aria-level=\"1\"><b>Inneh\u00e5llsf\u00f6rteckning <br \/><\/b>Med en inneh\u00e5llsf\u00f6rteckning f\u00e5r man en snabb \u00f6verblick \u00f6ver hela texten. Eleverna ser direkt vad som finns med, och det blir enkelt att hoppa till r\u00e4tt avsnitt.<br \/><p>\u00a0<\/p><\/li><li style=\"font-weight: 400;\" aria-level=\"1\"><b>Tala in text <br \/><\/b><span style=\"font-weight: 400;\">P\u00e5minn om att det ofta g\u00e5r att tala in text direkt i dokumentet. Det \u00e4r perfekt f\u00f6r elever som skriver l\u00e5ngsamt, tycker det \u00e4r jobbigt att komma ig\u00e5ng, eller som bara vill f\u00e5 ner sina tankar snabbt innan de b\u00f6rjar redigera.<\/span><span style=\"font-weight: 400;\"><br \/><b><\/b><\/span><\/li><\/ul><p>\u00a0<\/p><ul><li style=\"font-weight: 400;\" aria-level=\"1\"><span style=\"font-weight: 400;\"><b>Infoga bild \/ s\u00f6ka bild (t.ex. PNG) <br \/><\/b>Bilder g\u00f6r arbetet mer levande och hj\u00e4lper till att f\u00f6rklara sv\u00e5ra saker. L\u00e4r eleverna att ange k\u00e4lla och t\u00e4nka p\u00e5 r\u00e4ttigheter n\u00e4r de anv\u00e4nder bilder fr\u00e5n n\u00e4tet. Det \u00e4r en bra vana redan fr\u00e5n b\u00f6rjan.<br \/><\/span><\/li><\/ul>\t\t\t\t\t\t\t\t<\/div>\n\t\t\t\t<\/div>\n\t\t\t\t<\/div>\n\t\t<div class=\"elementor-element elementor-element-1007c748 e-con-full e-flex e-con e-child\" data-id=\"1007c748\" data-element_type=\"container\" data-e-type=\"container\">\n\t\t<div class=\"elementor-element elementor-element-6afe2651 e-con-full e-flex e-con e-child\" data-id=\"6afe2651\" data-element_type=\"container\" data-e-type=\"container\">\n\t\t<div class=\"elementor-element elementor-element-61b426ce e-con-full e-flex e-con e-child\" data-id=\"61b426ce\" data-element_type=\"container\" data-e-type=\"container\">\n\t\t\t\t<div class=\"elementor-element elementor-element-41db6801 elementor-widget elementor-widget-image\" data-id=\"41db6801\" data-element_type=\"widget\" data-e-type=\"widget\" data-widget_type=\"image.default\">\n\t\t\t\t<div class=\"elementor-widget-container\">\n\t\t\t\t\t\t\t\t\t\t\t\t\t\t\t<img fetchpriority=\"high\" decoding=\"async\" width=\"625\" height=\"625\" src=\"https:\/\/studieteknik.regionkronoberg.se\/wp-content\/uploads\/2024\/12\/folder-green.png\" class=\"attachment-medium_large size-medium_large wp-image-1411\" alt=\"Illustration av en gr\u00f6n mapp\" srcset=\"https:\/\/studieteknik.regionkronoberg.se\/wp-content\/uploads\/2024\/12\/folder-green.png 625w, https:\/\/studieteknik.regionkronoberg.se\/wp-content\/uploads\/2024\/12\/folder-green-300x300.png 300w, https:\/\/studieteknik.regionkronoberg.se\/wp-content\/uploads\/2024\/12\/folder-green-150x150.png 150w\" sizes=\"(max-width: 625px) 100vw, 625px\" \/>\t\t\t\t\t\t\t\t\t\t\t\t\t\t\t<\/div>\n\t\t\t\t<\/div>\n\t\t\t\t<\/div>\n\t\t\t\t<\/div>\n\t\t\t\t<\/div>\n\t\t\t\t<\/div>\n\t\t\t\t<\/div>\n\t\t\t\t<\/div>\n\t\t\t\t<\/div>\n\t\t\t\t\t<\/div>\n\t\t\t\t<\/div>\n\t\t<div class=\"elementor-element elementor-element-40eac7ef e-grid e-con-boxed e-con e-parent\" data-id=\"40eac7ef\" data-element_type=\"container\" data-e-type=\"container\">\n\t\t\t\t\t<div class=\"e-con-inner\">\n\t\t\t\t<div class=\"elementor-element elementor-element-5fe56004 elementor-widget elementor-widget-button\" data-id=\"5fe56004\" data-element_type=\"widget\" data-e-type=\"widget\" data-widget_type=\"button.default\">\n\t\t\t\t<div class=\"elementor-widget-container\">\n\t\t\t\t\t\t\t\t\t<div class=\"elementor-button-wrapper\">\n\t\t\t\t\t<a class=\"elementor-button elementor-button-link elementor-size-sm\" href=\"https:\/\/studieteknik.regionkronoberg.se\/\/?page_id=3268\">\n\t\t\t\t\t\t<span class=\"elementor-button-content-wrapper\">\n\t\t\t\t\t\t<span class=\"elementor-button-icon\">\n\t\t\t\t<svg aria-hidden=\"true\" class=\"e-font-icon-svg e-fas-chevron-left\" viewBox=\"0 0 320 512\" xmlns=\"http:\/\/www.w3.org\/2000\/svg\"><path d=\"M34.52 239.03L228.87 44.69c9.37-9.37 24.57-9.37 33.94 0l22.67 22.67c9.36 9.36 9.37 24.52.04 33.9L131.49 256l154.02 154.75c9.34 9.38 9.32 24.54-.04 33.9l-22.67 22.67c-9.37 9.37-24.57 9.37-33.94 0L34.52 272.97c-9.37-9.37-9.37-24.57 0-33.94z\"><\/path><\/svg>\t\t\t<\/span>\n\t\t\t\t\t\t\t\t\t<span class=\"elementor-button-text\">Om organisera<\/span>\n\t\t\t\t\t<\/span>\n\t\t\t\t\t<\/a>\n\t\t\t\t<\/div>\n\t\t\t\t\t\t\t\t<\/div>\n\t\t\t\t<\/div>\n\t\t\t\t<div class=\"elementor-element elementor-element-26a7f670 elementor-widget elementor-widget-button\" data-id=\"26a7f670\" data-element_type=\"widget\" data-e-type=\"widget\" data-widget_type=\"button.default\">\n\t\t\t\t<div class=\"elementor-widget-container\">\n\t\t\t\t\t\t\t\t\t<div class=\"elementor-button-wrapper\">\n\t\t\t\t\t<a class=\"elementor-button elementor-button-link elementor-size-sm\" href=\"https:\/\/studieteknik.regionkronoberg.se\/\/?page_id=3285\">\n\t\t\t\t\t\t<span class=\"elementor-button-content-wrapper\">\n\t\t\t\t\t\t<span class=\"elementor-button-icon\">\n\t\t\t\t<svg aria-hidden=\"true\" class=\"e-font-icon-svg e-fas-chevron-right\" viewBox=\"0 0 320 512\" xmlns=\"http:\/\/www.w3.org\/2000\/svg\"><path d=\"M285.476 272.971L91.132 467.314c-9.373 9.373-24.569 9.373-33.941 0l-22.667-22.667c-9.357-9.357-9.375-24.522-.04-33.901L188.505 256 34.484 101.255c-9.335-9.379-9.317-24.544.04-33.901l22.667-22.667c9.373-9.373 24.569-9.373 33.941 0L285.475 239.03c9.373 9.372 9.373 24.568.001 33.941z\"><\/path><\/svg>\t\t\t<\/span>\n\t\t\t\t\t\t\t\t\t<span class=\"elementor-button-text\">Organisera skrivbord<\/span>\n\t\t\t\t\t<\/span>\n\t\t\t\t\t<\/a>\n\t\t\t\t<\/div>\n\t\t\t\t\t\t\t\t<\/div>\n\t\t\t\t<\/div>\n\t\t\t\t\t<\/div>\n\t\t\t\t<\/div>\n\t\t\t\t<\/div>\n\t\t","protected":false},"excerpt":{"rendered":"<p>Organisera Organisera mappar och dokument En tydlig struktur i mappar och dokument inneb\u00e4r att materialet \u00e4r organiserat p\u00e5 ett s\u00e4tt som g\u00f6r det enkelt att hitta och spara arbeten. N\u00e4r mapparna \u00e4r ordnade slipper eleverna leta runt eller riskera att viktiga filer f\u00f6rsvinner. Detta g\u00f6r att eleverna sparar tid och kan fokusera mer p\u00e5 sj\u00e4lva [&hellip;]<\/p>\n","protected":false},"author":2,"featured_media":0,"parent":0,"menu_order":0,"comment_status":"closed","ping_status":"closed","template":"","meta":{"footnotes":""},"folder":[51],"class_list":["post-3271","page","type-page","status-publish","hentry"],"_links":{"self":[{"href":"https:\/\/studieteknik.regionkronoberg.se\/index.php?rest_route=\/wp\/v2\/pages\/3271","targetHints":{"allow":["GET"]}}],"collection":[{"href":"https:\/\/studieteknik.regionkronoberg.se\/index.php?rest_route=\/wp\/v2\/pages"}],"about":[{"href":"https:\/\/studieteknik.regionkronoberg.se\/index.php?rest_route=\/wp\/v2\/types\/page"}],"author":[{"embeddable":true,"href":"https:\/\/studieteknik.regionkronoberg.se\/index.php?rest_route=\/wp\/v2\/users\/2"}],"replies":[{"embeddable":true,"href":"https:\/\/studieteknik.regionkronoberg.se\/index.php?rest_route=%2Fwp%2Fv2%2Fcomments&post=3271"}],"version-history":[{"count":40,"href":"https:\/\/studieteknik.regionkronoberg.se\/index.php?rest_route=\/wp\/v2\/pages\/3271\/revisions"}],"predecessor-version":[{"id":4518,"href":"https:\/\/studieteknik.regionkronoberg.se\/index.php?rest_route=\/wp\/v2\/pages\/3271\/revisions\/4518"}],"wp:attachment":[{"href":"https:\/\/studieteknik.regionkronoberg.se\/index.php?rest_route=%2Fwp%2Fv2%2Fmedia&parent=3271"}],"wp:term":[{"taxonomy":"folder","embeddable":true,"href":"https:\/\/studieteknik.regionkronoberg.se\/index.php?rest_route=%2Fwp%2Fv2%2Ffolder&post=3271"}],"curies":[{"name":"wp","href":"https:\/\/api.w.org\/{rel}","templated":true}]}}