{"id":3292,"date":"2025-06-09T11:24:55","date_gmt":"2025-06-09T11:24:55","guid":{"rendered":"https:\/\/smart-forest-5135.standoutwp.com\/?page_id=3292"},"modified":"2026-01-07T09:53:54","modified_gmt":"2026-01-07T09:53:54","slug":"organisera-teori-4","status":"publish","type":"page","link":"https:\/\/studieteknik.regionkronoberg.se\/?page_id=3292","title":{"rendered":"Organisera webbl\u00e4saren"},"content":{"rendered":"\t\t<div data-elementor-type=\"wp-page\" data-elementor-id=\"3292\" class=\"elementor elementor-3292\" data-elementor-post-type=\"page\">\n\t\t\t\t<div class=\"elementor-element elementor-element-1a91294c e-flex e-con-boxed e-con e-parent\" data-id=\"1a91294c\" data-element_type=\"container\" data-e-type=\"container\" data-settings=\"{&quot;background_background&quot;:&quot;classic&quot;}\">\n\t\t\t\t\t<div class=\"e-con-inner\">\n\t\t<div class=\"elementor-element elementor-element-20893b02 e-con-full e-flex e-con e-child\" data-id=\"20893b02\" data-element_type=\"container\" data-e-type=\"container\">\n\t\t\t\t<div class=\"elementor-element elementor-element-49b4a192 elementor-view-default elementor-widget elementor-widget-icon\" data-id=\"49b4a192\" data-element_type=\"widget\" data-e-type=\"widget\" data-widget_type=\"icon.default\">\n\t\t\t\t<div class=\"elementor-widget-container\">\n\t\t\t\t\t\t\t<div class=\"elementor-icon-wrapper\">\n\t\t\t<div class=\"elementor-icon\">\n\t\t\t<svg aria-hidden=\"true\" class=\"e-font-icon-svg e-fas-folder-open\" viewBox=\"0 0 576 512\" xmlns=\"http:\/\/www.w3.org\/2000\/svg\"><path d=\"M572.694 292.093L500.27 416.248A63.997 63.997 0 0 1 444.989 448H45.025c-18.523 0-30.064-20.093-20.731-36.093l72.424-124.155A64 64 0 0 1 152 256h399.964c18.523 0 30.064 20.093 20.73 36.093zM152 224h328v-48c0-26.51-21.49-48-48-48H272l-64-64H48C21.49 64 0 85.49 0 112v278.046l69.077-118.418C86.214 242.25 117.989 224 152 224z\"><\/path><\/svg>\t\t\t<\/div>\n\t\t<\/div>\n\t\t\t\t\t\t<\/div>\n\t\t\t\t<\/div>\n\t\t\t\t<div class=\"elementor-element elementor-element-31ac65e9 elementor-widget elementor-widget-heading\" data-id=\"31ac65e9\" data-element_type=\"widget\" data-e-type=\"widget\" data-widget_type=\"heading.default\">\n\t\t\t\t<div class=\"elementor-widget-container\">\n\t\t\t\t\t<h1 class=\"elementor-heading-title elementor-size-default\">Organisera<\/h1>\t\t\t\t<\/div>\n\t\t\t\t<\/div>\n\t\t\t\t<\/div>\n\t\t\t\t\t<\/div>\n\t\t\t\t<\/div>\n\t\t<div class=\"elementor-element elementor-element-2d94921e e-flex e-con-boxed e-con e-parent\" data-id=\"2d94921e\" data-element_type=\"container\" data-e-type=\"container\" id=\"main-dynamic-container\">\n\t\t\t\t\t<div class=\"e-con-inner\">\n\t\t<div class=\"elementor-element elementor-element-4aff3ff0 e-con-full e-flex e-con e-child\" data-id=\"4aff3ff0\" data-element_type=\"container\" data-e-type=\"container\" data-settings=\"{&quot;background_background&quot;:&quot;classic&quot;}\">\n\t\t\t\t<div class=\"elementor-element elementor-element-211f1560 elementor-nav-menu__text-align-aside elementor-widget elementor-widget-nav-menu\" data-id=\"211f1560\" data-element_type=\"widget\" data-e-type=\"widget\" id=\"side-menu-focus\" data-settings=\"{&quot;layout&quot;:&quot;dropdown&quot;,&quot;submenu_icon&quot;:{&quot;value&quot;:&quot;&lt;svg aria-hidden=\\&quot;true\\&quot; class=\\&quot;e-font-icon-svg e-fas-caret-down\\&quot; viewBox=\\&quot;0 0 320 512\\&quot; xmlns=\\&quot;http:\\\/\\\/www.w3.org\\\/2000\\\/svg\\&quot;&gt;&lt;path d=\\&quot;M31.3 192h257.3c17.8 0 26.7 21.5 14.1 34.1L174.1 354.8c-7.8 7.8-20.5 7.8-28.3 0L17.2 226.1C4.6 213.5 13.5 192 31.3 192z\\&quot;&gt;&lt;\\\/path&gt;&lt;\\\/svg&gt;&quot;,&quot;library&quot;:&quot;fa-solid&quot;}}\" data-widget_type=\"nav-menu.default\">\n\t\t\t\t<div class=\"elementor-widget-container\">\n\t\t\t\t\t\t\t\t<nav class=\"elementor-nav-menu--dropdown elementor-nav-menu__container\" aria-hidden=\"true\">\n\t\t\t\t<ul id=\"menu-2-211f1560\" class=\"elementor-nav-menu\"><li class=\"menu-item menu-item-type-post_type menu-item-object-page menu-item-3277\"><a href=\"https:\/\/studieteknik.regionkronoberg.se\/?page_id=3268\" class=\"elementor-item\" tabindex=\"-1\">Om Organisera<\/a><\/li>\n<li class=\"menu-item menu-item-type-post_type menu-item-object-page menu-item-3284\"><a href=\"https:\/\/studieteknik.regionkronoberg.se\/?page_id=3271\" class=\"elementor-item\" tabindex=\"-1\">Organisera mappar och dokument<\/a><\/li>\n<li class=\"menu-item menu-item-type-post_type menu-item-object-page menu-item-3298\"><a href=\"https:\/\/studieteknik.regionkronoberg.se\/?page_id=3285\" class=\"elementor-item\" tabindex=\"-1\">Organisera skrivbord<\/a><\/li>\n<li class=\"menu-item menu-item-type-post_type menu-item-object-page menu-item-3305\"><a href=\"https:\/\/studieteknik.regionkronoberg.se\/?page_id=3292\" class=\"elementor-item\" tabindex=\"-1\">Organisera webbl\u00e4saren<\/a><\/li>\n<li class=\"menu-item menu-item-type-post_type menu-item-object-page menu-item-3317\"><a href=\"https:\/\/studieteknik.regionkronoberg.se\/?page_id=3306\" class=\"elementor-item\" tabindex=\"-1\">Kortkommandon<\/a><\/li>\n<li class=\"menu-item menu-item-type-post_type menu-item-object-page menu-item-3329\"><a href=\"https:\/\/studieteknik.regionkronoberg.se\/?page_id=3313\" class=\"elementor-item\" tabindex=\"-1\">Presentationer &#038; manualer<\/a><\/li>\n<li class=\"menu-item menu-item-type-post_type menu-item-object-page menu-item-3340\"><a href=\"https:\/\/studieteknik.regionkronoberg.se\/?page_id=3330\" class=\"elementor-item\" tabindex=\"-1\">Escape Room<\/a><\/li>\n<\/ul>\t\t\t<\/nav>\n\t\t\t\t\t\t<\/div>\n\t\t\t\t<\/div>\n\t\t\t\t<\/div>\n\t\t<div class=\"elementor-element elementor-element-7cfcdb4c e-con-full main-dynamic-container e-flex e-con e-child\" data-id=\"7cfcdb4c\" data-element_type=\"container\" data-e-type=\"container\" id=\"main-dynamic-container\">\n\t\t<div class=\"elementor-element elementor-element-6ccc535a e-con-full dynamic-content e-flex e-con e-child\" data-id=\"6ccc535a\" data-element_type=\"container\" data-e-type=\"container\" id=\"theory-content4\">\n\t\t<div class=\"elementor-element elementor-element-318fdd5 e-con-full e-flex e-con e-child\" data-id=\"318fdd5\" data-element_type=\"container\" data-e-type=\"container\" data-settings=\"{&quot;background_background&quot;:&quot;classic&quot;}\">\n\t\t<div class=\"elementor-element elementor-element-770dd118 e-con-full e-flex e-con e-child\" data-id=\"770dd118\" data-element_type=\"container\" data-e-type=\"container\">\n\t\t\t\t<div class=\"elementor-element elementor-element-72e5c4d3 elementor-widget elementor-widget-heading\" data-id=\"72e5c4d3\" data-element_type=\"widget\" data-e-type=\"widget\" data-widget_type=\"heading.default\">\n\t\t\t\t<div class=\"elementor-widget-container\">\n\t\t\t\t\t<h2 class=\"elementor-heading-title elementor-size-default\">Organisera webbl\u00e4saren<\/h2>\t\t\t\t<\/div>\n\t\t\t\t<\/div>\n\t\t\t\t<div class=\"elementor-element elementor-element-bbbf417 elementor-widget__width-initial elementor-widget elementor-widget-text-editor\" data-id=\"bbbf417\" data-element_type=\"widget\" data-e-type=\"widget\" data-widget_type=\"text-editor.default\">\n\t\t\t\t<div class=\"elementor-widget-container\">\n\t\t\t\t\t\t\t\t\t<p><span style=\"font-weight: 400;\">Med bokm\u00e4rken eller favoriter sparar eleverna snabbt viktiga sidor, med flikgrupper kan de h\u00e5lla ordning. Tillsammans ger funktionerna mer struktur som sparar tid, minskar r\u00f6ran och g\u00f6r det l\u00e4ttare f\u00f6r eleverna att fokusera p\u00e5 skolarbetet.<\/span><\/p>\t\t\t\t\t\t\t\t<\/div>\n\t\t\t\t<\/div>\n\t\t\t\t<\/div>\n\t\t\t\t<\/div>\n\t\t<div class=\"elementor-element elementor-element-3c3750b2 e-con-full e-flex e-con e-child\" data-id=\"3c3750b2\" data-element_type=\"container\" data-e-type=\"container\">\n\t\t<div class=\"elementor-element elementor-element-4bde42c9 e-con-full e-flex e-con e-child\" data-id=\"4bde42c9\" data-element_type=\"container\" data-e-type=\"container\" data-settings=\"{&quot;background_background&quot;:&quot;classic&quot;}\">\n\t\t<div class=\"elementor-element elementor-element-237b1779 e-con-full e-flex e-con e-child\" data-id=\"237b1779\" data-element_type=\"container\" data-e-type=\"container\">\n\t\t\t\t<div class=\"elementor-element elementor-element-2f94c7cd elementor-widget elementor-widget-heading\" data-id=\"2f94c7cd\" data-element_type=\"widget\" data-e-type=\"widget\" data-widget_type=\"heading.default\">\n\t\t\t\t<div class=\"elementor-widget-container\">\n\t\t\t\t\t<h3 class=\"elementor-heading-title elementor-size-default\">Chrome<\/h3>\t\t\t\t<\/div>\n\t\t\t\t<\/div>\n\t\t\t\t<div class=\"elementor-element elementor-element-507d468b elementor-widget elementor-widget-text-editor\" data-id=\"507d468b\" data-element_type=\"widget\" data-e-type=\"widget\" data-widget_type=\"text-editor.default\">\n\t\t\t\t<div class=\"elementor-widget-container\">\n\t\t\t\t\t\t\t\t\t<ul><li aria-level=\"1\"><p><b>Bokm\u00e4rken<br \/><\/b><span style=\"font-weight: 400;\">Bokm\u00e4rken g\u00f6r att elever snabbt kan spara viktiga webbsidor, som klassens l\u00e4rplattform, digitala l\u00e4romedel eller k\u00e4llor de anv\u00e4nder ofta. Det sparar tid och g\u00f6r att de slipper leta varje g\u00e5ng. Bokm\u00e4rken kan samlas i mappar.<\/span><\/p><\/li><li aria-level=\"1\"><p><b>Flikgrupper<br \/><\/b><span style=\"font-weight: 400;\">Flikgrupper g\u00f6r det m\u00f6jligt att samla flera \u00f6ppna flikar under en rubrik och f\u00e4rg. Elever kan till exempel gruppera alla flikar som h\u00f6r till en skrivuppgift: <\/span><i><span style=\"font-weight: 400;\">Instruktion<\/span><\/i><span style=\"font-weight: 400;\">, <\/span><i><span style=\"font-weight: 400;\">K\u00e4llor<\/span><\/i><span style=\"font-weight: 400;\">, <\/span><i><span style=\"font-weight: 400;\">Dokument<\/span><\/i><span style=\"font-weight: 400;\">. Det minskar r\u00f6ran och g\u00f6r det l\u00e4ttare att v\u00e4xla mellan uppgifter.<\/span><\/p><\/li><\/ul>\t\t\t\t\t\t\t\t<\/div>\n\t\t\t\t<\/div>\n\t\t\t\t<div class=\"elementor-element elementor-element-7fd1aa8e elementor-widget elementor-widget-heading\" data-id=\"7fd1aa8e\" data-element_type=\"widget\" data-e-type=\"widget\" data-widget_type=\"heading.default\">\n\t\t\t\t<div class=\"elementor-widget-container\">\n\t\t\t\t\t<h3 class=\"elementor-heading-title elementor-size-default\">Edge<\/h3>\t\t\t\t<\/div>\n\t\t\t\t<\/div>\n\t\t\t\t<div class=\"elementor-element elementor-element-3dbb14af elementor-widget elementor-widget-text-editor\" data-id=\"3dbb14af\" data-element_type=\"widget\" data-e-type=\"widget\" data-widget_type=\"text-editor.default\">\n\t\t\t\t<div class=\"elementor-widget-container\">\n\t\t\t\t\t\t\t\t\t<ul><li aria-level=\"1\"><p><b>Favoriter<br \/><\/b><span style=\"font-weight: 400;\">I Microsoft Edge kan elever spara viktiga webbsidor som Favoriter. Det g\u00f6r att de snabbt hittar tillbaka till exempelvis l\u00e4rplattformen, digitala l\u00e4romedel eller k\u00e4llor de anv\u00e4nder ofta i skolarbetet. Favoriter kan samlas i mappar<\/span><\/p><\/li><li aria-level=\"1\"><p><b>Flikgrupper<br \/><\/b><span style=\"font-weight: 400;\">Med flikgrupper kan elever samla flera \u00f6ppna flikar under ett namn och en f\u00e4rg. Det g\u00f6r webbl\u00e4saren mer \u00f6versk\u00e5dlig och hj\u00e4lper eleverna att h\u00e5lla ordning p\u00e5 vad som h\u00f6r till skolarbetet och vad som \u00e4r privat.<\/span><span style=\"font-weight: 400;\"><br \/><b><\/b><\/span><\/p><\/li><li aria-level=\"1\"><p><span style=\"font-weight: 400;\"><b>Samlingar<br \/><\/b>I Microsoft Edge kan elever anv\u00e4nda <i>Samlingar<\/i> f\u00f6r att spara texter, bilder och l\u00e4nkar fr\u00e5n olika webbsidor. Det fungerar som en digital klippbok d\u00e4r allt om ett tema samlas p\u00e5 ett st\u00e4lle.<\/span><\/p><\/li><\/ul>\t\t\t\t\t\t\t\t<\/div>\n\t\t\t\t<\/div>\n\t\t\t\t<\/div>\n\t\t<div class=\"elementor-element elementor-element-6ceb87f7 e-con-full e-flex e-con e-child\" data-id=\"6ceb87f7\" data-element_type=\"container\" data-e-type=\"container\">\n\t\t\t\t<div class=\"elementor-element elementor-element-82cfeb4 elementor-widget elementor-widget-image\" data-id=\"82cfeb4\" data-element_type=\"widget\" data-e-type=\"widget\" data-widget_type=\"image.default\">\n\t\t\t\t<div class=\"elementor-widget-container\">\n\t\t\t\t\t\t\t\t\t\t\t\t\t\t\t<img fetchpriority=\"high\" decoding=\"async\" width=\"300\" height=\"300\" src=\"https:\/\/studieteknik.regionkronoberg.se\/wp-content\/uploads\/2024\/12\/browser-red-300x300.png\" class=\"attachment-medium size-medium wp-image-1450\" alt=\"illustration av en r\u00f6d webbl\u00e4sare\" srcset=\"https:\/\/studieteknik.regionkronoberg.se\/wp-content\/uploads\/2024\/12\/browser-red-300x300.png 300w, https:\/\/studieteknik.regionkronoberg.se\/wp-content\/uploads\/2024\/12\/browser-red-150x150.png 150w, https:\/\/studieteknik.regionkronoberg.se\/wp-content\/uploads\/2024\/12\/browser-red.png 625w\" sizes=\"(max-width: 300px) 100vw, 300px\" \/>\t\t\t\t\t\t\t\t\t\t\t\t\t\t\t<\/div>\n\t\t\t\t<\/div>\n\t\t\t\t<\/div>\n\t\t\t\t<\/div>\n\t\t\t\t<\/div>\n\t\t\t\t<\/div>\n\t\t\t\t<\/div>\n\t\t\t\t\t<\/div>\n\t\t\t\t<\/div>\n\t\t<div class=\"elementor-element elementor-element-52750b1 e-grid e-con-boxed e-con e-parent\" data-id=\"52750b1\" data-element_type=\"container\" data-e-type=\"container\">\n\t\t\t\t\t<div class=\"e-con-inner\">\n\t\t\t\t<div class=\"elementor-element elementor-element-4ea9c2ca elementor-widget elementor-widget-button\" data-id=\"4ea9c2ca\" data-element_type=\"widget\" data-e-type=\"widget\" data-widget_type=\"button.default\">\n\t\t\t\t<div class=\"elementor-widget-container\">\n\t\t\t\t\t\t\t\t\t<div class=\"elementor-button-wrapper\">\n\t\t\t\t\t<a class=\"elementor-button elementor-button-link elementor-size-sm\" href=\"https:\/\/studieteknik.regionkronoberg.se\/\/?page_id=3285\">\n\t\t\t\t\t\t<span class=\"elementor-button-content-wrapper\">\n\t\t\t\t\t\t<span class=\"elementor-button-icon\">\n\t\t\t\t<svg aria-hidden=\"true\" class=\"e-font-icon-svg e-fas-chevron-left\" viewBox=\"0 0 320 512\" xmlns=\"http:\/\/www.w3.org\/2000\/svg\"><path d=\"M34.52 239.03L228.87 44.69c9.37-9.37 24.57-9.37 33.94 0l22.67 22.67c9.36 9.36 9.37 24.52.04 33.9L131.49 256l154.02 154.75c9.34 9.38 9.32 24.54-.04 33.9l-22.67 22.67c-9.37 9.37-24.57 9.37-33.94 0L34.52 272.97c-9.37-9.37-9.37-24.57 0-33.94z\"><\/path><\/svg>\t\t\t<\/span>\n\t\t\t\t\t\t\t\t\t<span class=\"elementor-button-text\">Organisera skrivbord<\/span>\n\t\t\t\t\t<\/span>\n\t\t\t\t\t<\/a>\n\t\t\t\t<\/div>\n\t\t\t\t\t\t\t\t<\/div>\n\t\t\t\t<\/div>\n\t\t\t\t<div class=\"elementor-element elementor-element-66911b99 elementor-widget elementor-widget-button\" data-id=\"66911b99\" data-element_type=\"widget\" data-e-type=\"widget\" data-widget_type=\"button.default\">\n\t\t\t\t<div class=\"elementor-widget-container\">\n\t\t\t\t\t\t\t\t\t<div class=\"elementor-button-wrapper\">\n\t\t\t\t\t<a class=\"elementor-button elementor-button-link elementor-size-sm\" href=\"https:\/\/studieteknik.regionkronoberg.se\/\/?page_id=3306\">\n\t\t\t\t\t\t<span class=\"elementor-button-content-wrapper\">\n\t\t\t\t\t\t<span class=\"elementor-button-icon\">\n\t\t\t\t<svg aria-hidden=\"true\" class=\"e-font-icon-svg e-fas-chevron-right\" viewBox=\"0 0 320 512\" xmlns=\"http:\/\/www.w3.org\/2000\/svg\"><path d=\"M285.476 272.971L91.132 467.314c-9.373 9.373-24.569 9.373-33.941 0l-22.667-22.667c-9.357-9.357-9.375-24.522-.04-33.901L188.505 256 34.484 101.255c-9.335-9.379-9.317-24.544.04-33.901l22.667-22.667c9.373-9.373 24.569-9.373 33.941 0L285.475 239.03c9.373 9.372 9.373 24.568.001 33.941z\"><\/path><\/svg>\t\t\t<\/span>\n\t\t\t\t\t\t\t\t\t<span class=\"elementor-button-text\">Kortkommandon<\/span>\n\t\t\t\t\t<\/span>\n\t\t\t\t\t<\/a>\n\t\t\t\t<\/div>\n\t\t\t\t\t\t\t\t<\/div>\n\t\t\t\t<\/div>\n\t\t\t\t\t<\/div>\n\t\t\t\t<\/div>\n\t\t\t\t<\/div>\n\t\t","protected":false},"excerpt":{"rendered":"<p>Organisera Organisera webbl\u00e4saren Med bokm\u00e4rken eller favoriter sparar eleverna snabbt viktiga sidor, med flikgrupper kan de h\u00e5lla ordning. Tillsammans ger funktionerna mer struktur som sparar tid, minskar r\u00f6ran och g\u00f6r det l\u00e4ttare f\u00f6r eleverna att fokusera p\u00e5 skolarbetet. Chrome Bokm\u00e4rkenBokm\u00e4rken g\u00f6r att elever snabbt kan spara viktiga webbsidor, som klassens l\u00e4rplattform, digitala l\u00e4romedel eller k\u00e4llor [&hellip;]<\/p>\n","protected":false},"author":2,"featured_media":0,"parent":0,"menu_order":0,"comment_status":"closed","ping_status":"closed","template":"","meta":{"footnotes":""},"folder":[51],"class_list":["post-3292","page","type-page","status-publish","hentry"],"_links":{"self":[{"href":"https:\/\/studieteknik.regionkronoberg.se\/index.php?rest_route=\/wp\/v2\/pages\/3292","targetHints":{"allow":["GET"]}}],"collection":[{"href":"https:\/\/studieteknik.regionkronoberg.se\/index.php?rest_route=\/wp\/v2\/pages"}],"about":[{"href":"https:\/\/studieteknik.regionkronoberg.se\/index.php?rest_route=\/wp\/v2\/types\/page"}],"author":[{"embeddable":true,"href":"https:\/\/studieteknik.regionkronoberg.se\/index.php?rest_route=\/wp\/v2\/users\/2"}],"replies":[{"embeddable":true,"href":"https:\/\/studieteknik.regionkronoberg.se\/index.php?rest_route=%2Fwp%2Fv2%2Fcomments&post=3292"}],"version-history":[{"count":31,"href":"https:\/\/studieteknik.regionkronoberg.se\/index.php?rest_route=\/wp\/v2\/pages\/3292\/revisions"}],"predecessor-version":[{"id":4524,"href":"https:\/\/studieteknik.regionkronoberg.se\/index.php?rest_route=\/wp\/v2\/pages\/3292\/revisions\/4524"}],"wp:attachment":[{"href":"https:\/\/studieteknik.regionkronoberg.se\/index.php?rest_route=%2Fwp%2Fv2%2Fmedia&parent=3292"}],"wp:term":[{"taxonomy":"folder","embeddable":true,"href":"https:\/\/studieteknik.regionkronoberg.se\/index.php?rest_route=%2Fwp%2Fv2%2Ffolder&post=3292"}],"curies":[{"name":"wp","href":"https:\/\/api.w.org\/{rel}","templated":true}]}}