{"id":3330,"date":"2025-06-09T11:33:07","date_gmt":"2025-06-09T11:33:07","guid":{"rendered":"https:\/\/smart-forest-5135.standoutwp.com\/?page_id=3330"},"modified":"2026-01-07T09:57:49","modified_gmt":"2026-01-07T09:57:49","slug":"organisera-escape-room","status":"publish","type":"page","link":"https:\/\/studieteknik.regionkronoberg.se\/?page_id=3330","title":{"rendered":"Escape Room"},"content":{"rendered":"\t\t<div data-elementor-type=\"wp-page\" data-elementor-id=\"3330\" class=\"elementor elementor-3330\" data-elementor-post-type=\"page\">\n\t\t\t\t<div class=\"elementor-element elementor-element-13564c22 e-flex e-con-boxed e-con e-parent\" data-id=\"13564c22\" data-element_type=\"container\" data-e-type=\"container\" data-settings=\"{&quot;background_background&quot;:&quot;classic&quot;}\">\n\t\t\t\t\t<div class=\"e-con-inner\">\n\t\t<div class=\"elementor-element elementor-element-4d506320 e-con-full e-flex e-con e-child\" data-id=\"4d506320\" data-element_type=\"container\" data-e-type=\"container\">\n\t\t\t\t<div class=\"elementor-element elementor-element-3ed2d7a3 elementor-view-default elementor-widget elementor-widget-icon\" data-id=\"3ed2d7a3\" data-element_type=\"widget\" data-e-type=\"widget\" data-widget_type=\"icon.default\">\n\t\t\t\t<div class=\"elementor-widget-container\">\n\t\t\t\t\t\t\t<div class=\"elementor-icon-wrapper\">\n\t\t\t<div class=\"elementor-icon\">\n\t\t\t<svg aria-hidden=\"true\" class=\"e-font-icon-svg e-fas-folder-open\" viewBox=\"0 0 576 512\" xmlns=\"http:\/\/www.w3.org\/2000\/svg\"><path d=\"M572.694 292.093L500.27 416.248A63.997 63.997 0 0 1 444.989 448H45.025c-18.523 0-30.064-20.093-20.731-36.093l72.424-124.155A64 64 0 0 1 152 256h399.964c18.523 0 30.064 20.093 20.73 36.093zM152 224h328v-48c0-26.51-21.49-48-48-48H272l-64-64H48C21.49 64 0 85.49 0 112v278.046l69.077-118.418C86.214 242.25 117.989 224 152 224z\"><\/path><\/svg>\t\t\t<\/div>\n\t\t<\/div>\n\t\t\t\t\t\t<\/div>\n\t\t\t\t<\/div>\n\t\t\t\t<div class=\"elementor-element elementor-element-6ef123bd elementor-widget elementor-widget-heading\" data-id=\"6ef123bd\" data-element_type=\"widget\" data-e-type=\"widget\" data-widget_type=\"heading.default\">\n\t\t\t\t<div class=\"elementor-widget-container\">\n\t\t\t\t\t<h1 class=\"elementor-heading-title elementor-size-default\">Organisera<\/h1>\t\t\t\t<\/div>\n\t\t\t\t<\/div>\n\t\t\t\t<\/div>\n\t\t\t\t\t<\/div>\n\t\t\t\t<\/div>\n\t\t<div class=\"elementor-element elementor-element-621cb97 e-flex e-con-boxed e-con e-parent\" data-id=\"621cb97\" data-element_type=\"container\" data-e-type=\"container\" id=\"main-dynamic-container\">\n\t\t\t\t\t<div class=\"e-con-inner\">\n\t\t<div class=\"elementor-element elementor-element-77a96ab7 e-con-full e-flex e-con e-child\" data-id=\"77a96ab7\" data-element_type=\"container\" data-e-type=\"container\" data-settings=\"{&quot;background_background&quot;:&quot;classic&quot;}\">\n\t\t\t\t<div class=\"elementor-element elementor-element-74f5f68c elementor-nav-menu__text-align-aside elementor-widget elementor-widget-nav-menu\" data-id=\"74f5f68c\" data-element_type=\"widget\" data-e-type=\"widget\" id=\"side-menu-focus\" data-settings=\"{&quot;layout&quot;:&quot;dropdown&quot;,&quot;submenu_icon&quot;:{&quot;value&quot;:&quot;&lt;svg aria-hidden=\\&quot;true\\&quot; class=\\&quot;e-font-icon-svg e-fas-caret-down\\&quot; viewBox=\\&quot;0 0 320 512\\&quot; xmlns=\\&quot;http:\\\/\\\/www.w3.org\\\/2000\\\/svg\\&quot;&gt;&lt;path d=\\&quot;M31.3 192h257.3c17.8 0 26.7 21.5 14.1 34.1L174.1 354.8c-7.8 7.8-20.5 7.8-28.3 0L17.2 226.1C4.6 213.5 13.5 192 31.3 192z\\&quot;&gt;&lt;\\\/path&gt;&lt;\\\/svg&gt;&quot;,&quot;library&quot;:&quot;fa-solid&quot;}}\" data-widget_type=\"nav-menu.default\">\n\t\t\t\t<div class=\"elementor-widget-container\">\n\t\t\t\t\t\t\t\t<nav class=\"elementor-nav-menu--dropdown elementor-nav-menu__container\" aria-hidden=\"true\">\n\t\t\t\t<ul id=\"menu-2-74f5f68c\" class=\"elementor-nav-menu\"><li class=\"menu-item menu-item-type-post_type menu-item-object-page menu-item-3277\"><a href=\"https:\/\/studieteknik.regionkronoberg.se\/?page_id=3268\" class=\"elementor-item\" tabindex=\"-1\">Om Organisera<\/a><\/li>\n<li class=\"menu-item menu-item-type-post_type menu-item-object-page menu-item-3284\"><a href=\"https:\/\/studieteknik.regionkronoberg.se\/?page_id=3271\" class=\"elementor-item\" tabindex=\"-1\">Organisera mappar och dokument<\/a><\/li>\n<li class=\"menu-item menu-item-type-post_type menu-item-object-page menu-item-3298\"><a href=\"https:\/\/studieteknik.regionkronoberg.se\/?page_id=3285\" class=\"elementor-item\" tabindex=\"-1\">Organisera skrivbord<\/a><\/li>\n<li class=\"menu-item menu-item-type-post_type menu-item-object-page menu-item-3305\"><a href=\"https:\/\/studieteknik.regionkronoberg.se\/?page_id=3292\" class=\"elementor-item\" tabindex=\"-1\">Organisera webbl\u00e4saren<\/a><\/li>\n<li class=\"menu-item menu-item-type-post_type menu-item-object-page menu-item-3317\"><a href=\"https:\/\/studieteknik.regionkronoberg.se\/?page_id=3306\" class=\"elementor-item\" tabindex=\"-1\">Kortkommandon<\/a><\/li>\n<li class=\"menu-item menu-item-type-post_type menu-item-object-page menu-item-3329\"><a href=\"https:\/\/studieteknik.regionkronoberg.se\/?page_id=3313\" class=\"elementor-item\" tabindex=\"-1\">Presentationer &#038; manualer<\/a><\/li>\n<li class=\"menu-item menu-item-type-post_type menu-item-object-page menu-item-3340\"><a href=\"https:\/\/studieteknik.regionkronoberg.se\/?page_id=3330\" class=\"elementor-item\" tabindex=\"-1\">Escape Room<\/a><\/li>\n<\/ul>\t\t\t<\/nav>\n\t\t\t\t\t\t<\/div>\n\t\t\t\t<\/div>\n\t\t\t\t<\/div>\n\t\t<div class=\"elementor-element elementor-element-28d8c6ab e-con-full main-dynamic-container e-flex e-con e-child\" data-id=\"28d8c6ab\" data-element_type=\"container\" data-e-type=\"container\" id=\"main-dynamic-container\">\n\t\t<div class=\"elementor-element elementor-element-226d39ba e-con-full dynamic-content e-flex e-con e-child\" data-id=\"226d39ba\" data-element_type=\"container\" data-e-type=\"container\" id=\"escaperoom-content\">\n\t\t\t\t<div class=\"elementor-element elementor-element-17e66fad elementor-widget elementor-widget-heading\" data-id=\"17e66fad\" data-element_type=\"widget\" data-e-type=\"widget\" data-widget_type=\"heading.default\">\n\t\t\t\t<div class=\"elementor-widget-container\">\n\t\t\t\t\t<h2 class=\"elementor-heading-title elementor-size-default\">Escape Room<\/h2>\t\t\t\t<\/div>\n\t\t\t\t<\/div>\n\t\t<div class=\"elementor-element elementor-element-51b431b2 e-con-full e-flex e-con e-child\" data-id=\"51b431b2\" data-element_type=\"container\" data-e-type=\"container\" data-settings=\"{&quot;background_background&quot;:&quot;classic&quot;}\">\n\t\t<div class=\"elementor-element elementor-element-7c105ad5 e-con-full e-flex e-con e-child\" data-id=\"7c105ad5\" data-element_type=\"container\" data-e-type=\"container\" data-settings=\"{&quot;background_background&quot;:&quot;classic&quot;}\">\n\t\t\t\t<div class=\"elementor-element elementor-element-5be26acf elementor-widget elementor-widget-text-editor\" data-id=\"5be26acf\" data-element_type=\"widget\" data-e-type=\"widget\" data-widget_type=\"text-editor.default\">\n\t\t\t\t<div class=\"elementor-widget-container\">\n\t\t\t\t\t\t\t\t\t<div class=\"elementor-element elementor-element-69906050 elementor-widget elementor-widget-text-editor\" data-id=\"69906050\" data-element_type=\"widget\" data-widget_type=\"text-editor.default\"><div class=\"elementor-widget-container\"><p>Som komplement till avsnittet om Organisera kan ni testa era kunskaper i det digitala escape roomet.\u00a0<\/p><p>Escape roomet hittar ni i l\u00e4nslicensen\u00a0<a href=\"https:\/\/www.escaply.com\/\" rel=\"noopener\">Escaply<\/a><\/p><ol><li>Du som l\u00e4rare loggar in i\u00a0<strong>Escaply<\/strong>\u00a0(os\u00e4ker p\u00e5 hur du loggar in l\u00e4s h\u00e4r:\u00a0<a href=\"https:\/\/avmedia.kronoberg.se\/resurser\/escaply\/\" rel=\"noopener\">https:\/\/avmedia.kronoberg.se\/resurser\/escaply\/<\/a>\u00a0)<\/li><li>Leta upp det\u00a0<strong>delade spelet<\/strong>\u00a0\u201d<strong>Studieteknik \u2013 R\u00e4dda skolportalen<\/strong>\u201d i mappen AV-Media Kronoberg<\/li><li>Klicka p\u00e5\u00a0<strong>Spela<\/strong><\/li><li>V\u00e4lj hur du vill dela spelet med eleverna<\/li><li>Klicka p\u00e5\u00a0<strong>Starta<\/strong><\/li><\/ol><\/div><\/div><div class=\"elementor-element elementor-element-f4a2148 e-con-full e-flex e-con e-child\" data-id=\"f4a2148\" data-element_type=\"container\"><div class=\"elementor-element elementor-element-ceddd65 elementor-widget elementor-widget-text-editor\" data-id=\"ceddd65\" data-element_type=\"widget\" data-widget_type=\"text-editor.default\">\u00a0<\/div><\/div>\t\t\t\t\t\t\t\t<\/div>\n\t\t\t\t<\/div>\n\t\t\t\t<\/div>\n\t\t\t\t<\/div>\n\t\t\t\t<\/div>\n\t\t\t\t<\/div>\n\t\t\t\t\t<\/div>\n\t\t\t\t<\/div>\n\t\t<div class=\"elementor-element elementor-element-6cf4408c e-grid e-con-boxed e-con e-parent\" data-id=\"6cf4408c\" data-element_type=\"container\" data-e-type=\"container\">\n\t\t\t\t\t<div class=\"e-con-inner\">\n\t\t\t\t<div class=\"elementor-element elementor-element-17a06450 elementor-widget elementor-widget-button\" data-id=\"17a06450\" data-element_type=\"widget\" data-e-type=\"widget\" data-widget_type=\"button.default\">\n\t\t\t\t<div class=\"elementor-widget-container\">\n\t\t\t\t\t\t\t\t\t<div class=\"elementor-button-wrapper\">\n\t\t\t\t\t<a class=\"elementor-button elementor-button-link elementor-size-sm\" href=\"https:\/\/studieteknik.regionkronoberg.se\/?page_id=3313\">\n\t\t\t\t\t\t<span class=\"elementor-button-content-wrapper\">\n\t\t\t\t\t\t<span class=\"elementor-button-icon\">\n\t\t\t\t<svg aria-hidden=\"true\" class=\"e-font-icon-svg e-fas-chevron-left\" viewBox=\"0 0 320 512\" xmlns=\"http:\/\/www.w3.org\/2000\/svg\"><path d=\"M34.52 239.03L228.87 44.69c9.37-9.37 24.57-9.37 33.94 0l22.67 22.67c9.36 9.36 9.37 24.52.04 33.9L131.49 256l154.02 154.75c9.34 9.38 9.32 24.54-.04 33.9l-22.67 22.67c-9.37 9.37-24.57 9.37-33.94 0L34.52 272.97c-9.37-9.37-9.37-24.57 0-33.94z\"><\/path><\/svg>\t\t\t<\/span>\n\t\t\t\t\t\t\t\t\t<span class=\"elementor-button-text\">Presentationer &amp; manualer<\/span>\n\t\t\t\t\t<\/span>\n\t\t\t\t\t<\/a>\n\t\t\t\t<\/div>\n\t\t\t\t\t\t\t\t<\/div>\n\t\t\t\t<\/div>\n\t\t\t\t\t<\/div>\n\t\t\t\t<\/div>\n\t\t\t\t<\/div>\n\t\t","protected":false},"excerpt":{"rendered":"<p>Organisera Escape Room Som komplement till avsnittet om Organisera kan ni testa era kunskaper i det digitala escape roomet.\u00a0 Escape roomet hittar ni i l\u00e4nslicensen\u00a0Escaply Du som l\u00e4rare loggar in i\u00a0Escaply\u00a0(os\u00e4ker p\u00e5 hur du loggar in l\u00e4s h\u00e4r:\u00a0https:\/\/avmedia.kronoberg.se\/resurser\/escaply\/\u00a0) Leta upp det\u00a0delade spelet\u00a0\u201dStudieteknik \u2013 R\u00e4dda skolportalen\u201d i mappen AV-Media Kronoberg Klicka p\u00e5\u00a0Spela V\u00e4lj hur du vill [&hellip;]<\/p>\n","protected":false},"author":2,"featured_media":0,"parent":0,"menu_order":0,"comment_status":"closed","ping_status":"closed","template":"","meta":{"footnotes":""},"folder":[51],"class_list":["post-3330","page","type-page","status-publish","hentry"],"_links":{"self":[{"href":"https:\/\/studieteknik.regionkronoberg.se\/index.php?rest_route=\/wp\/v2\/pages\/3330","targetHints":{"allow":["GET"]}}],"collection":[{"href":"https:\/\/studieteknik.regionkronoberg.se\/index.php?rest_route=\/wp\/v2\/pages"}],"about":[{"href":"https:\/\/studieteknik.regionkronoberg.se\/index.php?rest_route=\/wp\/v2\/types\/page"}],"author":[{"embeddable":true,"href":"https:\/\/studieteknik.regionkronoberg.se\/index.php?rest_route=\/wp\/v2\/users\/2"}],"replies":[{"embeddable":true,"href":"https:\/\/studieteknik.regionkronoberg.se\/index.php?rest_route=%2Fwp%2Fv2%2Fcomments&post=3330"}],"version-history":[{"count":25,"href":"https:\/\/studieteknik.regionkronoberg.se\/index.php?rest_route=\/wp\/v2\/pages\/3330\/revisions"}],"predecessor-version":[{"id":4536,"href":"https:\/\/studieteknik.regionkronoberg.se\/index.php?rest_route=\/wp\/v2\/pages\/3330\/revisions\/4536"}],"wp:attachment":[{"href":"https:\/\/studieteknik.regionkronoberg.se\/index.php?rest_route=%2Fwp%2Fv2%2Fmedia&parent=3330"}],"wp:term":[{"taxonomy":"folder","embeddable":true,"href":"https:\/\/studieteknik.regionkronoberg.se\/index.php?rest_route=%2Fwp%2Fv2%2Ffolder&post=3330"}],"curies":[{"name":"wp","href":"https:\/\/api.w.org\/{rel}","templated":true}]}}